{"id":7187,"date":"2026-04-13T10:52:22","date_gmt":"2026-04-13T14:52:22","guid":{"rendered":"https:\/\/lacasadelbordador.cl\/?post_type=product&#038;p=7187"},"modified":"2026-04-13T11:12:55","modified_gmt":"2026-04-13T15:12:55","slug":"maquina-de-bordar-y-coser-brother-ns-1850","status":"publish","type":"product","link":"https:\/\/lacasadelbordador.cl\/en\/product\/maquina-de-bordar-y-coser-brother-ns-1850\/","title":{"rendered":"M\u00c1QUINA DE BORDAR Y COSER BROTHER NS 1850"},"content":{"rendered":"<div data-content_placement=\"top\" class=\"section-element\"><div class=\"row\"><div class=\"large-12 nasa-col columns\">\n\t<div class=\"wpb_text_column wpb_content_element\" >\n\t\t<div class=\"wpb_wrapper\">\n\t\t\t<h2>Descripci\u00f3n<\/h2>\n<p><strong>Maquina de Bordar y Coser Brother NS 1850<\/strong><\/p>\n<ul>\n<li>\u00c1rea de bordado 10 x 10 cm.<\/li>\n<li>Incluye WIFI y USB para transferir y crear dise\u00f1os desde nueva App \u00abArtspira\u00bb (compatible con iOS y Android)<\/li>\n<li>Velocidad m\u00e1xima de bordado 400 ppm (puntadas por minuto).<\/li>\n<li>Velocidad m\u00e1xima de costura 850 ppm (puntadas por minuto).<\/li>\n<li>135 dise\u00f1os de bordados<\/li>\n<li>11 fuentes de letras para bordar<\/li>\n<li>181 puntadas de costura incorporada y cada una de ellas con m\u00faltiples funciones.<\/li>\n<li>Incluye un bastidor de 10 x 10 cm.<\/li>\n<li>10 estilos de ojal autom\u00e1tico de 1 paso.<\/li>\n<li>Enhebrador autom\u00e1tico.<\/li>\n<li>Cortador de hilo (superior e inferior).<\/li>\n<li>Amplia iluminaci\u00f3n LED para la zona de trabajo.<\/li>\n<li>Pantalla a color LCD Sistema Touch Screen con selecci\u00f3n computarizada de puntadas (82 x 45 mm).<\/li>\n<li>Lector de formato de matrices PES.<\/li>\n<li>Brazo de bordado ubicado en la parte superior, fuerte y resistente que permite una estabilidad inigualable.<\/li>\n<\/ul>\n\n\t\t<\/div>\n\t<\/div>\n<\/div><\/div><\/div>","protected":false},"excerpt":{"rendered":"Descripci\u00f3n Maquina de Bordar y Coser Brother NS 1850 \u00c1rea de bordado 10 x 10 cm. Incluye WIFI y USB para transferir y crear dise\u00f1os desde nueva App \u00abArtspira\u00bb (compatible con iOS y Android) Velocidad m\u00e1xima de bordado 400 ppm (puntadas por minuto). Velocidad m\u00e1xima de costura 850 ppm (puntadas por minuto). 135 dise\u00f1os de [...]","protected":false},"featured_media":7182,"comment_status":"closed","ping_status":"closed","template":"","meta":[],"product_brand":[],"product_cat":[214,215],"product_tag":[],"class_list":{"0":"post-7187","1":"product","2":"type-product","3":"status-publish","4":"has-post-thumbnail","6":"product_cat-bordadoras-brother","7":"product_cat-maquinas-de-bordar","9":"first","10":"instock","11":"shipping-taxable","12":"purchasable","13":"product-type-simple"},"yoast_head":"\n<title>M\u00c1QUINA DE BORDAR Y COSER BROTHER NS 1850 &#8211; La Casa del Bordador<\/title>\n<meta name=\"robots\" content=\"index, follow, max-snippet:-1, max-image-preview:large, max-video-preview:-1\" \/>\n<link rel=\"canonical\" href=\"https:\/\/lacasadelbordador.cl\/en\/product\/maquina-de-bordar-y-coser-brother-ns-1850\/\" \/>\n<meta property=\"og:locale\" content=\"en\" \/>\n<meta property=\"og:type\" content=\"article\" \/>\n<meta property=\"og:title\" content=\"M\u00c1QUINA DE BORDAR Y COSER BROTHER NS 1850 &amp;#8211; La Casa del Bordador\" \/>\n<meta property=\"og:url\" content=\"https:\/\/lacasadelbordador.cl\/en\/product\/maquina-de-bordar-y-coser-brother-ns-1850\/\" \/>\n<meta property=\"og:site_name\" content=\"La Casa del Bordador\" \/>\n<meta property=\"article:publisher\" content=\"https:\/\/www.facebook.com\/lacasadelbordador1\/\" \/>\n<meta property=\"article:modified_time\" content=\"2026-04-13T15:12:55+00:00\" \/>\n<meta property=\"og:image\" content=\"https:\/\/lacasadelbordador.cl\/wp-content\/uploads\/2026\/04\/NS-1850L-01.webp\" \/>\n\t<meta property=\"og:image:width\" content=\"1080\" \/>\n\t<meta property=\"og:image:height\" content=\"1080\" \/>\n\t<meta property=\"og:image:type\" content=\"image\/webp\" \/>\n<meta name=\"twitter:card\" content=\"summary_large_image\" \/>\n<meta name=\"twitter:label1\" content=\"Est. reading time\" \/>\n\t<meta name=\"twitter:data1\" content=\"1 minute\" \/>\n<script type=\"application\/ld+json\" class=\"yoast-schema-graph\">{\"@context\":\"https:\/\/schema.org\",\"@graph\":[{\"@type\":\"WebPage\",\"@id\":\"https:\/\/lacasadelbordador.cl\/product\/maquina-de-bordar-y-coser-brother-ns-1850\/\",\"url\":\"https:\/\/lacasadelbordador.cl\/product\/maquina-de-bordar-y-coser-brother-ns-1850\/\",\"name\":\"M\u00c1QUINA DE BORDAR Y COSER BROTHER NS 1850 &#8211; La Casa del Bordador\",\"isPartOf\":{\"@id\":\"https:\/\/lacasadelbordador.cl\/#website\"},\"primaryImageOfPage\":{\"@id\":\"https:\/\/lacasadelbordador.cl\/product\/maquina-de-bordar-y-coser-brother-ns-1850\/#primaryimage\"},\"image\":{\"@id\":\"https:\/\/lacasadelbordador.cl\/product\/maquina-de-bordar-y-coser-brother-ns-1850\/#primaryimage\"},\"thumbnailUrl\":\"https:\/\/lacasadelbordador.cl\/wp-content\/uploads\/2026\/04\/NS-1850L-01.webp\",\"datePublished\":\"2026-04-13T14:52:22+00:00\",\"dateModified\":\"2026-04-13T15:12:55+00:00\",\"breadcrumb\":{\"@id\":\"https:\/\/lacasadelbordador.cl\/product\/maquina-de-bordar-y-coser-brother-ns-1850\/#breadcrumb\"},\"inLanguage\":\"en-US\",\"potentialAction\":[{\"@type\":\"ReadAction\",\"target\":[\"https:\/\/lacasadelbordador.cl\/product\/maquina-de-bordar-y-coser-brother-ns-1850\/\"]}]},{\"@type\":\"ImageObject\",\"inLanguage\":\"en-US\",\"@id\":\"https:\/\/lacasadelbordador.cl\/product\/maquina-de-bordar-y-coser-brother-ns-1850\/#primaryimage\",\"url\":\"https:\/\/lacasadelbordador.cl\/wp-content\/uploads\/2026\/04\/NS-1850L-01.webp\",\"contentUrl\":\"https:\/\/lacasadelbordador.cl\/wp-content\/uploads\/2026\/04\/NS-1850L-01.webp\",\"width\":1080,\"height\":1080},{\"@type\":\"BreadcrumbList\",\"@id\":\"https:\/\/lacasadelbordador.cl\/product\/maquina-de-bordar-y-coser-brother-ns-1850\/#breadcrumb\",\"itemListElement\":[{\"@type\":\"ListItem\",\"position\":1,\"name\":\"Portada\",\"item\":\"https:\/\/lacasadelbordador.cl\/\"},{\"@type\":\"ListItem\",\"position\":2,\"name\":\"Tienda\",\"item\":\"https:\/\/lacasadelbordador.cl\/tienda\/\"},{\"@type\":\"ListItem\",\"position\":3,\"name\":\"M\u00c1QUINA DE BORDAR Y COSER BROTHER NS 1850\"}]},{\"@type\":\"WebSite\",\"@id\":\"https:\/\/lacasadelbordador.cl\/#website\",\"url\":\"https:\/\/lacasadelbordador.cl\/\",\"name\":\"La Casa del Bordador\",\"description\":\"En La Casa del Bordador podr\u00e1s encontrar repuestos, servicio tenico y bordadoras industriales. \u00a1Todo lo que necesitas para tus proyectos y dise\u00f1ar moda!\",\"publisher\":{\"@id\":\"https:\/\/lacasadelbordador.cl\/#organization\"},\"alternateName\":\"CDB\",\"potentialAction\":[{\"@type\":\"SearchAction\",\"target\":{\"@type\":\"EntryPoint\",\"urlTemplate\":\"https:\/\/lacasadelbordador.cl\/?s={search_term_string}\"},\"query-input\":{\"@type\":\"PropertyValueSpecification\",\"valueRequired\":true,\"valueName\":\"search_term_string\"}}],\"inLanguage\":\"en-US\"},{\"@type\":\"Organization\",\"@id\":\"https:\/\/lacasadelbordador.cl\/#organization\",\"name\":\"La Casa del Bordador\",\"alternateName\":\"CDB\",\"url\":\"https:\/\/lacasadelbordador.cl\/\",\"logo\":{\"@type\":\"ImageObject\",\"inLanguage\":\"en-US\",\"@id\":\"https:\/\/lacasadelbordador.cl\/#\/schema\/logo\/image\/\",\"url\":\"https:\/\/lacasadelbordador.cl\/wp-content\/uploads\/2024\/08\/logo-lcdb-v.3.jpg\",\"contentUrl\":\"https:\/\/lacasadelbordador.cl\/wp-content\/uploads\/2024\/08\/logo-lcdb-v.3.jpg\",\"width\":1200,\"height\":915,\"caption\":\"La Casa del Bordador\"},\"image\":{\"@id\":\"https:\/\/lacasadelbordador.cl\/#\/schema\/logo\/image\/\"},\"sameAs\":[\"https:\/\/www.facebook.com\/lacasadelbordador1\/\"]}]}<\/script>\n<!-- \/ Yoast SEO plugin. -->","yoast_head_json":{"title":"M\u00c1QUINA DE BORDAR Y COSER BROTHER NS 1850 &#8211; La Casa del Bordador","robots":{"index":"index","follow":"follow","max-snippet":"max-snippet:-1","max-image-preview":"max-image-preview:large","max-video-preview":"max-video-preview:-1"},"canonical":"https:\/\/lacasadelbordador.cl\/en\/product\/maquina-de-bordar-y-coser-brother-ns-1850\/","og_locale":"en_US","og_type":"article","og_title":"M\u00c1QUINA DE BORDAR Y COSER BROTHER NS 1850 &#8211; La Casa del Bordador","og_url":"https:\/\/lacasadelbordador.cl\/en\/product\/maquina-de-bordar-y-coser-brother-ns-1850\/","og_site_name":"La Casa del Bordador","article_publisher":"https:\/\/www.facebook.com\/lacasadelbordador1\/","article_modified_time":"2026-04-13T15:12:55+00:00","og_image":[{"width":1080,"height":1080,"url":"https:\/\/lacasadelbordador.cl\/en\/wp-content\/uploads\/2026\/04\/NS-1850L-01.webp\/","type":"image\/webp"}],"twitter_card":"summary_large_image","twitter_misc":{"Est. reading time":"1 minute"},"schema":{"@context":"https:\/\/schema.org","@graph":[{"@type":"WebPage","@id":"https:\/\/lacasadelbordador.cl\/product\/maquina-de-bordar-y-coser-brother-ns-1850\/","url":"https:\/\/lacasadelbordador.cl\/en\/product\/maquina-de-bordar-y-coser-brother-ns-1850\/","name":"M\u00c1QUINA DE BORDAR Y COSER BROTHER NS 1850 &#8211; La Casa del Bordador","isPartOf":{"@id":"https:\/\/lacasadelbordador.cl\/#website"},"primaryImageOfPage":{"@id":"https:\/\/lacasadelbordador.cl\/product\/maquina-de-bordar-y-coser-brother-ns-1850\/#primaryimage"},"image":{"@id":"https:\/\/lacasadelbordador.cl\/product\/maquina-de-bordar-y-coser-brother-ns-1850\/#primaryimage"},"thumbnailUrl":"https:\/\/lacasadelbordador.cl\/wp-content\/uploads\/2026\/04\/NS-1850L-01.webp","datePublished":"2026-04-13T14:52:22+00:00","dateModified":"2026-04-13T15:12:55+00:00","breadcrumb":{"@id":"https:\/\/lacasadelbordador.cl\/product\/maquina-de-bordar-y-coser-brother-ns-1850\/#breadcrumb"},"inLanguage":"en-US","potentialAction":[{"@type":"ReadAction","target":["https:\/\/lacasadelbordador.cl\/product\/maquina-de-bordar-y-coser-brother-ns-1850\/"]}]},{"@type":"ImageObject","inLanguage":"en-US","@id":"https:\/\/lacasadelbordador.cl\/product\/maquina-de-bordar-y-coser-brother-ns-1850\/#primaryimage","url":"https:\/\/lacasadelbordador.cl\/en\/wp-content\/uploads\/2026\/04\/NS-1850L-01.webp\/","contentUrl":"https:\/\/lacasadelbordador.cl\/wp-content\/uploads\/2026\/04\/NS-1850L-01.webp","width":1080,"height":1080},{"@type":"BreadcrumbList","@id":"https:\/\/lacasadelbordador.cl\/product\/maquina-de-bordar-y-coser-brother-ns-1850\/#breadcrumb","itemListElement":[{"@type":"ListItem","position":1,"name":"Portada","item":"https:\/\/lacasadelbordador.cl\/"},{"@type":"ListItem","position":2,"name":"Tienda","item":"https:\/\/lacasadelbordador.cl\/tienda\/"},{"@type":"ListItem","position":3,"name":"M\u00c1QUINA DE BORDAR Y COSER BROTHER NS 1850"}]},{"@type":"WebSite","@id":"https:\/\/lacasadelbordador.cl\/#website","url":"https:\/\/lacasadelbordador.cl\/en\/","name":"La Casa del Bordador","description":"En La Casa del Bordador podr\u00e1s encontrar repuestos, servicio tenico y bordadoras industriales. \u00a1Todo lo que necesitas para tus proyectos y dise\u00f1ar moda!","publisher":{"@id":"https:\/\/lacasadelbordador.cl\/#organization"},"alternateName":"CDB","potentialAction":[{"@type":"SearchAction","target":{"@type":"EntryPoint","urlTemplate":"https:\/\/lacasadelbordador.cl\/?s={search_term_string}"},"query-input":{"@type":"PropertyValueSpecification","valueRequired":true,"valueName":"search_term_string"}}],"inLanguage":"en-US"},{"@type":"Organization","@id":"https:\/\/lacasadelbordador.cl\/#organization","name":"La Casa del Bordador","alternateName":"CDB","url":"https:\/\/lacasadelbordador.cl\/en\/","logo":{"@type":"ImageObject","inLanguage":"en-US","@id":"https:\/\/lacasadelbordador.cl\/#\/schema\/logo\/image\/","url":"https:\/\/lacasadelbordador.cl\/wp-content\/uploads\/2024\/08\/logo-lcdb-v.3.jpg","contentUrl":"https:\/\/lacasadelbordador.cl\/wp-content\/uploads\/2024\/08\/logo-lcdb-v.3.jpg","width":1200,"height":915,"caption":"La Casa del Bordador"},"image":{"@id":"https:\/\/lacasadelbordador.cl\/#\/schema\/logo\/image\/"},"sameAs":["https:\/\/www.facebook.com\/lacasadelbordador1\/"]}]}},"_links":{"self":[{"href":"https:\/\/lacasadelbordador.cl\/en\/wp-json\/wp\/v2\/product\/7187","targetHints":{"allow":["GET"]}}],"collection":[{"href":"https:\/\/lacasadelbordador.cl\/en\/wp-json\/wp\/v2\/product"}],"about":[{"href":"https:\/\/lacasadelbordador.cl\/en\/wp-json\/wp\/v2\/types\/product"}],"replies":[{"embeddable":true,"href":"https:\/\/lacasadelbordador.cl\/en\/wp-json\/wp\/v2\/comments?post=7187"}],"wp:featuredmedia":[{"embeddable":true,"href":"https:\/\/lacasadelbordador.cl\/en\/wp-json\/wp\/v2\/media\/7182"}],"wp:attachment":[{"href":"https:\/\/lacasadelbordador.cl\/en\/wp-json\/wp\/v2\/media?parent=7187"}],"wp:term":[{"taxonomy":"product_brand","embeddable":true,"href":"https:\/\/lacasadelbordador.cl\/en\/wp-json\/wp\/v2\/product_brand?post=7187"},{"taxonomy":"product_cat","embeddable":true,"href":"https:\/\/lacasadelbordador.cl\/en\/wp-json\/wp\/v2\/product_cat?post=7187"},{"taxonomy":"product_tag","embeddable":true,"href":"https:\/\/lacasadelbordador.cl\/en\/wp-json\/wp\/v2\/product_tag?post=7187"}],"curies":[{"name":"wp","href":"https:\/\/api.w.org\/{rel}","templated":true}]}}