{"id":7070,"date":"2025-12-26T10:03:42","date_gmt":"2025-12-26T14:03:42","guid":{"rendered":"https:\/\/lacasadelbordador.cl\/?post_type=product&#038;p=7070"},"modified":"2025-12-26T10:04:48","modified_gmt":"2025-12-26T14:04:48","slug":"bordadora-industrial-swf-ke-uh1504-45","status":"publish","type":"product","link":"https:\/\/lacasadelbordador.cl\/en\/product\/bordadora-industrial-swf-ke-uh1504-45\/","title":{"rendered":"BORDADORA INDUSTRIAL SWF KE-UH1504-45"},"content":{"rendered":"<div data-content_placement=\"top\" class=\"section-element\"><div class=\"row\"><div class=\"large-12 nasa-col columns\">\n\t<div class=\"wpb_text_column wpb_content_element\" >\n\t\t<div class=\"wpb_wrapper\">\n\t\t\t<p style=\"font-weight: 400;\">M\u00e1quina Bordadora Industrial,<strong><span style=\"color: #ff0000;\"> SWF KE-UH1504-45<\/span>, 4 cabezal, con 15 agujas<\/strong>, robusta, con un<strong>\u00a0<\/strong><strong>\u00e1rea de bordar de 40 x 45 cm.\u00a0<\/strong><\/p>\n<p style=\"font-weight: 400;\">Todas la \u00a0maquinas que ofrecemos <strong>incluyen curso de capacitaci\u00f3n.<\/strong><\/p>\n<ul>\n<li>Area de bordado 40 x 45 cm.<\/li>\n<li>M\u00e1quina industrial 24\/7.<\/li>\n<li>Motor principal servo.<\/li>\n<li>Velocidad m\u00e1xima de 1.000ppm.<\/li>\n<li>Entrada usb, Sistema de red SWNS (LAN\/Wi-Fi).<\/li>\n<li>Panel t\u00e1ctil de 15,1\u201d.<\/li>\n<li>15 agujas.<\/li>\n<li>Corte de hilos autom\u00e1tico.<\/li>\n<li>Iluminaci\u00f3n led.<\/li>\n<li>Sistema de lubricaci\u00f3n Automatica por Bomba de aceite.<\/li>\n<li><strong>Unicos en entregar dos bastidores por medida<\/strong> (12, 15, 18, 30&#215;30, 32&#215;44) cm.<\/li>\n<li>Kit bastidor de gorras (2 bastidores), \u00a0(36 x 6,5cm) cm<\/li>\n<li>Mesa desmontable.<\/li>\n<li>Devanador de carretes.<\/li>\n<li>Kit de repuestos.<\/li>\n<li>Kit de herramientas.<\/li>\n<li><strong>5 a\u00f1o de garant\u00eda, en motores, 2 a\u00f1os de garant\u00eda en tarjetas electr\u00f3nicas y partes <\/strong><b>mec\u00e1nicas.<\/b><\/li>\n<li>Marca <span style=\"color: #ff0000;\"><strong>SWF<\/strong><\/span> original de f\u00e1brica, <strong><span style=\"color: #ff0000;\">DISTRIBUIDORES AUTORIZADOS<\/span><\/strong>.<\/li>\n<li><strong>Despacho gratis directo por La Casa Del Bordador \u00a0en todo chile.<\/strong><\/li>\n<li><strong><strong>Boleto del t\u00e9cnico para realizar la instalaci\u00f3n y capacitaci\u00f3n en el domicilio del cliente, esta incluido, no hay cargo adicional.<\/strong><\/strong><iframe loading=\"lazy\" title=\"KE Tubular Series\" width=\"1200\" height=\"675\" src=\"https:\/\/www.youtube.com\/embed\/650irwOZM4A?feature=oembed&#038;enablejsapi=1&#038;origin=https:\/\/lacasadelbordador.cl\" frameborder=\"0\" allow=\"accelerometer; autoplay; clipboard-write; encrypted-media; gyroscope; picture-in-picture; web-share\" referrerpolicy=\"strict-origin-when-cross-origin\" allowfullscreen><\/iframe><\/li>\n<\/ul>\n\n\t\t<\/div>\n\t<\/div>\n<\/div><\/div><\/div>","protected":false},"excerpt":{"rendered":"<p>Disponible A pedido<\/p>\n<p>&nbsp;<\/p>","protected":false},"featured_media":7071,"comment_status":"closed","ping_status":"closed","template":"","meta":[],"product_brand":[],"product_cat":[555,215],"product_tag":[],"class_list":{"0":"post-7070","1":"product","2":"type-product","3":"status-publish","4":"has-post-thumbnail","6":"product_cat-bordadoras-swf","7":"product_cat-maquinas-de-bordar","9":"first","10":"instock","11":"shipping-taxable","12":"purchasable","13":"product-type-simple"},"yoast_head":"\n<title>BORDADORA INDUSTRIAL SWF KE-UH1504-45 &#8211; La Casa del Bordador<\/title>\n<meta name=\"description\" content=\"Disponible A pedido  &amp;nbsp;\" \/>\n<meta name=\"robots\" content=\"index, follow, max-snippet:-1, max-image-preview:large, max-video-preview:-1\" \/>\n<link rel=\"canonical\" href=\"https:\/\/lacasadelbordador.cl\/en\/product\/bordadora-industrial-swf-ke-uh1504-45\/\" \/>\n<meta property=\"og:locale\" content=\"en\" \/>\n<meta property=\"og:type\" content=\"article\" \/>\n<meta property=\"og:title\" content=\"BORDADORA INDUSTRIAL SWF KE-UH1504-45 &amp;#8211; La Casa del Bordador\" \/>\n<meta property=\"og:description\" content=\"Disponible A pedido  &amp;nbsp;\" \/>\n<meta property=\"og:url\" content=\"https:\/\/lacasadelbordador.cl\/en\/product\/bordadora-industrial-swf-ke-uh1504-45\/\" \/>\n<meta property=\"og:site_name\" content=\"La Casa del Bordador\" \/>\n<meta property=\"article:publisher\" content=\"https:\/\/www.facebook.com\/lacasadelbordador1\/\" \/>\n<meta property=\"article:modified_time\" content=\"2025-12-26T14:04:48+00:00\" \/>\n<meta property=\"og:image\" content=\"https:\/\/lacasadelbordador.cl\/wp-content\/uploads\/2025\/12\/SWF-KE-UH1504-45-2.jpg\" \/>\n\t<meta property=\"og:image:width\" content=\"1080\" \/>\n\t<meta property=\"og:image:height\" content=\"1080\" \/>\n\t<meta property=\"og:image:type\" content=\"image\/jpeg\" \/>\n<meta name=\"twitter:card\" content=\"summary_large_image\" \/>\n<meta name=\"twitter:label1\" content=\"Est. reading time\" \/>\n\t<meta name=\"twitter:data1\" content=\"1 minute\" \/>\n<script type=\"application\/ld+json\" class=\"yoast-schema-graph\">{\"@context\":\"https:\/\/schema.org\",\"@graph\":[{\"@type\":\"WebPage\",\"@id\":\"https:\/\/lacasadelbordador.cl\/product\/bordadora-industrial-swf-ke-uh1504-45\/\",\"url\":\"https:\/\/lacasadelbordador.cl\/product\/bordadora-industrial-swf-ke-uh1504-45\/\",\"name\":\"BORDADORA INDUSTRIAL SWF KE-UH1504-45 &#8211; La Casa del Bordador\",\"isPartOf\":{\"@id\":\"https:\/\/lacasadelbordador.cl\/#website\"},\"primaryImageOfPage\":{\"@id\":\"https:\/\/lacasadelbordador.cl\/product\/bordadora-industrial-swf-ke-uh1504-45\/#primaryimage\"},\"image\":{\"@id\":\"https:\/\/lacasadelbordador.cl\/product\/bordadora-industrial-swf-ke-uh1504-45\/#primaryimage\"},\"thumbnailUrl\":\"https:\/\/lacasadelbordador.cl\/wp-content\/uploads\/2025\/12\/SWF-KE-UH1504-45-2.jpg\",\"datePublished\":\"2025-12-26T14:03:42+00:00\",\"dateModified\":\"2025-12-26T14:04:48+00:00\",\"description\":\"Disponible A pedido &nbsp;\",\"breadcrumb\":{\"@id\":\"https:\/\/lacasadelbordador.cl\/product\/bordadora-industrial-swf-ke-uh1504-45\/#breadcrumb\"},\"inLanguage\":\"en-US\",\"potentialAction\":[{\"@type\":\"ReadAction\",\"target\":[\"https:\/\/lacasadelbordador.cl\/product\/bordadora-industrial-swf-ke-uh1504-45\/\"]}]},{\"@type\":\"ImageObject\",\"inLanguage\":\"en-US\",\"@id\":\"https:\/\/lacasadelbordador.cl\/product\/bordadora-industrial-swf-ke-uh1504-45\/#primaryimage\",\"url\":\"https:\/\/lacasadelbordador.cl\/wp-content\/uploads\/2025\/12\/SWF-KE-UH1504-45-2.jpg\",\"contentUrl\":\"https:\/\/lacasadelbordador.cl\/wp-content\/uploads\/2025\/12\/SWF-KE-UH1504-45-2.jpg\",\"width\":1080,\"height\":1080},{\"@type\":\"BreadcrumbList\",\"@id\":\"https:\/\/lacasadelbordador.cl\/product\/bordadora-industrial-swf-ke-uh1504-45\/#breadcrumb\",\"itemListElement\":[{\"@type\":\"ListItem\",\"position\":1,\"name\":\"Portada\",\"item\":\"https:\/\/lacasadelbordador.cl\/\"},{\"@type\":\"ListItem\",\"position\":2,\"name\":\"Tienda\",\"item\":\"https:\/\/lacasadelbordador.cl\/tienda\/\"},{\"@type\":\"ListItem\",\"position\":3,\"name\":\"BORDADORA INDUSTRIAL SWF KE-UH1504-45\"}]},{\"@type\":\"WebSite\",\"@id\":\"https:\/\/lacasadelbordador.cl\/#website\",\"url\":\"https:\/\/lacasadelbordador.cl\/\",\"name\":\"La Casa del Bordador\",\"description\":\"En La Casa del Bordador podr\u00e1s encontrar repuestos, servicio tenico y bordadoras industriales. \u00a1Todo lo que necesitas para tus proyectos y dise\u00f1ar moda!\",\"publisher\":{\"@id\":\"https:\/\/lacasadelbordador.cl\/#organization\"},\"alternateName\":\"CDB\",\"potentialAction\":[{\"@type\":\"SearchAction\",\"target\":{\"@type\":\"EntryPoint\",\"urlTemplate\":\"https:\/\/lacasadelbordador.cl\/?s={search_term_string}\"},\"query-input\":{\"@type\":\"PropertyValueSpecification\",\"valueRequired\":true,\"valueName\":\"search_term_string\"}}],\"inLanguage\":\"en-US\"},{\"@type\":\"Organization\",\"@id\":\"https:\/\/lacasadelbordador.cl\/#organization\",\"name\":\"La Casa del Bordador\",\"alternateName\":\"CDB\",\"url\":\"https:\/\/lacasadelbordador.cl\/\",\"logo\":{\"@type\":\"ImageObject\",\"inLanguage\":\"en-US\",\"@id\":\"https:\/\/lacasadelbordador.cl\/#\/schema\/logo\/image\/\",\"url\":\"https:\/\/lacasadelbordador.cl\/wp-content\/uploads\/2024\/08\/logo-lcdb-v.3.jpg\",\"contentUrl\":\"https:\/\/lacasadelbordador.cl\/wp-content\/uploads\/2024\/08\/logo-lcdb-v.3.jpg\",\"width\":1200,\"height\":915,\"caption\":\"La Casa del Bordador\"},\"image\":{\"@id\":\"https:\/\/lacasadelbordador.cl\/#\/schema\/logo\/image\/\"},\"sameAs\":[\"https:\/\/www.facebook.com\/lacasadelbordador1\/\"]}]}<\/script>\n<!-- \/ Yoast SEO plugin. -->","yoast_head_json":{"title":"BORDADORA INDUSTRIAL SWF KE-UH1504-45 &#8211; La Casa del Bordador","description":"Disponible A pedido  &nbsp;","robots":{"index":"index","follow":"follow","max-snippet":"max-snippet:-1","max-image-preview":"max-image-preview:large","max-video-preview":"max-video-preview:-1"},"canonical":"https:\/\/lacasadelbordador.cl\/en\/product\/bordadora-industrial-swf-ke-uh1504-45\/","og_locale":"en_US","og_type":"article","og_title":"BORDADORA INDUSTRIAL SWF KE-UH1504-45 &#8211; La Casa del Bordador","og_description":"Disponible A pedido  &nbsp;","og_url":"https:\/\/lacasadelbordador.cl\/en\/product\/bordadora-industrial-swf-ke-uh1504-45\/","og_site_name":"La Casa del Bordador","article_publisher":"https:\/\/www.facebook.com\/lacasadelbordador1\/","article_modified_time":"2025-12-26T14:04:48+00:00","og_image":[{"width":1080,"height":1080,"url":"https:\/\/lacasadelbordador.cl\/wp-content\/uploads\/2025\/12\/SWF-KE-UH1504-45-2.jpg","type":"image\/jpeg"}],"twitter_card":"summary_large_image","twitter_misc":{"Est. reading time":"1 minute"},"schema":{"@context":"https:\/\/schema.org","@graph":[{"@type":"WebPage","@id":"https:\/\/lacasadelbordador.cl\/product\/bordadora-industrial-swf-ke-uh1504-45\/","url":"https:\/\/lacasadelbordador.cl\/en\/product\/bordadora-industrial-swf-ke-uh1504-45\/","name":"BORDADORA INDUSTRIAL SWF KE-UH1504-45 &#8211; La Casa del Bordador","isPartOf":{"@id":"https:\/\/lacasadelbordador.cl\/#website"},"primaryImageOfPage":{"@id":"https:\/\/lacasadelbordador.cl\/product\/bordadora-industrial-swf-ke-uh1504-45\/#primaryimage"},"image":{"@id":"https:\/\/lacasadelbordador.cl\/product\/bordadora-industrial-swf-ke-uh1504-45\/#primaryimage"},"thumbnailUrl":"https:\/\/lacasadelbordador.cl\/wp-content\/uploads\/2025\/12\/SWF-KE-UH1504-45-2.jpg","datePublished":"2025-12-26T14:03:42+00:00","dateModified":"2025-12-26T14:04:48+00:00","description":"Disponible A pedido &nbsp;","breadcrumb":{"@id":"https:\/\/lacasadelbordador.cl\/product\/bordadora-industrial-swf-ke-uh1504-45\/#breadcrumb"},"inLanguage":"en-US","potentialAction":[{"@type":"ReadAction","target":["https:\/\/lacasadelbordador.cl\/product\/bordadora-industrial-swf-ke-uh1504-45\/"]}]},{"@type":"ImageObject","inLanguage":"en-US","@id":"https:\/\/lacasadelbordador.cl\/product\/bordadora-industrial-swf-ke-uh1504-45\/#primaryimage","url":"https:\/\/lacasadelbordador.cl\/wp-content\/uploads\/2025\/12\/SWF-KE-UH1504-45-2.jpg","contentUrl":"https:\/\/lacasadelbordador.cl\/wp-content\/uploads\/2025\/12\/SWF-KE-UH1504-45-2.jpg","width":1080,"height":1080},{"@type":"BreadcrumbList","@id":"https:\/\/lacasadelbordador.cl\/product\/bordadora-industrial-swf-ke-uh1504-45\/#breadcrumb","itemListElement":[{"@type":"ListItem","position":1,"name":"Portada","item":"https:\/\/lacasadelbordador.cl\/"},{"@type":"ListItem","position":2,"name":"Tienda","item":"https:\/\/lacasadelbordador.cl\/tienda\/"},{"@type":"ListItem","position":3,"name":"BORDADORA INDUSTRIAL SWF KE-UH1504-45"}]},{"@type":"WebSite","@id":"https:\/\/lacasadelbordador.cl\/#website","url":"https:\/\/lacasadelbordador.cl\/en\/","name":"La Casa del Bordador","description":"En La Casa del Bordador podr\u00e1s encontrar repuestos, servicio tenico y bordadoras industriales. \u00a1Todo lo que necesitas para tus proyectos y dise\u00f1ar moda!","publisher":{"@id":"https:\/\/lacasadelbordador.cl\/#organization"},"alternateName":"CDB","potentialAction":[{"@type":"SearchAction","target":{"@type":"EntryPoint","urlTemplate":"https:\/\/lacasadelbordador.cl\/?s={search_term_string}"},"query-input":{"@type":"PropertyValueSpecification","valueRequired":true,"valueName":"search_term_string"}}],"inLanguage":"en-US"},{"@type":"Organization","@id":"https:\/\/lacasadelbordador.cl\/#organization","name":"La Casa del Bordador","alternateName":"CDB","url":"https:\/\/lacasadelbordador.cl\/en\/","logo":{"@type":"ImageObject","inLanguage":"en-US","@id":"https:\/\/lacasadelbordador.cl\/#\/schema\/logo\/image\/","url":"https:\/\/lacasadelbordador.cl\/wp-content\/uploads\/2024\/08\/logo-lcdb-v.3.jpg","contentUrl":"https:\/\/lacasadelbordador.cl\/wp-content\/uploads\/2024\/08\/logo-lcdb-v.3.jpg","width":1200,"height":915,"caption":"La Casa del Bordador"},"image":{"@id":"https:\/\/lacasadelbordador.cl\/#\/schema\/logo\/image\/"},"sameAs":["https:\/\/www.facebook.com\/lacasadelbordador1\/"]}]}},"_links":{"self":[{"href":"https:\/\/lacasadelbordador.cl\/en\/wp-json\/wp\/v2\/product\/7070","targetHints":{"allow":["GET"]}}],"collection":[{"href":"https:\/\/lacasadelbordador.cl\/en\/wp-json\/wp\/v2\/product"}],"about":[{"href":"https:\/\/lacasadelbordador.cl\/en\/wp-json\/wp\/v2\/types\/product"}],"replies":[{"embeddable":true,"href":"https:\/\/lacasadelbordador.cl\/en\/wp-json\/wp\/v2\/comments?post=7070"}],"wp:featuredmedia":[{"embeddable":true,"href":"https:\/\/lacasadelbordador.cl\/en\/wp-json\/wp\/v2\/media\/7071"}],"wp:attachment":[{"href":"https:\/\/lacasadelbordador.cl\/en\/wp-json\/wp\/v2\/media?parent=7070"}],"wp:term":[{"taxonomy":"product_brand","embeddable":true,"href":"https:\/\/lacasadelbordador.cl\/en\/wp-json\/wp\/v2\/product_brand?post=7070"},{"taxonomy":"product_cat","embeddable":true,"href":"https:\/\/lacasadelbordador.cl\/en\/wp-json\/wp\/v2\/product_cat?post=7070"},{"taxonomy":"product_tag","embeddable":true,"href":"https:\/\/lacasadelbordador.cl\/en\/wp-json\/wp\/v2\/product_tag?post=7070"}],"curies":[{"name":"wp","href":"https:\/\/api.w.org\/{rel}","templated":true}]}}