{"id":5953,"date":"2024-08-13T02:12:56","date_gmt":"2024-08-13T02:12:56","guid":{"rendered":"https:\/\/lacasadelbordador.cl\/?post_type=product&#038;p=5953"},"modified":"2026-03-12T01:07:05","modified_gmt":"2026-03-12T05:07:05","slug":"inner-bobina-brother-bordadoras-domesticas-cangrejo","status":"publish","type":"product","link":"https:\/\/lacasadelbordador.cl\/en\/product\/inner-bobina-brother-bordadoras-domesticas-cangrejo\/","title":{"rendered":"INNER \u2013 BOBINA \u2013 BROTHER \u2013 BORDADORAS DOMESTICAS (CANGREJO) &#8211; XD1855351"},"content":{"rendered":"","protected":false},"excerpt":{"rendered":"<h2>DESCRIPCI\u00d3N<\/h2>\n<p>Inner para todas las m\u00e1quinas brother dom\u00e9sticas.<\/p>\n<p>Para modelos:<\/p>\n<ul>\n<li>PE 200<\/li>\n<li>PE 400<\/li>\n<li>PE 450<\/li>\n<li>PE 700<\/li>\n<li>PE 750<\/li>\n<li>PE 780<\/li>\n<li>PE 830<\/li>\n<li>NV 900<\/li>\n<li>NV 950<\/li>\n<li>NS 960<\/li>\n<li>NV 990<\/li>\n<li>NQ 1400<\/li>\n<li>BP 1430<\/li>\n<li>NV 1500<\/li>\n<li>NS 1750<\/li>\n<li>BP 2100<\/li>\n<li>BP 2150<\/li>\n<li>NV 4000<\/li>\n<li>PC 6500<\/li>\n<li>PC 8500<\/li>\n<\/ul>","protected":false},"featured_media":4143,"comment_status":"closed","ping_status":"closed","template":"","meta":[],"product_brand":[],"product_cat":[208,209],"product_tag":[],"class_list":{"0":"post-5953","1":"product","2":"type-product","3":"status-publish","4":"has-post-thumbnail","6":"product_cat-repuestos-brother","7":"product_cat-repuestos-brother-pr","9":"first","10":"instock","11":"shipping-taxable","12":"purchasable","13":"product-type-simple"},"yoast_head":"\n<title>INNER \u2013 BOBINA \u2013 BROTHER \u2013 BORDADORAS DOMESTICAS (CANGREJO) - XD1855351 &#8211; La Casa del Bordador<\/title>\n<meta name=\"description\" content=\"DESCRIPCI\u00d3N Inner para todas las m\u00e1quinas brother dom\u00e9sticas.  Para modelos:   PE 200  PE 400  PE 450  PE 700  PE 750  PE 780  PE 830  NV 900  NV 950  NS 960  NV 990  NQ 1400  BP 1430  NV 1500  NS 1750  BP 2100  BP 2150  NV 4000  PC 6500  PC 8500\" \/>\n<meta name=\"robots\" content=\"index, follow, max-snippet:-1, max-image-preview:large, max-video-preview:-1\" \/>\n<link rel=\"canonical\" href=\"https:\/\/lacasadelbordador.cl\/en\/product\/inner-bobina-brother-bordadoras-domesticas-cangrejo\/\" \/>\n<meta property=\"og:locale\" content=\"en\" \/>\n<meta property=\"og:type\" content=\"article\" \/>\n<meta property=\"og:title\" content=\"INNER \u2013 BOBINA \u2013 BROTHER \u2013 BORDADORAS DOMESTICAS (CANGREJO) - XD1855351 &amp;#8211; La Casa del Bordador\" \/>\n<meta property=\"og:description\" content=\"DESCRIPCI\u00d3N Inner para todas las m\u00e1quinas brother dom\u00e9sticas.  Para modelos:   PE 200  PE 400  PE 450  PE 700  PE 750  PE 780  PE 830  NV 900  NV 950  NS 960  NV 990  NQ 1400  BP 1430  NV 1500  NS 1750  BP 2100  BP 2150  NV 4000  PC 6500  PC 8500\" \/>\n<meta property=\"og:url\" content=\"https:\/\/lacasadelbordador.cl\/en\/product\/inner-bobina-brother-bordadoras-domesticas-cangrejo\/\" \/>\n<meta property=\"og:site_name\" content=\"La Casa del Bordador\" \/>\n<meta property=\"article:publisher\" content=\"https:\/\/www.facebook.com\/lacasadelbordador1\/\" \/>\n<meta property=\"article:modified_time\" content=\"2026-03-12T05:07:05+00:00\" \/>\n<meta property=\"og:image\" content=\"https:\/\/lacasadelbordador.cl\/wp-content\/uploads\/2024\/05\/Inner-\u2013-bobina-\u2013-Brother-\u2013-Bordadoras-Domesticas-Cangrejo-casa-beltran.jpg.webp\" \/>\n\t<meta property=\"og:image:width\" content=\"1000\" \/>\n\t<meta property=\"og:image:height\" content=\"1000\" \/>\n\t<meta property=\"og:image:type\" content=\"image\/webp\" \/>\n<meta name=\"twitter:card\" content=\"summary_large_image\" \/>\n<meta name=\"twitter:label1\" content=\"Est. reading time\" \/>\n\t<meta name=\"twitter:data1\" content=\"1 minute\" \/>\n<script type=\"application\/ld+json\" class=\"yoast-schema-graph\">{\"@context\":\"https:\/\/schema.org\",\"@graph\":[{\"@type\":\"WebPage\",\"@id\":\"https:\/\/lacasadelbordador.cl\/product\/inner-bobina-brother-bordadoras-domesticas-cangrejo\/\",\"url\":\"https:\/\/lacasadelbordador.cl\/product\/inner-bobina-brother-bordadoras-domesticas-cangrejo\/\",\"name\":\"INNER \u2013 BOBINA \u2013 BROTHER \u2013 BORDADORAS DOMESTICAS (CANGREJO) - XD1855351 &#8211; La Casa del Bordador\",\"isPartOf\":{\"@id\":\"https:\/\/lacasadelbordador.cl\/#website\"},\"primaryImageOfPage\":{\"@id\":\"https:\/\/lacasadelbordador.cl\/product\/inner-bobina-brother-bordadoras-domesticas-cangrejo\/#primaryimage\"},\"image\":{\"@id\":\"https:\/\/lacasadelbordador.cl\/product\/inner-bobina-brother-bordadoras-domesticas-cangrejo\/#primaryimage\"},\"thumbnailUrl\":\"https:\/\/lacasadelbordador.cl\/wp-content\/uploads\/2024\/05\/Inner-\u2013-bobina-\u2013-Brother-\u2013-Bordadoras-Domesticas-Cangrejo-casa-beltran.jpg.webp\",\"datePublished\":\"2024-08-13T02:12:56+00:00\",\"dateModified\":\"2026-03-12T05:07:05+00:00\",\"description\":\"DESCRIPCI\u00d3N Inner para todas las m\u00e1quinas brother dom\u00e9sticas. Para modelos: PE 200 PE 400 PE 450 PE 700 PE 750 PE 780 PE 830 NV 900 NV 950 NS 960 NV 990 NQ 1400 BP 1430 NV 1500 NS 1750 BP 2100 BP 2150 NV 4000 PC 6500 PC 8500\",\"breadcrumb\":{\"@id\":\"https:\/\/lacasadelbordador.cl\/product\/inner-bobina-brother-bordadoras-domesticas-cangrejo\/#breadcrumb\"},\"inLanguage\":\"en-US\",\"potentialAction\":[{\"@type\":\"ReadAction\",\"target\":[\"https:\/\/lacasadelbordador.cl\/product\/inner-bobina-brother-bordadoras-domesticas-cangrejo\/\"]}]},{\"@type\":\"ImageObject\",\"inLanguage\":\"en-US\",\"@id\":\"https:\/\/lacasadelbordador.cl\/product\/inner-bobina-brother-bordadoras-domesticas-cangrejo\/#primaryimage\",\"url\":\"https:\/\/lacasadelbordador.cl\/wp-content\/uploads\/2024\/05\/Inner-\u2013-bobina-\u2013-Brother-\u2013-Bordadoras-Domesticas-Cangrejo-casa-beltran.jpg.webp\",\"contentUrl\":\"https:\/\/lacasadelbordador.cl\/wp-content\/uploads\/2024\/05\/Inner-\u2013-bobina-\u2013-Brother-\u2013-Bordadoras-Domesticas-Cangrejo-casa-beltran.jpg.webp\",\"width\":1000,\"height\":1000},{\"@type\":\"BreadcrumbList\",\"@id\":\"https:\/\/lacasadelbordador.cl\/product\/inner-bobina-brother-bordadoras-domesticas-cangrejo\/#breadcrumb\",\"itemListElement\":[{\"@type\":\"ListItem\",\"position\":1,\"name\":\"Portada\",\"item\":\"https:\/\/lacasadelbordador.cl\/\"},{\"@type\":\"ListItem\",\"position\":2,\"name\":\"Tienda\",\"item\":\"https:\/\/lacasadelbordador.cl\/tienda\/\"},{\"@type\":\"ListItem\",\"position\":3,\"name\":\"INNER \u2013 BOBINA \u2013 BROTHER \u2013 BORDADORAS DOMESTICAS (CANGREJO) &#8211; XD1855351\"}]},{\"@type\":\"WebSite\",\"@id\":\"https:\/\/lacasadelbordador.cl\/#website\",\"url\":\"https:\/\/lacasadelbordador.cl\/\",\"name\":\"La Casa del Bordador\",\"description\":\"En La Casa del Bordador podr\u00e1s encontrar repuestos, servicio tenico y bordadoras industriales. \u00a1Todo lo que necesitas para tus proyectos y dise\u00f1ar moda!\",\"publisher\":{\"@id\":\"https:\/\/lacasadelbordador.cl\/#organization\"},\"alternateName\":\"CDB\",\"potentialAction\":[{\"@type\":\"SearchAction\",\"target\":{\"@type\":\"EntryPoint\",\"urlTemplate\":\"https:\/\/lacasadelbordador.cl\/?s={search_term_string}\"},\"query-input\":{\"@type\":\"PropertyValueSpecification\",\"valueRequired\":true,\"valueName\":\"search_term_string\"}}],\"inLanguage\":\"en-US\"},{\"@type\":\"Organization\",\"@id\":\"https:\/\/lacasadelbordador.cl\/#organization\",\"name\":\"La Casa del Bordador\",\"alternateName\":\"CDB\",\"url\":\"https:\/\/lacasadelbordador.cl\/\",\"logo\":{\"@type\":\"ImageObject\",\"inLanguage\":\"en-US\",\"@id\":\"https:\/\/lacasadelbordador.cl\/#\/schema\/logo\/image\/\",\"url\":\"https:\/\/lacasadelbordador.cl\/wp-content\/uploads\/2024\/08\/logo-lcdb-v.3.jpg\",\"contentUrl\":\"https:\/\/lacasadelbordador.cl\/wp-content\/uploads\/2024\/08\/logo-lcdb-v.3.jpg\",\"width\":1200,\"height\":915,\"caption\":\"La Casa del Bordador\"},\"image\":{\"@id\":\"https:\/\/lacasadelbordador.cl\/#\/schema\/logo\/image\/\"},\"sameAs\":[\"https:\/\/www.facebook.com\/lacasadelbordador1\/\"]}]}<\/script>\n<!-- \/ Yoast SEO plugin. -->","yoast_head_json":{"title":"INNER \u2013 BOBINA \u2013 BROTHER \u2013 BORDADORAS DOMESTICAS (CANGREJO) - XD1855351 &#8211; La Casa del Bordador","description":"DESCRIPCI\u00d3N Inner para todas las m\u00e1quinas brother dom\u00e9sticas.  Para modelos:   PE 200  PE 400  PE 450  PE 700  PE 750  PE 780  PE 830  NV 900  NV 950  NS 960  NV 990  NQ 1400  BP 1430  NV 1500  NS 1750  BP 2100  BP 2150  NV 4000  PC 6500  PC 8500","robots":{"index":"index","follow":"follow","max-snippet":"max-snippet:-1","max-image-preview":"max-image-preview:large","max-video-preview":"max-video-preview:-1"},"canonical":"https:\/\/lacasadelbordador.cl\/en\/product\/inner-bobina-brother-bordadoras-domesticas-cangrejo\/","og_locale":"en_US","og_type":"article","og_title":"INNER \u2013 BOBINA \u2013 BROTHER \u2013 BORDADORAS DOMESTICAS (CANGREJO) - XD1855351 &#8211; La Casa del Bordador","og_description":"DESCRIPCI\u00d3N Inner para todas las m\u00e1quinas brother dom\u00e9sticas.  Para modelos:   PE 200  PE 400  PE 450  PE 700  PE 750  PE 780  PE 830  NV 900  NV 950  NS 960  NV 990  NQ 1400  BP 1430  NV 1500  NS 1750  BP 2100  BP 2150  NV 4000  PC 6500  PC 8500","og_url":"https:\/\/lacasadelbordador.cl\/en\/product\/inner-bobina-brother-bordadoras-domesticas-cangrejo\/","og_site_name":"La Casa del Bordador","article_publisher":"https:\/\/www.facebook.com\/lacasadelbordador1\/","article_modified_time":"2026-03-12T05:07:05+00:00","og_image":[{"width":1000,"height":1000,"url":"https:\/\/lacasadelbordador.cl\/en\/wp-content\/uploads\/2024\/05\/Inner-\u2013-bobina-\u2013-Brother-\u2013-Bordadoras-Domesticas-Cangrejo-casa-beltran.jpg.webp\/","type":"image\/webp"}],"twitter_card":"summary_large_image","twitter_misc":{"Est. reading time":"1 minute"},"schema":{"@context":"https:\/\/schema.org","@graph":[{"@type":"WebPage","@id":"https:\/\/lacasadelbordador.cl\/product\/inner-bobina-brother-bordadoras-domesticas-cangrejo\/","url":"https:\/\/lacasadelbordador.cl\/en\/product\/inner-bobina-brother-bordadoras-domesticas-cangrejo\/","name":"INNER \u2013 BOBINA \u2013 BROTHER \u2013 BORDADORAS DOMESTICAS (CANGREJO) - XD1855351 &#8211; La Casa del Bordador","isPartOf":{"@id":"https:\/\/lacasadelbordador.cl\/#website"},"primaryImageOfPage":{"@id":"https:\/\/lacasadelbordador.cl\/product\/inner-bobina-brother-bordadoras-domesticas-cangrejo\/#primaryimage"},"image":{"@id":"https:\/\/lacasadelbordador.cl\/product\/inner-bobina-brother-bordadoras-domesticas-cangrejo\/#primaryimage"},"thumbnailUrl":"https:\/\/lacasadelbordador.cl\/wp-content\/uploads\/2024\/05\/Inner-\u2013-bobina-\u2013-Brother-\u2013-Bordadoras-Domesticas-Cangrejo-casa-beltran.jpg.webp","datePublished":"2024-08-13T02:12:56+00:00","dateModified":"2026-03-12T05:07:05+00:00","description":"DESCRIPCI\u00d3N Inner para todas las m\u00e1quinas brother dom\u00e9sticas. Para modelos: PE 200 PE 400 PE 450 PE 700 PE 750 PE 780 PE 830 NV 900 NV 950 NS 960 NV 990 NQ 1400 BP 1430 NV 1500 NS 1750 BP 2100 BP 2150 NV 4000 PC 6500 PC 8500","breadcrumb":{"@id":"https:\/\/lacasadelbordador.cl\/product\/inner-bobina-brother-bordadoras-domesticas-cangrejo\/#breadcrumb"},"inLanguage":"en-US","potentialAction":[{"@type":"ReadAction","target":["https:\/\/lacasadelbordador.cl\/product\/inner-bobina-brother-bordadoras-domesticas-cangrejo\/"]}]},{"@type":"ImageObject","inLanguage":"en-US","@id":"https:\/\/lacasadelbordador.cl\/product\/inner-bobina-brother-bordadoras-domesticas-cangrejo\/#primaryimage","url":"https:\/\/lacasadelbordador.cl\/en\/wp-content\/uploads\/2024\/05\/Inner-\u2013-bobina-\u2013-Brother-\u2013-Bordadoras-Domesticas-Cangrejo-casa-beltran.jpg.webp\/","contentUrl":"https:\/\/lacasadelbordador.cl\/wp-content\/uploads\/2024\/05\/Inner-\u2013-bobina-\u2013-Brother-\u2013-Bordadoras-Domesticas-Cangrejo-casa-beltran.jpg.webp","width":1000,"height":1000},{"@type":"BreadcrumbList","@id":"https:\/\/lacasadelbordador.cl\/product\/inner-bobina-brother-bordadoras-domesticas-cangrejo\/#breadcrumb","itemListElement":[{"@type":"ListItem","position":1,"name":"Portada","item":"https:\/\/lacasadelbordador.cl\/"},{"@type":"ListItem","position":2,"name":"Tienda","item":"https:\/\/lacasadelbordador.cl\/tienda\/"},{"@type":"ListItem","position":3,"name":"INNER \u2013 BOBINA \u2013 BROTHER \u2013 BORDADORAS DOMESTICAS (CANGREJO) &#8211; XD1855351"}]},{"@type":"WebSite","@id":"https:\/\/lacasadelbordador.cl\/#website","url":"https:\/\/lacasadelbordador.cl\/en\/","name":"La Casa del Bordador","description":"En La Casa del Bordador podr\u00e1s encontrar repuestos, servicio tenico y bordadoras industriales. \u00a1Todo lo que necesitas para tus proyectos y dise\u00f1ar moda!","publisher":{"@id":"https:\/\/lacasadelbordador.cl\/#organization"},"alternateName":"CDB","potentialAction":[{"@type":"SearchAction","target":{"@type":"EntryPoint","urlTemplate":"https:\/\/lacasadelbordador.cl\/?s={search_term_string}"},"query-input":{"@type":"PropertyValueSpecification","valueRequired":true,"valueName":"search_term_string"}}],"inLanguage":"en-US"},{"@type":"Organization","@id":"https:\/\/lacasadelbordador.cl\/#organization","name":"La Casa del Bordador","alternateName":"CDB","url":"https:\/\/lacasadelbordador.cl\/en\/","logo":{"@type":"ImageObject","inLanguage":"en-US","@id":"https:\/\/lacasadelbordador.cl\/#\/schema\/logo\/image\/","url":"https:\/\/lacasadelbordador.cl\/wp-content\/uploads\/2024\/08\/logo-lcdb-v.3.jpg","contentUrl":"https:\/\/lacasadelbordador.cl\/wp-content\/uploads\/2024\/08\/logo-lcdb-v.3.jpg","width":1200,"height":915,"caption":"La Casa del Bordador"},"image":{"@id":"https:\/\/lacasadelbordador.cl\/#\/schema\/logo\/image\/"},"sameAs":["https:\/\/www.facebook.com\/lacasadelbordador1\/"]}]}},"_links":{"self":[{"href":"https:\/\/lacasadelbordador.cl\/en\/wp-json\/wp\/v2\/product\/5953","targetHints":{"allow":["GET"]}}],"collection":[{"href":"https:\/\/lacasadelbordador.cl\/en\/wp-json\/wp\/v2\/product"}],"about":[{"href":"https:\/\/lacasadelbordador.cl\/en\/wp-json\/wp\/v2\/types\/product"}],"replies":[{"embeddable":true,"href":"https:\/\/lacasadelbordador.cl\/en\/wp-json\/wp\/v2\/comments?post=5953"}],"wp:featuredmedia":[{"embeddable":true,"href":"https:\/\/lacasadelbordador.cl\/en\/wp-json\/wp\/v2\/media\/4143"}],"wp:attachment":[{"href":"https:\/\/lacasadelbordador.cl\/en\/wp-json\/wp\/v2\/media?parent=5953"}],"wp:term":[{"taxonomy":"product_brand","embeddable":true,"href":"https:\/\/lacasadelbordador.cl\/en\/wp-json\/wp\/v2\/product_brand?post=5953"},{"taxonomy":"product_cat","embeddable":true,"href":"https:\/\/lacasadelbordador.cl\/en\/wp-json\/wp\/v2\/product_cat?post=5953"},{"taxonomy":"product_tag","embeddable":true,"href":"https:\/\/lacasadelbordador.cl\/en\/wp-json\/wp\/v2\/product_tag?post=5953"}],"curies":[{"name":"wp","href":"https:\/\/api.w.org\/{rel}","templated":true}]}}