{"id":4774,"date":"2024-06-12T19:14:25","date_gmt":"2024-06-12T19:14:25","guid":{"rendered":"https:\/\/lacasadelbordador.cl\/?post_type=product&#038;p=4774"},"modified":"2026-04-15T14:46:08","modified_gmt":"2026-04-15T18:46:08","slug":"hilo-de-bordar-durafil-120-4-000-m","status":"publish","type":"product","link":"https:\/\/lacasadelbordador.cl\/en\/product\/hilo-de-bordar-durafil-120-4-000-m\/","title":{"rendered":"HILO DE BORDAR \u2013 DURAFIL # 120 \u2013 4.000 m."},"content":{"rendered":"<p>Producido utilizando la m\u00e1s avanzada tecnolog\u00eda para garantizar un desempe\u00f1o \u00f3ptimo<br \/>\nExcelente lustre y rango extenso de colores y durabilidad<br \/>\nSolidez de color y resistencia qu\u00edmica superior<br \/>\nLubricaci\u00f3n \u00fanica que resulta en alta productividad<br \/>\nResistencia superior a la abrasi\u00f3n para usos finales exigentes<br \/>\nCertificado bajo la norma \u00d6eko-Tex 100, clase 1, la clase m\u00e1s estricta que ampara ropa de beb\u00e9<\/p>","protected":false},"excerpt":{"rendered":"<p>Revisa nuestra carta de colores para que conozcas los tonos alineados a la realidad:<\/p>\n<p style=\"background-color: #004889; color: white; text-align: center; padding: 5px; font-size: 18px;\"><strong><span style=\"color: #ffffff;\"><a style=\"color: #ffffff;\" href=\"https:\/\/lacasadelbordador.cl\/wp-content\/uploads\/2024\/08\/colores-lcdb.pdf\" target=\"_blank\" rel=\"noopener\">\ud83e\uddf5 Descarga nuestra carta de colores aqu\u00ed <\/a><a style=\"color: #ffffff;\" href=\"https:\/\/lacasadelbordador.cl\/wp-content\/uploads\/2024\/07\/Muestra-Colores.pdf\">\ud83e\uddf5<\/a><\/span><\/strong><\/p>","protected":false},"featured_media":5945,"comment_status":"open","ping_status":"closed","template":"","meta":[],"product_brand":[],"product_cat":[225],"product_tag":[],"class_list":{"0":"post-4774","1":"product","2":"type-product","3":"status-publish","4":"has-post-thumbnail","6":"product_cat-hilos","8":"first","9":"instock","10":"shipping-taxable","11":"purchasable","12":"product-type-variable"},"yoast_head":"\n<title>HILO DE BORDAR \u2013 DURAFIL # 120 \u2013 4.000 m. &#8211; La Casa del Bordador<\/title>\n<meta name=\"description\" content=\"Hilo de bordar alta tecnolog\u00eda con excelente lustre, durabilidad y resistencia superior. Certificado \u00d6eko-Tex 100 clase 1, ideal para ropa de beb\u00e9 y aplicaciones exigentes.\" \/>\n<meta name=\"robots\" content=\"index, follow, max-snippet:-1, max-image-preview:large, max-video-preview:-1\" \/>\n<link rel=\"canonical\" href=\"https:\/\/lacasadelbordador.cl\/en\/product\/hilo-de-bordar-durafil-120-4-000-m\/\" \/>\n<meta property=\"og:locale\" content=\"en\" \/>\n<meta property=\"og:type\" content=\"article\" \/>\n<meta property=\"og:title\" content=\"HILO DE BORDAR \u2013 DURAFIL # 120 \u2013 4.000 m. &amp;#8211; La Casa del Bordador\" \/>\n<meta property=\"og:description\" content=\"Hilo de bordar alta tecnolog\u00eda con excelente lustre, durabilidad y resistencia superior. Certificado \u00d6eko-Tex 100 clase 1, ideal para ropa de beb\u00e9 y aplicaciones exigentes.\" \/>\n<meta property=\"og:url\" content=\"https:\/\/lacasadelbordador.cl\/en\/product\/hilo-de-bordar-durafil-120-4-000-m\/\" \/>\n<meta property=\"og:site_name\" content=\"La Casa del Bordador\" \/>\n<meta property=\"article:publisher\" content=\"https:\/\/www.facebook.com\/lacasadelbordador1\/\" \/>\n<meta property=\"article:modified_time\" content=\"2026-04-15T18:46:08+00:00\" \/>\n<meta property=\"og:image\" content=\"https:\/\/lacasadelbordador.cl\/wp-content\/uploads\/2024\/06\/Durafil.jpg\" \/>\n\t<meta property=\"og:image:width\" content=\"1080\" \/>\n\t<meta property=\"og:image:height\" content=\"1080\" \/>\n\t<meta property=\"og:image:type\" content=\"image\/jpeg\" \/>\n<meta name=\"twitter:card\" content=\"summary_large_image\" \/>\n<meta name=\"twitter:label1\" content=\"Est. reading time\" \/>\n\t<meta name=\"twitter:data1\" content=\"1 minute\" \/>\n<script type=\"application\/ld+json\" class=\"yoast-schema-graph\">{\"@context\":\"https:\/\/schema.org\",\"@graph\":[{\"@type\":\"WebPage\",\"@id\":\"https:\/\/lacasadelbordador.cl\/product\/hilo-de-bordar-durafil-120-4-000-m\/\",\"url\":\"https:\/\/lacasadelbordador.cl\/product\/hilo-de-bordar-durafil-120-4-000-m\/\",\"name\":\"HILO DE BORDAR \u2013 DURAFIL # 120 \u2013 4.000 m. &#8211; La Casa del Bordador\",\"isPartOf\":{\"@id\":\"https:\/\/lacasadelbordador.cl\/#website\"},\"primaryImageOfPage\":{\"@id\":\"https:\/\/lacasadelbordador.cl\/product\/hilo-de-bordar-durafil-120-4-000-m\/#primaryimage\"},\"image\":{\"@id\":\"https:\/\/lacasadelbordador.cl\/product\/hilo-de-bordar-durafil-120-4-000-m\/#primaryimage\"},\"thumbnailUrl\":\"https:\/\/lacasadelbordador.cl\/wp-content\/uploads\/2024\/06\/Durafil.jpg\",\"datePublished\":\"2024-06-12T19:14:25+00:00\",\"dateModified\":\"2026-04-15T18:46:08+00:00\",\"description\":\"Hilo de bordar alta tecnolog\u00eda con excelente lustre, durabilidad y resistencia superior. Certificado \u00d6eko-Tex 100 clase 1, ideal para ropa de beb\u00e9 y aplicaciones exigentes.\",\"breadcrumb\":{\"@id\":\"https:\/\/lacasadelbordador.cl\/product\/hilo-de-bordar-durafil-120-4-000-m\/#breadcrumb\"},\"inLanguage\":\"en-US\",\"potentialAction\":[{\"@type\":\"ReadAction\",\"target\":[\"https:\/\/lacasadelbordador.cl\/product\/hilo-de-bordar-durafil-120-4-000-m\/\"]}]},{\"@type\":\"ImageObject\",\"inLanguage\":\"en-US\",\"@id\":\"https:\/\/lacasadelbordador.cl\/product\/hilo-de-bordar-durafil-120-4-000-m\/#primaryimage\",\"url\":\"https:\/\/lacasadelbordador.cl\/wp-content\/uploads\/2024\/06\/Durafil.jpg\",\"contentUrl\":\"https:\/\/lacasadelbordador.cl\/wp-content\/uploads\/2024\/06\/Durafil.jpg\",\"width\":1080,\"height\":1080},{\"@type\":\"BreadcrumbList\",\"@id\":\"https:\/\/lacasadelbordador.cl\/product\/hilo-de-bordar-durafil-120-4-000-m\/#breadcrumb\",\"itemListElement\":[{\"@type\":\"ListItem\",\"position\":1,\"name\":\"Portada\",\"item\":\"https:\/\/lacasadelbordador.cl\/\"},{\"@type\":\"ListItem\",\"position\":2,\"name\":\"Tienda\",\"item\":\"https:\/\/lacasadelbordador.cl\/tienda\/\"},{\"@type\":\"ListItem\",\"position\":3,\"name\":\"HILO DE BORDAR \u2013 DURAFIL # 120 \u2013 4.000 m.\"}]},{\"@type\":\"WebSite\",\"@id\":\"https:\/\/lacasadelbordador.cl\/#website\",\"url\":\"https:\/\/lacasadelbordador.cl\/\",\"name\":\"La Casa del Bordador\",\"description\":\"En La Casa del Bordador podr\u00e1s encontrar repuestos, servicio tenico y bordadoras industriales. \u00a1Todo lo que necesitas para tus proyectos y dise\u00f1ar moda!\",\"publisher\":{\"@id\":\"https:\/\/lacasadelbordador.cl\/#organization\"},\"alternateName\":\"CDB\",\"potentialAction\":[{\"@type\":\"SearchAction\",\"target\":{\"@type\":\"EntryPoint\",\"urlTemplate\":\"https:\/\/lacasadelbordador.cl\/?s={search_term_string}\"},\"query-input\":{\"@type\":\"PropertyValueSpecification\",\"valueRequired\":true,\"valueName\":\"search_term_string\"}}],\"inLanguage\":\"en-US\"},{\"@type\":\"Organization\",\"@id\":\"https:\/\/lacasadelbordador.cl\/#organization\",\"name\":\"La Casa del Bordador\",\"alternateName\":\"CDB\",\"url\":\"https:\/\/lacasadelbordador.cl\/\",\"logo\":{\"@type\":\"ImageObject\",\"inLanguage\":\"en-US\",\"@id\":\"https:\/\/lacasadelbordador.cl\/#\/schema\/logo\/image\/\",\"url\":\"https:\/\/lacasadelbordador.cl\/wp-content\/uploads\/2024\/08\/logo-lcdb-v.3.jpg\",\"contentUrl\":\"https:\/\/lacasadelbordador.cl\/wp-content\/uploads\/2024\/08\/logo-lcdb-v.3.jpg\",\"width\":1200,\"height\":915,\"caption\":\"La Casa del Bordador\"},\"image\":{\"@id\":\"https:\/\/lacasadelbordador.cl\/#\/schema\/logo\/image\/\"},\"sameAs\":[\"https:\/\/www.facebook.com\/lacasadelbordador1\/\"]}]}<\/script>\n<!-- \/ Yoast SEO plugin. -->","yoast_head_json":{"title":"HILO DE BORDAR \u2013 DURAFIL # 120 \u2013 4.000 m. &#8211; La Casa del Bordador","description":"Hilo de bordar alta tecnolog\u00eda con excelente lustre, durabilidad y resistencia superior. Certificado \u00d6eko-Tex 100 clase 1, ideal para ropa de beb\u00e9 y aplicaciones exigentes.","robots":{"index":"index","follow":"follow","max-snippet":"max-snippet:-1","max-image-preview":"max-image-preview:large","max-video-preview":"max-video-preview:-1"},"canonical":"https:\/\/lacasadelbordador.cl\/en\/product\/hilo-de-bordar-durafil-120-4-000-m\/","og_locale":"en_US","og_type":"article","og_title":"HILO DE BORDAR \u2013 DURAFIL # 120 \u2013 4.000 m. &#8211; La Casa del Bordador","og_description":"Hilo de bordar alta tecnolog\u00eda con excelente lustre, durabilidad y resistencia superior. Certificado \u00d6eko-Tex 100 clase 1, ideal para ropa de beb\u00e9 y aplicaciones exigentes.","og_url":"https:\/\/lacasadelbordador.cl\/en\/product\/hilo-de-bordar-durafil-120-4-000-m\/","og_site_name":"La Casa del Bordador","article_publisher":"https:\/\/www.facebook.com\/lacasadelbordador1\/","article_modified_time":"2026-04-15T18:46:08+00:00","og_image":[{"width":1080,"height":1080,"url":"https:\/\/lacasadelbordador.cl\/wp-content\/uploads\/2024\/06\/Durafil.jpg","type":"image\/jpeg"}],"twitter_card":"summary_large_image","twitter_misc":{"Est. reading time":"1 minute"},"schema":{"@context":"https:\/\/schema.org","@graph":[{"@type":"WebPage","@id":"https:\/\/lacasadelbordador.cl\/product\/hilo-de-bordar-durafil-120-4-000-m\/","url":"https:\/\/lacasadelbordador.cl\/en\/product\/hilo-de-bordar-durafil-120-4-000-m\/","name":"HILO DE BORDAR \u2013 DURAFIL # 120 \u2013 4.000 m. &#8211; La Casa del Bordador","isPartOf":{"@id":"https:\/\/lacasadelbordador.cl\/#website"},"primaryImageOfPage":{"@id":"https:\/\/lacasadelbordador.cl\/product\/hilo-de-bordar-durafil-120-4-000-m\/#primaryimage"},"image":{"@id":"https:\/\/lacasadelbordador.cl\/product\/hilo-de-bordar-durafil-120-4-000-m\/#primaryimage"},"thumbnailUrl":"https:\/\/lacasadelbordador.cl\/wp-content\/uploads\/2024\/06\/Durafil.jpg","datePublished":"2024-06-12T19:14:25+00:00","dateModified":"2026-04-15T18:46:08+00:00","description":"Hilo de bordar alta tecnolog\u00eda con excelente lustre, durabilidad y resistencia superior. Certificado \u00d6eko-Tex 100 clase 1, ideal para ropa de beb\u00e9 y aplicaciones exigentes.","breadcrumb":{"@id":"https:\/\/lacasadelbordador.cl\/product\/hilo-de-bordar-durafil-120-4-000-m\/#breadcrumb"},"inLanguage":"en-US","potentialAction":[{"@type":"ReadAction","target":["https:\/\/lacasadelbordador.cl\/product\/hilo-de-bordar-durafil-120-4-000-m\/"]}]},{"@type":"ImageObject","inLanguage":"en-US","@id":"https:\/\/lacasadelbordador.cl\/product\/hilo-de-bordar-durafil-120-4-000-m\/#primaryimage","url":"https:\/\/lacasadelbordador.cl\/wp-content\/uploads\/2024\/06\/Durafil.jpg","contentUrl":"https:\/\/lacasadelbordador.cl\/wp-content\/uploads\/2024\/06\/Durafil.jpg","width":1080,"height":1080},{"@type":"BreadcrumbList","@id":"https:\/\/lacasadelbordador.cl\/product\/hilo-de-bordar-durafil-120-4-000-m\/#breadcrumb","itemListElement":[{"@type":"ListItem","position":1,"name":"Portada","item":"https:\/\/lacasadelbordador.cl\/"},{"@type":"ListItem","position":2,"name":"Tienda","item":"https:\/\/lacasadelbordador.cl\/tienda\/"},{"@type":"ListItem","position":3,"name":"HILO DE BORDAR \u2013 DURAFIL # 120 \u2013 4.000 m."}]},{"@type":"WebSite","@id":"https:\/\/lacasadelbordador.cl\/#website","url":"https:\/\/lacasadelbordador.cl\/en\/","name":"La Casa del Bordador","description":"En La Casa del Bordador podr\u00e1s encontrar repuestos, servicio tenico y bordadoras industriales. \u00a1Todo lo que necesitas para tus proyectos y dise\u00f1ar moda!","publisher":{"@id":"https:\/\/lacasadelbordador.cl\/#organization"},"alternateName":"CDB","potentialAction":[{"@type":"SearchAction","target":{"@type":"EntryPoint","urlTemplate":"https:\/\/lacasadelbordador.cl\/?s={search_term_string}"},"query-input":{"@type":"PropertyValueSpecification","valueRequired":true,"valueName":"search_term_string"}}],"inLanguage":"en-US"},{"@type":"Organization","@id":"https:\/\/lacasadelbordador.cl\/#organization","name":"La Casa del Bordador","alternateName":"CDB","url":"https:\/\/lacasadelbordador.cl\/en\/","logo":{"@type":"ImageObject","inLanguage":"en-US","@id":"https:\/\/lacasadelbordador.cl\/#\/schema\/logo\/image\/","url":"https:\/\/lacasadelbordador.cl\/wp-content\/uploads\/2024\/08\/logo-lcdb-v.3.jpg","contentUrl":"https:\/\/lacasadelbordador.cl\/wp-content\/uploads\/2024\/08\/logo-lcdb-v.3.jpg","width":1200,"height":915,"caption":"La Casa del Bordador"},"image":{"@id":"https:\/\/lacasadelbordador.cl\/#\/schema\/logo\/image\/"},"sameAs":["https:\/\/www.facebook.com\/lacasadelbordador1\/"]}]}},"_links":{"self":[{"href":"https:\/\/lacasadelbordador.cl\/en\/wp-json\/wp\/v2\/product\/4774","targetHints":{"allow":["GET"]}}],"collection":[{"href":"https:\/\/lacasadelbordador.cl\/en\/wp-json\/wp\/v2\/product"}],"about":[{"href":"https:\/\/lacasadelbordador.cl\/en\/wp-json\/wp\/v2\/types\/product"}],"replies":[{"embeddable":true,"href":"https:\/\/lacasadelbordador.cl\/en\/wp-json\/wp\/v2\/comments?post=4774"}],"wp:featuredmedia":[{"embeddable":true,"href":"https:\/\/lacasadelbordador.cl\/en\/wp-json\/wp\/v2\/media\/5945"}],"wp:attachment":[{"href":"https:\/\/lacasadelbordador.cl\/en\/wp-json\/wp\/v2\/media?parent=4774"}],"wp:term":[{"taxonomy":"product_brand","embeddable":true,"href":"https:\/\/lacasadelbordador.cl\/en\/wp-json\/wp\/v2\/product_brand?post=4774"},{"taxonomy":"product_cat","embeddable":true,"href":"https:\/\/lacasadelbordador.cl\/en\/wp-json\/wp\/v2\/product_cat?post=4774"},{"taxonomy":"product_tag","embeddable":true,"href":"https:\/\/lacasadelbordador.cl\/en\/wp-json\/wp\/v2\/product_tag?post=4774"}],"curies":[{"name":"wp","href":"https:\/\/api.w.org\/{rel}","templated":true}]}}