{"id":4712,"date":"2024-06-07T18:27:40","date_gmt":"2024-06-07T18:27:40","guid":{"rendered":"https:\/\/lacasadelbordador.cl\/?post_type=product&#038;p=4712"},"modified":"2026-03-16T11:30:30","modified_gmt":"2026-03-16T15:30:30","slug":"bordadora-industrial-fortever-ft-1506","status":"publish","type":"product","link":"https:\/\/lacasadelbordador.cl\/en\/product\/bordadora-industrial-fortever-ft-1506\/","title":{"rendered":"BORDADORA INDUSTRIAL FORTEVER FT-1506"},"content":{"rendered":"<p style=\"font-weight: 400;\">M\u00e1quina Bordadora Industrial<strong>, FORTEVER FT-1506, 6 cabezal, con 15 agujas<\/strong>, robusta, con un<strong>\u00a0<\/strong><strong>\u00e1rea de bordar de 40 x 45 cm.\u00a0<\/strong><\/p>\n<p style=\"font-weight: 400;\">Esta bordadora\u00a0<strong>incluye de regalo el Stand con ruedas<\/strong>\u00a0para que puedas trabajar de manera mas c\u00f3moda y podr\u00e1s mover la bordadora al lugar que desees.<\/p>\n<p style=\"font-weight: 400;\">Todas la mas maquinas que ofrecemos\u00a0<strong>incluyen curso de capacitaci\u00f3n.<\/strong><\/p>\n<ul>\n<li>Area de bordado 40 x 45 cm.<\/li>\n<li>M\u00e1quina industrial.<\/li>\n<li>Motor principal servo.<\/li>\n<li>Velocidad maxima de 1.000ppm.<\/li>\n<li>Entrada usb.<\/li>\n<li>Panel t\u00e1ctil de 15\u201d.<\/li>\n<li>15 agujas.<\/li>\n<li>Corte de hilos autom\u00e1tico.<\/li>\n<li>Iluminaci\u00f3n led<\/li>\n<li>Doce Bastidores por medida (9, 12, 15, 19, 30&#215;30) cm.<\/li>\n<li>Seis Bastidores tubular 6x (31&#215;39) cm<\/li>\n<li>Kit bastidor de gorras (12bastidores).<\/li>\n<li>Mesa.<\/li>\n<li>Devanador de carretes.<\/li>\n<li>Kit de repuestos.<\/li>\n<li>Kit de herramientas.<\/li>\n<li><strong>1 a\u00f1o de garant\u00eda.<\/strong><\/li>\n<li>Marca Fortever original de f\u00e1brica.<\/li>\n<li><strong><strong><strong><strong>Boleto del t\u00e9cnico para realizar la instalaci\u00f3n y capacitaci\u00f3n en el domicilio del cliente, esta incluido, no hay cargo adicional.<\/strong><\/strong><\/strong><\/strong><iframe loading=\"lazy\" title=\"Bordadora FORTEVER FT-1506\" width=\"1200\" height=\"675\" src=\"https:\/\/www.youtube.com\/embed\/B57HQi9eOis?feature=oembed&#038;enablejsapi=1&#038;origin=https:\/\/lacasadelbordador.cl\" frameborder=\"0\" allow=\"accelerometer; autoplay; clipboard-write; encrypted-media; gyroscope; picture-in-picture; web-share\" referrerpolicy=\"strict-origin-when-cross-origin\" allowfullscreen><\/iframe><\/li>\n<\/ul>","protected":false},"excerpt":{"rendered":"<p><span style=\"color: #ff0000;\"><strong>DISPONIBLE PARA ENTREGA INMEDIATA<\/strong><\/span><\/p>","protected":false},"featured_media":4300,"comment_status":"closed","ping_status":"closed","template":"","meta":[],"product_brand":[],"product_cat":[219,215],"product_tag":[],"class_list":{"0":"post-4712","1":"product","2":"type-product","3":"status-publish","4":"has-post-thumbnail","6":"product_cat-bordadoras-fortever","7":"product_cat-maquinas-de-bordar","9":"first","10":"outofstock","11":"sale","12":"shipping-taxable","13":"purchasable","14":"product-type-simple"},"yoast_head":"\n<title>BORDADORA INDUSTRIAL FORTEVER FT-1506 &#8211; La Casa del Bordador<\/title>\n<meta name=\"description\" content=\"DISPONIBLE PARA ENTREGA INMEDIATA\" \/>\n<meta name=\"robots\" content=\"index, follow, max-snippet:-1, max-image-preview:large, max-video-preview:-1\" \/>\n<link rel=\"canonical\" href=\"https:\/\/lacasadelbordador.cl\/en\/product\/bordadora-industrial-fortever-ft-1506\/\" \/>\n<meta property=\"og:locale\" content=\"en\" \/>\n<meta property=\"og:type\" content=\"article\" \/>\n<meta property=\"og:title\" content=\"BORDADORA INDUSTRIAL FORTEVER FT-1506 &amp;#8211; La Casa del Bordador\" \/>\n<meta property=\"og:description\" content=\"DISPONIBLE PARA ENTREGA INMEDIATA\" \/>\n<meta property=\"og:url\" content=\"https:\/\/lacasadelbordador.cl\/en\/product\/bordadora-industrial-fortever-ft-1506\/\" \/>\n<meta property=\"og:site_name\" content=\"La Casa del Bordador\" \/>\n<meta property=\"article:publisher\" content=\"https:\/\/www.facebook.com\/lacasadelbordador1\/\" \/>\n<meta property=\"article:modified_time\" content=\"2026-03-16T15:30:30+00:00\" \/>\n<meta property=\"og:image\" content=\"https:\/\/lacasadelbordador.cl\/wp-content\/uploads\/2024\/05\/ft-1506.jpg\" \/>\n\t<meta property=\"og:image:width\" content=\"1080\" \/>\n\t<meta property=\"og:image:height\" content=\"1080\" \/>\n\t<meta property=\"og:image:type\" content=\"image\/jpeg\" \/>\n<meta name=\"twitter:card\" content=\"summary_large_image\" \/>\n<meta name=\"twitter:label1\" content=\"Est. reading time\" \/>\n\t<meta name=\"twitter:data1\" content=\"1 minute\" \/>\n<script type=\"application\/ld+json\" class=\"yoast-schema-graph\">{\"@context\":\"https:\/\/schema.org\",\"@graph\":[{\"@type\":\"WebPage\",\"@id\":\"https:\/\/lacasadelbordador.cl\/product\/bordadora-industrial-fortever-ft-1506\/\",\"url\":\"https:\/\/lacasadelbordador.cl\/product\/bordadora-industrial-fortever-ft-1506\/\",\"name\":\"BORDADORA INDUSTRIAL FORTEVER FT-1506 &#8211; La Casa del Bordador\",\"isPartOf\":{\"@id\":\"https:\/\/lacasadelbordador.cl\/#website\"},\"primaryImageOfPage\":{\"@id\":\"https:\/\/lacasadelbordador.cl\/product\/bordadora-industrial-fortever-ft-1506\/#primaryimage\"},\"image\":{\"@id\":\"https:\/\/lacasadelbordador.cl\/product\/bordadora-industrial-fortever-ft-1506\/#primaryimage\"},\"thumbnailUrl\":\"https:\/\/lacasadelbordador.cl\/wp-content\/uploads\/2024\/05\/ft-1506.jpg\",\"datePublished\":\"2024-06-07T18:27:40+00:00\",\"dateModified\":\"2026-03-16T15:30:30+00:00\",\"description\":\"DISPONIBLE PARA ENTREGA INMEDIATA\",\"breadcrumb\":{\"@id\":\"https:\/\/lacasadelbordador.cl\/product\/bordadora-industrial-fortever-ft-1506\/#breadcrumb\"},\"inLanguage\":\"en-US\",\"potentialAction\":[{\"@type\":\"ReadAction\",\"target\":[\"https:\/\/lacasadelbordador.cl\/product\/bordadora-industrial-fortever-ft-1506\/\"]}]},{\"@type\":\"ImageObject\",\"inLanguage\":\"en-US\",\"@id\":\"https:\/\/lacasadelbordador.cl\/product\/bordadora-industrial-fortever-ft-1506\/#primaryimage\",\"url\":\"https:\/\/lacasadelbordador.cl\/wp-content\/uploads\/2024\/05\/ft-1506.jpg\",\"contentUrl\":\"https:\/\/lacasadelbordador.cl\/wp-content\/uploads\/2024\/05\/ft-1506.jpg\",\"width\":1080,\"height\":1080},{\"@type\":\"BreadcrumbList\",\"@id\":\"https:\/\/lacasadelbordador.cl\/product\/bordadora-industrial-fortever-ft-1506\/#breadcrumb\",\"itemListElement\":[{\"@type\":\"ListItem\",\"position\":1,\"name\":\"Portada\",\"item\":\"https:\/\/lacasadelbordador.cl\/\"},{\"@type\":\"ListItem\",\"position\":2,\"name\":\"Tienda\",\"item\":\"https:\/\/lacasadelbordador.cl\/tienda\/\"},{\"@type\":\"ListItem\",\"position\":3,\"name\":\"BORDADORA INDUSTRIAL FORTEVER FT-1506\"}]},{\"@type\":\"WebSite\",\"@id\":\"https:\/\/lacasadelbordador.cl\/#website\",\"url\":\"https:\/\/lacasadelbordador.cl\/\",\"name\":\"La Casa del Bordador\",\"description\":\"En La Casa del Bordador podr\u00e1s encontrar repuestos, servicio tenico y bordadoras industriales. \u00a1Todo lo que necesitas para tus proyectos y dise\u00f1ar moda!\",\"publisher\":{\"@id\":\"https:\/\/lacasadelbordador.cl\/#organization\"},\"alternateName\":\"CDB\",\"potentialAction\":[{\"@type\":\"SearchAction\",\"target\":{\"@type\":\"EntryPoint\",\"urlTemplate\":\"https:\/\/lacasadelbordador.cl\/?s={search_term_string}\"},\"query-input\":{\"@type\":\"PropertyValueSpecification\",\"valueRequired\":true,\"valueName\":\"search_term_string\"}}],\"inLanguage\":\"en-US\"},{\"@type\":\"Organization\",\"@id\":\"https:\/\/lacasadelbordador.cl\/#organization\",\"name\":\"La Casa del Bordador\",\"alternateName\":\"CDB\",\"url\":\"https:\/\/lacasadelbordador.cl\/\",\"logo\":{\"@type\":\"ImageObject\",\"inLanguage\":\"en-US\",\"@id\":\"https:\/\/lacasadelbordador.cl\/#\/schema\/logo\/image\/\",\"url\":\"https:\/\/lacasadelbordador.cl\/wp-content\/uploads\/2024\/08\/logo-lcdb-v.3.jpg\",\"contentUrl\":\"https:\/\/lacasadelbordador.cl\/wp-content\/uploads\/2024\/08\/logo-lcdb-v.3.jpg\",\"width\":1200,\"height\":915,\"caption\":\"La Casa del Bordador\"},\"image\":{\"@id\":\"https:\/\/lacasadelbordador.cl\/#\/schema\/logo\/image\/\"},\"sameAs\":[\"https:\/\/www.facebook.com\/lacasadelbordador1\/\"]}]}<\/script>\n<!-- \/ Yoast SEO plugin. -->","yoast_head_json":{"title":"BORDADORA INDUSTRIAL FORTEVER FT-1506 &#8211; La Casa del Bordador","description":"DISPONIBLE PARA ENTREGA INMEDIATA","robots":{"index":"index","follow":"follow","max-snippet":"max-snippet:-1","max-image-preview":"max-image-preview:large","max-video-preview":"max-video-preview:-1"},"canonical":"https:\/\/lacasadelbordador.cl\/en\/product\/bordadora-industrial-fortever-ft-1506\/","og_locale":"en_US","og_type":"article","og_title":"BORDADORA INDUSTRIAL FORTEVER FT-1506 &#8211; La Casa del Bordador","og_description":"DISPONIBLE PARA ENTREGA INMEDIATA","og_url":"https:\/\/lacasadelbordador.cl\/en\/product\/bordadora-industrial-fortever-ft-1506\/","og_site_name":"La Casa del Bordador","article_publisher":"https:\/\/www.facebook.com\/lacasadelbordador1\/","article_modified_time":"2026-03-16T15:30:30+00:00","og_image":[{"width":1080,"height":1080,"url":"https:\/\/lacasadelbordador.cl\/wp-content\/uploads\/2024\/05\/ft-1506.jpg","type":"image\/jpeg"}],"twitter_card":"summary_large_image","twitter_misc":{"Est. reading time":"1 minute"},"schema":{"@context":"https:\/\/schema.org","@graph":[{"@type":"WebPage","@id":"https:\/\/lacasadelbordador.cl\/product\/bordadora-industrial-fortever-ft-1506\/","url":"https:\/\/lacasadelbordador.cl\/en\/product\/bordadora-industrial-fortever-ft-1506\/","name":"BORDADORA INDUSTRIAL FORTEVER FT-1506 &#8211; La Casa del Bordador","isPartOf":{"@id":"https:\/\/lacasadelbordador.cl\/#website"},"primaryImageOfPage":{"@id":"https:\/\/lacasadelbordador.cl\/product\/bordadora-industrial-fortever-ft-1506\/#primaryimage"},"image":{"@id":"https:\/\/lacasadelbordador.cl\/product\/bordadora-industrial-fortever-ft-1506\/#primaryimage"},"thumbnailUrl":"https:\/\/lacasadelbordador.cl\/wp-content\/uploads\/2024\/05\/ft-1506.jpg","datePublished":"2024-06-07T18:27:40+00:00","dateModified":"2026-03-16T15:30:30+00:00","description":"DISPONIBLE PARA ENTREGA INMEDIATA","breadcrumb":{"@id":"https:\/\/lacasadelbordador.cl\/product\/bordadora-industrial-fortever-ft-1506\/#breadcrumb"},"inLanguage":"en-US","potentialAction":[{"@type":"ReadAction","target":["https:\/\/lacasadelbordador.cl\/product\/bordadora-industrial-fortever-ft-1506\/"]}]},{"@type":"ImageObject","inLanguage":"en-US","@id":"https:\/\/lacasadelbordador.cl\/product\/bordadora-industrial-fortever-ft-1506\/#primaryimage","url":"https:\/\/lacasadelbordador.cl\/wp-content\/uploads\/2024\/05\/ft-1506.jpg","contentUrl":"https:\/\/lacasadelbordador.cl\/wp-content\/uploads\/2024\/05\/ft-1506.jpg","width":1080,"height":1080},{"@type":"BreadcrumbList","@id":"https:\/\/lacasadelbordador.cl\/product\/bordadora-industrial-fortever-ft-1506\/#breadcrumb","itemListElement":[{"@type":"ListItem","position":1,"name":"Portada","item":"https:\/\/lacasadelbordador.cl\/"},{"@type":"ListItem","position":2,"name":"Tienda","item":"https:\/\/lacasadelbordador.cl\/tienda\/"},{"@type":"ListItem","position":3,"name":"BORDADORA INDUSTRIAL FORTEVER FT-1506"}]},{"@type":"WebSite","@id":"https:\/\/lacasadelbordador.cl\/#website","url":"https:\/\/lacasadelbordador.cl\/en\/","name":"La Casa del Bordador","description":"En La Casa del Bordador podr\u00e1s encontrar repuestos, servicio tenico y bordadoras industriales. \u00a1Todo lo que necesitas para tus proyectos y dise\u00f1ar moda!","publisher":{"@id":"https:\/\/lacasadelbordador.cl\/#organization"},"alternateName":"CDB","potentialAction":[{"@type":"SearchAction","target":{"@type":"EntryPoint","urlTemplate":"https:\/\/lacasadelbordador.cl\/?s={search_term_string}"},"query-input":{"@type":"PropertyValueSpecification","valueRequired":true,"valueName":"search_term_string"}}],"inLanguage":"en-US"},{"@type":"Organization","@id":"https:\/\/lacasadelbordador.cl\/#organization","name":"La Casa del Bordador","alternateName":"CDB","url":"https:\/\/lacasadelbordador.cl\/en\/","logo":{"@type":"ImageObject","inLanguage":"en-US","@id":"https:\/\/lacasadelbordador.cl\/#\/schema\/logo\/image\/","url":"https:\/\/lacasadelbordador.cl\/wp-content\/uploads\/2024\/08\/logo-lcdb-v.3.jpg","contentUrl":"https:\/\/lacasadelbordador.cl\/wp-content\/uploads\/2024\/08\/logo-lcdb-v.3.jpg","width":1200,"height":915,"caption":"La Casa del Bordador"},"image":{"@id":"https:\/\/lacasadelbordador.cl\/#\/schema\/logo\/image\/"},"sameAs":["https:\/\/www.facebook.com\/lacasadelbordador1\/"]}]}},"_links":{"self":[{"href":"https:\/\/lacasadelbordador.cl\/en\/wp-json\/wp\/v2\/product\/4712","targetHints":{"allow":["GET"]}}],"collection":[{"href":"https:\/\/lacasadelbordador.cl\/en\/wp-json\/wp\/v2\/product"}],"about":[{"href":"https:\/\/lacasadelbordador.cl\/en\/wp-json\/wp\/v2\/types\/product"}],"replies":[{"embeddable":true,"href":"https:\/\/lacasadelbordador.cl\/en\/wp-json\/wp\/v2\/comments?post=4712"}],"wp:featuredmedia":[{"embeddable":true,"href":"https:\/\/lacasadelbordador.cl\/en\/wp-json\/wp\/v2\/media\/4300"}],"wp:attachment":[{"href":"https:\/\/lacasadelbordador.cl\/en\/wp-json\/wp\/v2\/media?parent=4712"}],"wp:term":[{"taxonomy":"product_brand","embeddable":true,"href":"https:\/\/lacasadelbordador.cl\/en\/wp-json\/wp\/v2\/product_brand?post=4712"},{"taxonomy":"product_cat","embeddable":true,"href":"https:\/\/lacasadelbordador.cl\/en\/wp-json\/wp\/v2\/product_cat?post=4712"},{"taxonomy":"product_tag","embeddable":true,"href":"https:\/\/lacasadelbordador.cl\/en\/wp-json\/wp\/v2\/product_tag?post=4712"}],"curies":[{"name":"wp","href":"https:\/\/api.w.org\/{rel}","templated":true}]}}