{"id":4705,"date":"2024-06-07T18:27:40","date_gmt":"2024-06-07T18:27:40","guid":{"rendered":"https:\/\/lacasadelbordador.cl\/?post_type=product&#038;p=4705"},"modified":"2024-10-16T16:00:43","modified_gmt":"2024-10-16T16:00:43","slug":"maquina-de-bordar-brother-semi-industrial-pr1x","status":"publish","type":"product","link":"https:\/\/lacasadelbordador.cl\/en\/product\/maquina-de-bordar-brother-semi-industrial-pr1x\/","title":{"rendered":"MAQUINA DE BORDAR BROTHER SEMI INDUSTRIAL PR1X"},"content":{"rendered":"<h2>DESCRIPCI\u00d3N<\/h2>\n<h2><strong>M\u00e1quina de bordar Brother PR1X Semi Industrial <\/strong><\/h2>\n<p><strong>DISPONIBLE PARA ENTREGA INMEDIATA<\/strong><\/p>\n<p>M\u00e1quina de bordar Brother\u00a0 PR1X tiene las siguientes caracter\u00edsticas:<\/p>\n<ul>\n<li>\u00c1rea de bordado 20 x 30 cm.<\/li>\n<li>\u00c1rea de bordado de gorras 6 x 10 cm.<\/li>\n<li>Velocidad m\u00e1xima de bordado 1.000 ppm y en gorras 600 ppm (puntadas por minuto).<\/li>\n<li>495 dise\u00f1os de bordado integrados<\/li>\n<li>33 fuentes de letras para bordado<\/li>\n<li>Incluye 2 bastidores planos\n<ul>\n<li>20 cm x 30 cm<\/li>\n<li>10 cm x 10cm<\/li>\n<\/ul>\n<\/li>\n<li>Enhebrador autom\u00e1tico.<\/li>\n<li>Bobina vertical f\u00e1cil de cambiar al terminar el hilo.<\/li>\n<li>Bobinador con motor independiente, para bobinar mientras se est\u00e1 bordando.<\/li>\n<li>Cortador de hilo (superior e inferior).<\/li>\n<li>Porta hilos con capacidad para 4 conos.<\/li>\n<li>Puntero LED para calzar punto de inicio de bordado.<\/li>\n<li>Amplia iluminaci\u00f3n LED para la zona de trabajo.<\/li>\n<li>Pantalla a color LCD Sistema Touch Screen con selecci\u00f3n computarizada de puntadas (91 x 152 mm)<\/li>\n<li>Lector de formato de matrices PES.<\/li>\n<li>Puerto USB<\/li>\n<\/ul>\n<p><u>Accesorios Opcionales que se compran por separado<\/u><\/p>\n<ul>\n<li>Kit de bastidor de gorras<\/li>\n<li>Kit de bordado libre que incluye la mesa de trabajo<\/li>\n<li>Estante para la m\u00e1quina<\/li>\n<li>Bastidor de bordes<\/li>\n<li>Bastidor para bordar zapatos, etc<\/li>\n<\/ul>","protected":false},"excerpt":{"rendered":"<div class=\"nep-product-meta\">\n<h2 class=\"nep-product-title\">Entrepreneur One PR1X bordado con una sola aguja<\/h2>\n<\/div>\n<div class=\"nep-product-features\">\n<ul>\n<li>Gran \u00e1rea de bordado de 20 x 30 cm<\/li>\n<li>L\u00e1ser de Posicionamiento en forma de cruz<\/li>\n<li>Flexibilidad de una sola aguja<\/li>\n<\/ul>\n<\/div>","protected":false},"featured_media":4277,"comment_status":"closed","ping_status":"closed","template":"","meta":[],"product_brand":[],"product_cat":[214],"product_tag":[],"class_list":{"0":"post-4705","1":"product","2":"type-product","3":"status-publish","4":"has-post-thumbnail","6":"product_cat-bordadoras-brother","8":"first","9":"instock","10":"sale","11":"shipping-taxable","12":"purchasable","13":"product-type-simple"},"yoast_head":"\n<title>MAQUINA DE BORDAR BROTHER SEMI INDUSTRIAL PR1X &#8211; La Casa del Bordador<\/title>\n<meta name=\"description\" content=\"M\u00e1quina de Bordar Brother Semi-Industrial PR1X. Conquista proyectos complejos con la m\u00e1quina bordadora Brother PR1X, dise\u00f1ada para uso semi-industrial.\" \/>\n<meta name=\"robots\" content=\"index, follow, max-snippet:-1, max-image-preview:large, max-video-preview:-1\" \/>\n<link rel=\"canonical\" href=\"https:\/\/lacasadelbordador.cl\/en\/product\/maquina-de-bordar-brother-semi-industrial-pr1x\/\" \/>\n<meta property=\"og:locale\" content=\"en\" \/>\n<meta property=\"og:type\" content=\"article\" \/>\n<meta property=\"og:title\" content=\"MAQUINA DE BORDAR BROTHER SEMI INDUSTRIAL PR1X &amp;#8211; La Casa del Bordador\" \/>\n<meta property=\"og:description\" content=\"M\u00e1quina de Bordar Brother Semi-Industrial PR1X. Conquista proyectos complejos con la m\u00e1quina bordadora Brother PR1X, dise\u00f1ada para uso semi-industrial.\" \/>\n<meta property=\"og:url\" content=\"https:\/\/lacasadelbordador.cl\/en\/product\/maquina-de-bordar-brother-semi-industrial-pr1x\/\" \/>\n<meta property=\"og:site_name\" content=\"La Casa del Bordador\" \/>\n<meta property=\"article:publisher\" content=\"https:\/\/www.facebook.com\/lacasadelbordador1\/\" \/>\n<meta property=\"article:modified_time\" content=\"2024-10-16T16:00:43+00:00\" \/>\n<meta property=\"og:image\" content=\"https:\/\/lacasadelbordador.cl\/wp-content\/uploads\/2024\/05\/brother-pr1x-embroidery-machine.jpg\" \/>\n\t<meta property=\"og:image:width\" content=\"1400\" \/>\n\t<meta property=\"og:image:height\" content=\"1400\" \/>\n\t<meta property=\"og:image:type\" content=\"image\/jpeg\" \/>\n<meta name=\"twitter:card\" content=\"summary_large_image\" \/>\n<meta name=\"twitter:label1\" content=\"Est. reading time\" \/>\n\t<meta name=\"twitter:data1\" content=\"2 minutes\" \/>\n<script type=\"application\/ld+json\" class=\"yoast-schema-graph\">{\"@context\":\"https:\/\/schema.org\",\"@graph\":[{\"@type\":\"WebPage\",\"@id\":\"https:\/\/lacasadelbordador.cl\/product\/maquina-de-bordar-brother-semi-industrial-pr1x\/\",\"url\":\"https:\/\/lacasadelbordador.cl\/product\/maquina-de-bordar-brother-semi-industrial-pr1x\/\",\"name\":\"MAQUINA DE BORDAR BROTHER SEMI INDUSTRIAL PR1X &#8211; La Casa del Bordador\",\"isPartOf\":{\"@id\":\"https:\/\/lacasadelbordador.cl\/#website\"},\"primaryImageOfPage\":{\"@id\":\"https:\/\/lacasadelbordador.cl\/product\/maquina-de-bordar-brother-semi-industrial-pr1x\/#primaryimage\"},\"image\":{\"@id\":\"https:\/\/lacasadelbordador.cl\/product\/maquina-de-bordar-brother-semi-industrial-pr1x\/#primaryimage\"},\"thumbnailUrl\":\"https:\/\/lacasadelbordador.cl\/wp-content\/uploads\/2024\/05\/brother-pr1x-embroidery-machine.jpg\",\"datePublished\":\"2024-06-07T18:27:40+00:00\",\"dateModified\":\"2024-10-16T16:00:43+00:00\",\"description\":\"M\u00e1quina de Bordar Brother Semi-Industrial PR1X. Conquista proyectos complejos con la m\u00e1quina bordadora Brother PR1X, dise\u00f1ada para uso semi-industrial.\",\"breadcrumb\":{\"@id\":\"https:\/\/lacasadelbordador.cl\/product\/maquina-de-bordar-brother-semi-industrial-pr1x\/#breadcrumb\"},\"inLanguage\":\"en-US\",\"potentialAction\":[{\"@type\":\"ReadAction\",\"target\":[\"https:\/\/lacasadelbordador.cl\/product\/maquina-de-bordar-brother-semi-industrial-pr1x\/\"]}]},{\"@type\":\"ImageObject\",\"inLanguage\":\"en-US\",\"@id\":\"https:\/\/lacasadelbordador.cl\/product\/maquina-de-bordar-brother-semi-industrial-pr1x\/#primaryimage\",\"url\":\"https:\/\/lacasadelbordador.cl\/wp-content\/uploads\/2024\/05\/brother-pr1x-embroidery-machine.jpg\",\"contentUrl\":\"https:\/\/lacasadelbordador.cl\/wp-content\/uploads\/2024\/05\/brother-pr1x-embroidery-machine.jpg\",\"width\":1400,\"height\":1400},{\"@type\":\"BreadcrumbList\",\"@id\":\"https:\/\/lacasadelbordador.cl\/product\/maquina-de-bordar-brother-semi-industrial-pr1x\/#breadcrumb\",\"itemListElement\":[{\"@type\":\"ListItem\",\"position\":1,\"name\":\"Portada\",\"item\":\"https:\/\/lacasadelbordador.cl\/\"},{\"@type\":\"ListItem\",\"position\":2,\"name\":\"Tienda\",\"item\":\"https:\/\/lacasadelbordador.cl\/tienda\/\"},{\"@type\":\"ListItem\",\"position\":3,\"name\":\"MAQUINA DE BORDAR BROTHER SEMI INDUSTRIAL PR1X\"}]},{\"@type\":\"WebSite\",\"@id\":\"https:\/\/lacasadelbordador.cl\/#website\",\"url\":\"https:\/\/lacasadelbordador.cl\/\",\"name\":\"La Casa del Bordador\",\"description\":\"En La Casa del Bordador podr\u00e1s encontrar repuestos, servicio tenico y bordadoras industriales. \u00a1Todo lo que necesitas para tus proyectos y dise\u00f1ar moda!\",\"publisher\":{\"@id\":\"https:\/\/lacasadelbordador.cl\/#organization\"},\"alternateName\":\"CDB\",\"potentialAction\":[{\"@type\":\"SearchAction\",\"target\":{\"@type\":\"EntryPoint\",\"urlTemplate\":\"https:\/\/lacasadelbordador.cl\/?s={search_term_string}\"},\"query-input\":{\"@type\":\"PropertyValueSpecification\",\"valueRequired\":true,\"valueName\":\"search_term_string\"}}],\"inLanguage\":\"en-US\"},{\"@type\":\"Organization\",\"@id\":\"https:\/\/lacasadelbordador.cl\/#organization\",\"name\":\"La Casa del Bordador\",\"alternateName\":\"CDB\",\"url\":\"https:\/\/lacasadelbordador.cl\/\",\"logo\":{\"@type\":\"ImageObject\",\"inLanguage\":\"en-US\",\"@id\":\"https:\/\/lacasadelbordador.cl\/#\/schema\/logo\/image\/\",\"url\":\"https:\/\/lacasadelbordador.cl\/wp-content\/uploads\/2024\/08\/logo-lcdb-v.3.jpg\",\"contentUrl\":\"https:\/\/lacasadelbordador.cl\/wp-content\/uploads\/2024\/08\/logo-lcdb-v.3.jpg\",\"width\":1200,\"height\":915,\"caption\":\"La Casa del Bordador\"},\"image\":{\"@id\":\"https:\/\/lacasadelbordador.cl\/#\/schema\/logo\/image\/\"},\"sameAs\":[\"https:\/\/www.facebook.com\/lacasadelbordador1\/\"]}]}<\/script>\n<!-- \/ Yoast SEO plugin. -->","yoast_head_json":{"title":"MAQUINA DE BORDAR BROTHER SEMI INDUSTRIAL PR1X &#8211; La Casa del Bordador","description":"M\u00e1quina de Bordar Brother Semi-Industrial PR1X. Conquista proyectos complejos con la m\u00e1quina bordadora Brother PR1X, dise\u00f1ada para uso semi-industrial.","robots":{"index":"index","follow":"follow","max-snippet":"max-snippet:-1","max-image-preview":"max-image-preview:large","max-video-preview":"max-video-preview:-1"},"canonical":"https:\/\/lacasadelbordador.cl\/en\/product\/maquina-de-bordar-brother-semi-industrial-pr1x\/","og_locale":"en_US","og_type":"article","og_title":"MAQUINA DE BORDAR BROTHER SEMI INDUSTRIAL PR1X &#8211; La Casa del Bordador","og_description":"M\u00e1quina de Bordar Brother Semi-Industrial PR1X. Conquista proyectos complejos con la m\u00e1quina bordadora Brother PR1X, dise\u00f1ada para uso semi-industrial.","og_url":"https:\/\/lacasadelbordador.cl\/en\/product\/maquina-de-bordar-brother-semi-industrial-pr1x\/","og_site_name":"La Casa del Bordador","article_publisher":"https:\/\/www.facebook.com\/lacasadelbordador1\/","article_modified_time":"2024-10-16T16:00:43+00:00","og_image":[{"width":1400,"height":1400,"url":"https:\/\/lacasadelbordador.cl\/wp-content\/uploads\/2024\/05\/brother-pr1x-embroidery-machine.jpg","type":"image\/jpeg"}],"twitter_card":"summary_large_image","twitter_misc":{"Est. reading time":"2 minutes"},"schema":{"@context":"https:\/\/schema.org","@graph":[{"@type":"WebPage","@id":"https:\/\/lacasadelbordador.cl\/product\/maquina-de-bordar-brother-semi-industrial-pr1x\/","url":"https:\/\/lacasadelbordador.cl\/en\/product\/maquina-de-bordar-brother-semi-industrial-pr1x\/","name":"MAQUINA DE BORDAR BROTHER SEMI INDUSTRIAL PR1X &#8211; La Casa del Bordador","isPartOf":{"@id":"https:\/\/lacasadelbordador.cl\/#website"},"primaryImageOfPage":{"@id":"https:\/\/lacasadelbordador.cl\/product\/maquina-de-bordar-brother-semi-industrial-pr1x\/#primaryimage"},"image":{"@id":"https:\/\/lacasadelbordador.cl\/product\/maquina-de-bordar-brother-semi-industrial-pr1x\/#primaryimage"},"thumbnailUrl":"https:\/\/lacasadelbordador.cl\/wp-content\/uploads\/2024\/05\/brother-pr1x-embroidery-machine.jpg","datePublished":"2024-06-07T18:27:40+00:00","dateModified":"2024-10-16T16:00:43+00:00","description":"M\u00e1quina de Bordar Brother Semi-Industrial PR1X. Conquista proyectos complejos con la m\u00e1quina bordadora Brother PR1X, dise\u00f1ada para uso semi-industrial.","breadcrumb":{"@id":"https:\/\/lacasadelbordador.cl\/product\/maquina-de-bordar-brother-semi-industrial-pr1x\/#breadcrumb"},"inLanguage":"en-US","potentialAction":[{"@type":"ReadAction","target":["https:\/\/lacasadelbordador.cl\/product\/maquina-de-bordar-brother-semi-industrial-pr1x\/"]}]},{"@type":"ImageObject","inLanguage":"en-US","@id":"https:\/\/lacasadelbordador.cl\/product\/maquina-de-bordar-brother-semi-industrial-pr1x\/#primaryimage","url":"https:\/\/lacasadelbordador.cl\/wp-content\/uploads\/2024\/05\/brother-pr1x-embroidery-machine.jpg","contentUrl":"https:\/\/lacasadelbordador.cl\/wp-content\/uploads\/2024\/05\/brother-pr1x-embroidery-machine.jpg","width":1400,"height":1400},{"@type":"BreadcrumbList","@id":"https:\/\/lacasadelbordador.cl\/product\/maquina-de-bordar-brother-semi-industrial-pr1x\/#breadcrumb","itemListElement":[{"@type":"ListItem","position":1,"name":"Portada","item":"https:\/\/lacasadelbordador.cl\/"},{"@type":"ListItem","position":2,"name":"Tienda","item":"https:\/\/lacasadelbordador.cl\/tienda\/"},{"@type":"ListItem","position":3,"name":"MAQUINA DE BORDAR BROTHER SEMI INDUSTRIAL PR1X"}]},{"@type":"WebSite","@id":"https:\/\/lacasadelbordador.cl\/#website","url":"https:\/\/lacasadelbordador.cl\/en\/","name":"La Casa del Bordador","description":"En La Casa del Bordador podr\u00e1s encontrar repuestos, servicio tenico y bordadoras industriales. \u00a1Todo lo que necesitas para tus proyectos y dise\u00f1ar moda!","publisher":{"@id":"https:\/\/lacasadelbordador.cl\/#organization"},"alternateName":"CDB","potentialAction":[{"@type":"SearchAction","target":{"@type":"EntryPoint","urlTemplate":"https:\/\/lacasadelbordador.cl\/?s={search_term_string}"},"query-input":{"@type":"PropertyValueSpecification","valueRequired":true,"valueName":"search_term_string"}}],"inLanguage":"en-US"},{"@type":"Organization","@id":"https:\/\/lacasadelbordador.cl\/#organization","name":"La Casa del Bordador","alternateName":"CDB","url":"https:\/\/lacasadelbordador.cl\/en\/","logo":{"@type":"ImageObject","inLanguage":"en-US","@id":"https:\/\/lacasadelbordador.cl\/#\/schema\/logo\/image\/","url":"https:\/\/lacasadelbordador.cl\/wp-content\/uploads\/2024\/08\/logo-lcdb-v.3.jpg","contentUrl":"https:\/\/lacasadelbordador.cl\/wp-content\/uploads\/2024\/08\/logo-lcdb-v.3.jpg","width":1200,"height":915,"caption":"La Casa del Bordador"},"image":{"@id":"https:\/\/lacasadelbordador.cl\/#\/schema\/logo\/image\/"},"sameAs":["https:\/\/www.facebook.com\/lacasadelbordador1\/"]}]}},"_links":{"self":[{"href":"https:\/\/lacasadelbordador.cl\/en\/wp-json\/wp\/v2\/product\/4705","targetHints":{"allow":["GET"]}}],"collection":[{"href":"https:\/\/lacasadelbordador.cl\/en\/wp-json\/wp\/v2\/product"}],"about":[{"href":"https:\/\/lacasadelbordador.cl\/en\/wp-json\/wp\/v2\/types\/product"}],"replies":[{"embeddable":true,"href":"https:\/\/lacasadelbordador.cl\/en\/wp-json\/wp\/v2\/comments?post=4705"}],"wp:featuredmedia":[{"embeddable":true,"href":"https:\/\/lacasadelbordador.cl\/en\/wp-json\/wp\/v2\/media\/4277"}],"wp:attachment":[{"href":"https:\/\/lacasadelbordador.cl\/en\/wp-json\/wp\/v2\/media?parent=4705"}],"wp:term":[{"taxonomy":"product_brand","embeddable":true,"href":"https:\/\/lacasadelbordador.cl\/en\/wp-json\/wp\/v2\/product_brand?post=4705"},{"taxonomy":"product_cat","embeddable":true,"href":"https:\/\/lacasadelbordador.cl\/en\/wp-json\/wp\/v2\/product_cat?post=4705"},{"taxonomy":"product_tag","embeddable":true,"href":"https:\/\/lacasadelbordador.cl\/en\/wp-json\/wp\/v2\/product_tag?post=4705"}],"curies":[{"name":"wp","href":"https:\/\/api.w.org\/{rel}","templated":true}]}}