{"id":4662,"date":"2024-06-07T18:27:31","date_gmt":"2024-06-07T18:27:31","guid":{"rendered":"https:\/\/lacasadelbordador.cl\/?post_type=product&#038;p=4662"},"modified":"2026-04-10T17:07:39","modified_gmt":"2026-04-10T21:07:39","slug":"maquina-de-bordar-brother-bp-2150","status":"publish","type":"product","link":"https:\/\/lacasadelbordador.cl\/en\/product\/maquina-de-bordar-brother-bp-2150\/","title":{"rendered":"MAQUINA DE BORDAR BROTHER BP 2150"},"content":{"rendered":"<h2>DESCRIPCI\u00d3N<\/h2>\n<p><strong>Maquina de Bordar Brother BP2150<\/strong><\/p>\n<p><strong>DISPONIBLE PARA ENTREGA INMEDIATA<\/strong><\/p>\n<ul>\n<li>\u00c1rea de bordado 20 x 30 cm.<\/li>\n<li>Velocidad m\u00e1xima de bordado 1.050 ppm (puntadas por minuto).<\/li>\n<li>257 dise\u00f1os de bordados.<\/li>\n<li>17 fuentes de letras para bordar.<\/li>\n<li>Incluye tres bastidores de 10 x 10 cm, 13 x 18 cm y 20 x 30 cm.<\/li>\n<li>Enhebrador autom\u00e1tico.<\/li>\n<li>Bobina Quick Set.<\/li>\n<li>Cortador de hilo (superior e inferior).<\/li>\n<li>Puntero LED para calzar punto de inicio de bordado.<\/li>\n<li>Amplia iluminaci\u00f3n LED para la zona de trabajo.<\/li>\n<li>Pantalla a color LCD Sistema Touch Screen con selecci\u00f3n computarizada de puntadas (91 x 152 mm).<\/li>\n<li>Lector de formato de matrices PES.<\/li>\n<li>Puerto USB (A y B).<\/li>\n<li>Funda antipolvo.<\/li>\n<li>Brazo de bordado ubicado en la parte superior, fuerte y resistente que permite una estabilidad inigualable.<\/li>\n<\/ul>","protected":false},"excerpt":{"rendered":"<p>DESCRIPCI\u00d3N Maquina de Bordar Brother BP2150 DISPONIBLE PARA ENTREGA INMEDIATA \u00c1rea de bordado 20 x 30 cm. Velocidad m\u00e1xima de bordado 1.050 ppm (puntadas por minuto). 257 dise\u00f1os de bordados. 17 fuentes de letras para bordar. Incluye tres bastidores de 10 x 10 cm, 13 x 18 cm y 20 x 30 cm. Enhebrador autom\u00e1tico. [&hellip;]<\/p>\n","protected":false},"featured_media":4196,"comment_status":"closed","ping_status":"closed","template":"","meta":[],"product_brand":[],"product_cat":[214,215],"product_tag":[],"class_list":{"0":"post-4662","1":"product","2":"type-product","3":"status-publish","4":"has-post-thumbnail","6":"product_cat-bordadoras-brother","7":"product_cat-maquinas-de-bordar","9":"first","10":"outofstock","11":"shipping-taxable","12":"purchasable","13":"product-type-simple"},"yoast_head":"\n<title>MAQUINA DE BORDAR BROTHER BP 2150 &#8211; La Casa del Bordador<\/title>\n<meta name=\"description\" content=\"DESCRIPCI\u00d3N Maquina de Bordar Brother BP2150 DISPONIBLE PARA ENTREGA INMEDIATA \u00c1rea de bordado 20 x 30 cm. Velocidad m\u00e1xima de bordado 1.050 ppm (puntadas\" \/>\n<meta name=\"robots\" content=\"index, follow, max-snippet:-1, max-image-preview:large, max-video-preview:-1\" \/>\n<link rel=\"canonical\" href=\"https:\/\/lacasadelbordador.cl\/en\/product\/maquina-de-bordar-brother-bp-2150\/\" \/>\n<meta property=\"og:locale\" content=\"en\" \/>\n<meta property=\"og:type\" content=\"article\" \/>\n<meta property=\"og:title\" content=\"MAQUINA DE BORDAR BROTHER BP 2150 &amp;#8211; La Casa del Bordador\" \/>\n<meta property=\"og:description\" content=\"DESCRIPCI\u00d3N Maquina de Bordar Brother BP2150 DISPONIBLE PARA ENTREGA INMEDIATA \u00c1rea de bordado 20 x 30 cm. Velocidad m\u00e1xima de bordado 1.050 ppm (puntadas\" \/>\n<meta property=\"og:url\" content=\"https:\/\/lacasadelbordador.cl\/en\/product\/maquina-de-bordar-brother-bp-2150\/\" \/>\n<meta property=\"og:site_name\" content=\"La Casa del Bordador\" \/>\n<meta property=\"article:publisher\" content=\"https:\/\/www.facebook.com\/lacasadelbordador1\/\" \/>\n<meta property=\"article:modified_time\" content=\"2026-04-10T21:07:39+00:00\" \/>\n<meta property=\"og:image\" content=\"https:\/\/lacasadelbordador.cl\/wp-content\/uploads\/2024\/05\/maquina-bordadora-domestica-brother-bp2150-casa-beltran.jpg.webp\" \/>\n\t<meta property=\"og:image:width\" content=\"1001\" \/>\n\t<meta property=\"og:image:height\" content=\"1001\" \/>\n\t<meta property=\"og:image:type\" content=\"image\/webp\" \/>\n<meta name=\"twitter:card\" content=\"summary_large_image\" \/>\n<meta name=\"twitter:label1\" content=\"Est. reading time\" \/>\n\t<meta name=\"twitter:data1\" content=\"1 minute\" \/>\n<script type=\"application\/ld+json\" class=\"yoast-schema-graph\">{\"@context\":\"https:\/\/schema.org\",\"@graph\":[{\"@type\":\"WebPage\",\"@id\":\"https:\/\/lacasadelbordador.cl\/product\/maquina-de-bordar-brother-bp-2150\/\",\"url\":\"https:\/\/lacasadelbordador.cl\/product\/maquina-de-bordar-brother-bp-2150\/\",\"name\":\"MAQUINA DE BORDAR BROTHER BP 2150 &#8211; La Casa del Bordador\",\"isPartOf\":{\"@id\":\"https:\/\/lacasadelbordador.cl\/#website\"},\"primaryImageOfPage\":{\"@id\":\"https:\/\/lacasadelbordador.cl\/product\/maquina-de-bordar-brother-bp-2150\/#primaryimage\"},\"image\":{\"@id\":\"https:\/\/lacasadelbordador.cl\/product\/maquina-de-bordar-brother-bp-2150\/#primaryimage\"},\"thumbnailUrl\":\"https:\/\/lacasadelbordador.cl\/wp-content\/uploads\/2024\/05\/maquina-bordadora-domestica-brother-bp2150-casa-beltran.jpg.webp\",\"datePublished\":\"2024-06-07T18:27:31+00:00\",\"dateModified\":\"2026-04-10T21:07:39+00:00\",\"description\":\"DESCRIPCI\u00d3N Maquina de Bordar Brother BP2150 DISPONIBLE PARA ENTREGA INMEDIATA \u00c1rea de bordado 20 x 30 cm. Velocidad m\u00e1xima de bordado 1.050 ppm (puntadas\",\"breadcrumb\":{\"@id\":\"https:\/\/lacasadelbordador.cl\/product\/maquina-de-bordar-brother-bp-2150\/#breadcrumb\"},\"inLanguage\":\"en-US\",\"potentialAction\":[{\"@type\":\"ReadAction\",\"target\":[\"https:\/\/lacasadelbordador.cl\/product\/maquina-de-bordar-brother-bp-2150\/\"]}]},{\"@type\":\"ImageObject\",\"inLanguage\":\"en-US\",\"@id\":\"https:\/\/lacasadelbordador.cl\/product\/maquina-de-bordar-brother-bp-2150\/#primaryimage\",\"url\":\"https:\/\/lacasadelbordador.cl\/wp-content\/uploads\/2024\/05\/maquina-bordadora-domestica-brother-bp2150-casa-beltran.jpg.webp\",\"contentUrl\":\"https:\/\/lacasadelbordador.cl\/wp-content\/uploads\/2024\/05\/maquina-bordadora-domestica-brother-bp2150-casa-beltran.jpg.webp\",\"width\":1001,\"height\":1001},{\"@type\":\"BreadcrumbList\",\"@id\":\"https:\/\/lacasadelbordador.cl\/product\/maquina-de-bordar-brother-bp-2150\/#breadcrumb\",\"itemListElement\":[{\"@type\":\"ListItem\",\"position\":1,\"name\":\"Portada\",\"item\":\"https:\/\/lacasadelbordador.cl\/\"},{\"@type\":\"ListItem\",\"position\":2,\"name\":\"Tienda\",\"item\":\"https:\/\/lacasadelbordador.cl\/tienda\/\"},{\"@type\":\"ListItem\",\"position\":3,\"name\":\"MAQUINA DE BORDAR BROTHER BP 2150\"}]},{\"@type\":\"WebSite\",\"@id\":\"https:\/\/lacasadelbordador.cl\/#website\",\"url\":\"https:\/\/lacasadelbordador.cl\/\",\"name\":\"La Casa del Bordador\",\"description\":\"En La Casa del Bordador podr\u00e1s encontrar repuestos, servicio tenico y bordadoras industriales. \u00a1Todo lo que necesitas para tus proyectos y dise\u00f1ar moda!\",\"publisher\":{\"@id\":\"https:\/\/lacasadelbordador.cl\/#organization\"},\"alternateName\":\"CDB\",\"potentialAction\":[{\"@type\":\"SearchAction\",\"target\":{\"@type\":\"EntryPoint\",\"urlTemplate\":\"https:\/\/lacasadelbordador.cl\/?s={search_term_string}\"},\"query-input\":{\"@type\":\"PropertyValueSpecification\",\"valueRequired\":true,\"valueName\":\"search_term_string\"}}],\"inLanguage\":\"en-US\"},{\"@type\":\"Organization\",\"@id\":\"https:\/\/lacasadelbordador.cl\/#organization\",\"name\":\"La Casa del Bordador\",\"alternateName\":\"CDB\",\"url\":\"https:\/\/lacasadelbordador.cl\/\",\"logo\":{\"@type\":\"ImageObject\",\"inLanguage\":\"en-US\",\"@id\":\"https:\/\/lacasadelbordador.cl\/#\/schema\/logo\/image\/\",\"url\":\"https:\/\/lacasadelbordador.cl\/wp-content\/uploads\/2024\/08\/logo-lcdb-v.3.jpg\",\"contentUrl\":\"https:\/\/lacasadelbordador.cl\/wp-content\/uploads\/2024\/08\/logo-lcdb-v.3.jpg\",\"width\":1200,\"height\":915,\"caption\":\"La Casa del Bordador\"},\"image\":{\"@id\":\"https:\/\/lacasadelbordador.cl\/#\/schema\/logo\/image\/\"},\"sameAs\":[\"https:\/\/www.facebook.com\/lacasadelbordador1\/\"]}]}<\/script>\n<!-- \/ Yoast SEO plugin. -->","yoast_head_json":{"title":"MAQUINA DE BORDAR BROTHER BP 2150 &#8211; La Casa del Bordador","description":"DESCRIPCI\u00d3N Maquina de Bordar Brother BP2150 DISPONIBLE PARA ENTREGA INMEDIATA \u00c1rea de bordado 20 x 30 cm. Velocidad m\u00e1xima de bordado 1.050 ppm (puntadas","robots":{"index":"index","follow":"follow","max-snippet":"max-snippet:-1","max-image-preview":"max-image-preview:large","max-video-preview":"max-video-preview:-1"},"canonical":"https:\/\/lacasadelbordador.cl\/en\/product\/maquina-de-bordar-brother-bp-2150\/","og_locale":"en_US","og_type":"article","og_title":"MAQUINA DE BORDAR BROTHER BP 2150 &#8211; La Casa del Bordador","og_description":"DESCRIPCI\u00d3N Maquina de Bordar Brother BP2150 DISPONIBLE PARA ENTREGA INMEDIATA \u00c1rea de bordado 20 x 30 cm. Velocidad m\u00e1xima de bordado 1.050 ppm (puntadas","og_url":"https:\/\/lacasadelbordador.cl\/en\/product\/maquina-de-bordar-brother-bp-2150\/","og_site_name":"La Casa del Bordador","article_publisher":"https:\/\/www.facebook.com\/lacasadelbordador1\/","article_modified_time":"2026-04-10T21:07:39+00:00","og_image":[{"width":1001,"height":1001,"url":"https:\/\/lacasadelbordador.cl\/en\/wp-content\/uploads\/2024\/05\/maquina-bordadora-domestica-brother-bp2150-casa-beltran.jpg.webp\/","type":"image\/webp"}],"twitter_card":"summary_large_image","twitter_misc":{"Est. reading time":"1 minute"},"schema":{"@context":"https:\/\/schema.org","@graph":[{"@type":"WebPage","@id":"https:\/\/lacasadelbordador.cl\/product\/maquina-de-bordar-brother-bp-2150\/","url":"https:\/\/lacasadelbordador.cl\/en\/product\/maquina-de-bordar-brother-bp-2150\/","name":"MAQUINA DE BORDAR BROTHER BP 2150 &#8211; La Casa del Bordador","isPartOf":{"@id":"https:\/\/lacasadelbordador.cl\/#website"},"primaryImageOfPage":{"@id":"https:\/\/lacasadelbordador.cl\/product\/maquina-de-bordar-brother-bp-2150\/#primaryimage"},"image":{"@id":"https:\/\/lacasadelbordador.cl\/product\/maquina-de-bordar-brother-bp-2150\/#primaryimage"},"thumbnailUrl":"https:\/\/lacasadelbordador.cl\/wp-content\/uploads\/2024\/05\/maquina-bordadora-domestica-brother-bp2150-casa-beltran.jpg.webp","datePublished":"2024-06-07T18:27:31+00:00","dateModified":"2026-04-10T21:07:39+00:00","description":"DESCRIPCI\u00d3N Maquina de Bordar Brother BP2150 DISPONIBLE PARA ENTREGA INMEDIATA \u00c1rea de bordado 20 x 30 cm. Velocidad m\u00e1xima de bordado 1.050 ppm (puntadas","breadcrumb":{"@id":"https:\/\/lacasadelbordador.cl\/product\/maquina-de-bordar-brother-bp-2150\/#breadcrumb"},"inLanguage":"en-US","potentialAction":[{"@type":"ReadAction","target":["https:\/\/lacasadelbordador.cl\/product\/maquina-de-bordar-brother-bp-2150\/"]}]},{"@type":"ImageObject","inLanguage":"en-US","@id":"https:\/\/lacasadelbordador.cl\/product\/maquina-de-bordar-brother-bp-2150\/#primaryimage","url":"https:\/\/lacasadelbordador.cl\/en\/wp-content\/uploads\/2024\/05\/maquina-bordadora-domestica-brother-bp2150-casa-beltran.jpg.webp\/","contentUrl":"https:\/\/lacasadelbordador.cl\/wp-content\/uploads\/2024\/05\/maquina-bordadora-domestica-brother-bp2150-casa-beltran.jpg.webp","width":1001,"height":1001},{"@type":"BreadcrumbList","@id":"https:\/\/lacasadelbordador.cl\/product\/maquina-de-bordar-brother-bp-2150\/#breadcrumb","itemListElement":[{"@type":"ListItem","position":1,"name":"Portada","item":"https:\/\/lacasadelbordador.cl\/"},{"@type":"ListItem","position":2,"name":"Tienda","item":"https:\/\/lacasadelbordador.cl\/tienda\/"},{"@type":"ListItem","position":3,"name":"MAQUINA DE BORDAR BROTHER BP 2150"}]},{"@type":"WebSite","@id":"https:\/\/lacasadelbordador.cl\/#website","url":"https:\/\/lacasadelbordador.cl\/en\/","name":"La Casa del Bordador","description":"En La Casa del Bordador podr\u00e1s encontrar repuestos, servicio tenico y bordadoras industriales. \u00a1Todo lo que necesitas para tus proyectos y dise\u00f1ar moda!","publisher":{"@id":"https:\/\/lacasadelbordador.cl\/#organization"},"alternateName":"CDB","potentialAction":[{"@type":"SearchAction","target":{"@type":"EntryPoint","urlTemplate":"https:\/\/lacasadelbordador.cl\/?s={search_term_string}"},"query-input":{"@type":"PropertyValueSpecification","valueRequired":true,"valueName":"search_term_string"}}],"inLanguage":"en-US"},{"@type":"Organization","@id":"https:\/\/lacasadelbordador.cl\/#organization","name":"La Casa del Bordador","alternateName":"CDB","url":"https:\/\/lacasadelbordador.cl\/en\/","logo":{"@type":"ImageObject","inLanguage":"en-US","@id":"https:\/\/lacasadelbordador.cl\/#\/schema\/logo\/image\/","url":"https:\/\/lacasadelbordador.cl\/wp-content\/uploads\/2024\/08\/logo-lcdb-v.3.jpg","contentUrl":"https:\/\/lacasadelbordador.cl\/wp-content\/uploads\/2024\/08\/logo-lcdb-v.3.jpg","width":1200,"height":915,"caption":"La Casa del Bordador"},"image":{"@id":"https:\/\/lacasadelbordador.cl\/#\/schema\/logo\/image\/"},"sameAs":["https:\/\/www.facebook.com\/lacasadelbordador1\/"]}]}},"_links":{"self":[{"href":"https:\/\/lacasadelbordador.cl\/en\/wp-json\/wp\/v2\/product\/4662","targetHints":{"allow":["GET"]}}],"collection":[{"href":"https:\/\/lacasadelbordador.cl\/en\/wp-json\/wp\/v2\/product"}],"about":[{"href":"https:\/\/lacasadelbordador.cl\/en\/wp-json\/wp\/v2\/types\/product"}],"replies":[{"embeddable":true,"href":"https:\/\/lacasadelbordador.cl\/en\/wp-json\/wp\/v2\/comments?post=4662"}],"wp:featuredmedia":[{"embeddable":true,"href":"https:\/\/lacasadelbordador.cl\/en\/wp-json\/wp\/v2\/media\/4196"}],"wp:attachment":[{"href":"https:\/\/lacasadelbordador.cl\/en\/wp-json\/wp\/v2\/media?parent=4662"}],"wp:term":[{"taxonomy":"product_brand","embeddable":true,"href":"https:\/\/lacasadelbordador.cl\/en\/wp-json\/wp\/v2\/product_brand?post=4662"},{"taxonomy":"product_cat","embeddable":true,"href":"https:\/\/lacasadelbordador.cl\/en\/wp-json\/wp\/v2\/product_cat?post=4662"},{"taxonomy":"product_tag","embeddable":true,"href":"https:\/\/lacasadelbordador.cl\/en\/wp-json\/wp\/v2\/product_tag?post=4662"}],"curies":[{"name":"wp","href":"https:\/\/api.w.org\/{rel}","templated":true}]}}