{"id":4554,"date":"2024-06-07T18:27:20","date_gmt":"2024-06-07T18:27:20","guid":{"rendered":"https:\/\/lacasadelbordador.cl\/?post_type=product&#038;p=4554"},"modified":"2026-04-24T16:44:49","modified_gmt":"2026-04-24T20:44:49","slug":"maquina-de-bordar-brother-semi-industrial-pr-1055-x","status":"publish","type":"product","link":"https:\/\/lacasadelbordador.cl\/en\/product\/maquina-de-bordar-brother-semi-industrial-pr-1055-x\/","title":{"rendered":"MAQUINA DE BORDAR BROTHER SEMI INDUSTRIAL PR 1060 W"},"content":{"rendered":"<p><strong>Maquina de Bordar Semi Industrial Brother PR1060W<\/strong><\/p>\n<p><strong>DISPONIBLE PARA ENTREGA INMEDIATA<\/strong><\/p>\n<p>&nbsp;<\/p>\n<ul>\n<li>\u00c1rea de bordado 36 x 20 cm.<\/li>\n<li>\u00c1rea de bordado con bastidor jumbo opcional 36 x 36 cm.<\/li>\n<li>\u00c1rea de bordado de gorras 6.5 x 36 cm.<\/li>\n<li>Velocidad m\u00e1xima de bordado en plano 1.000 ppm y en gorras 600 ppm (puntadas por minuto).<\/li>\n<li>1.184 dise\u00f1os de bordado incorporados que incluyen 140 patrones de marcos.<\/li>\n<li>40 fuentes de letras de bordado de tama\u00f1o ajustable y 14 estilos de monogramas.<\/li>\n<li>Incluye 4 bastidores de diversos tama\u00f1os.<\/li>\n<li>Enhebrador autom\u00e1tico (Sistema Eyelet).<\/li>\n<li>Bobinador independiente, para bobinar mientras se est\u00e1 bordando.<\/li>\n<li>Cortador de hilo (superior e inferior).<\/li>\n<li>Porta hilos con capacidad para 10 conos indicando el color de hilo con luz LED.<\/li>\n<li>Puntero LED para calzar punto de inicio de bordado.<\/li>\n<li>Amplia iluminaci\u00f3n LED para la zona de trabajo.<\/li>\n<li>C\u00e1mara incorporada por encima de aguja, permite ver de cerca la zona de bordado.<\/li>\n<li>Pantalla a color LCD Sistema Touch Screen con selecci\u00f3n computarizada de puntadas (21,5 x 13,5 cm)<\/li>\n<li>Lector de formato de matrices PES y DST.<\/li>\n<li>Puerto USB (A y B).<\/li>\n<li>Tecnolog\u00eda InnovEye\u20002 con escaneado de alta velocidad.<\/li>\n<li>Previsualizaci\u00f3n virtual de dise\u00f1o: Superpone el dise\u00f1o en la tela de bordado para ajustar posici\u00f3n.<\/li>\n<li>My Design Center ofrece nuevas capacidades de dise\u00f1o sin usar PC. Combina dise\u00f1os y letras sin PC ni software adicionales.<\/li>\n<li>ScanImation: Escanea en el bastidor dibujos de l\u00edneas o la escritura a mano, y los convierte en dise\u00f1os de bordado.<\/li>\n<li>Reconoce l\u00edneas para transformarlas f\u00e1cilmente en patrones de punteado y\/o rellenar un dise\u00f1o de bordado.<\/li>\n<li>Potente edici\u00f3n de bordado en pantalla.<\/li>\n<li>Funci\u00f3n de clasificaci\u00f3n de color para reducir los cambios de hilo, al combinar dise\u00f1os.<\/li>\n<li>Visualizador de avance de bordado con barras.<\/li>\n<li>Funciones de zoom y ajuste girando en incrementos de 1 grado.<\/li>\n<li>Biblioteca con videos tutoriales incorporados para verlos en Pantalla.<\/li>\n<\/ul>\n<p><u>Accesorios Opcionales<\/u><\/p>\n<ul>\n<li>Bastidor jumbo de 36 x 36 cm.<\/li>\n<li>Stand para la m\u00e1quina.<\/li>\n<li>Bastidor de bordes.<\/li>\n<li>Bastidor para bordar zapatos, etc.<\/li>\n<li>Bastidor de marco magn\u00e9tico para materiales gruesos.<\/li>\n<li>Mesa peque\u2000a para prendas tubulares.<\/li>\n<\/ul>","protected":false},"excerpt":{"rendered":"<p>Maquina de Bordar Semi Industrial Brother PR1060W DISPONIBLE PARA ENTREGA INMEDIATA &nbsp; \u00c1rea de bordado 36 x 20 cm. \u00c1rea de bordado con bastidor jumbo opcional 36 x 36 cm. \u00c1rea de bordado de gorras 6.5 x 36 cm. Velocidad m\u00e1xima de bordado en plano 1.000 ppm y en gorras 600 ppm (puntadas por minuto). [&hellip;]<\/p>\n","protected":false},"featured_media":7194,"comment_status":"closed","ping_status":"closed","template":"","meta":[],"product_brand":[],"product_cat":[214,215],"product_tag":[],"class_list":{"0":"post-4554","1":"product","2":"type-product","3":"status-publish","4":"has-post-thumbnail","6":"product_cat-bordadoras-brother","7":"product_cat-maquinas-de-bordar","9":"first","10":"instock","11":"sale","12":"shipping-taxable","13":"purchasable","14":"product-type-simple"},"yoast_head":"\n<title>MAQUINA DE BORDAR BROTHER SEMI INDUSTRIAL PR 1060 W &#8211; La Casa del Bordador<\/title>\n<meta name=\"description\" content=\"Maquina de Bordar Semi Industrial Brother PR1060W DISPONIBLE PARA ENTREGA INMEDIATA &amp;nbsp; \u00c1rea de bordado 36 x 20 cm. \u00c1rea de bordado con bastidor jumbo\" \/>\n<meta name=\"robots\" content=\"index, follow, max-snippet:-1, max-image-preview:large, max-video-preview:-1\" \/>\n<link rel=\"canonical\" href=\"https:\/\/lacasadelbordador.cl\/en\/product\/maquina-de-bordar-brother-semi-industrial-pr-1055-x\/\" \/>\n<meta property=\"og:locale\" content=\"en\" \/>\n<meta property=\"og:type\" content=\"article\" \/>\n<meta property=\"og:title\" content=\"MAQUINA DE BORDAR BROTHER SEMI INDUSTRIAL PR 1060 W &amp;#8211; La Casa del Bordador\" \/>\n<meta property=\"og:description\" content=\"Maquina de Bordar Semi Industrial Brother PR1060W DISPONIBLE PARA ENTREGA INMEDIATA &amp;nbsp; \u00c1rea de bordado 36 x 20 cm. \u00c1rea de bordado con bastidor jumbo\" \/>\n<meta property=\"og:url\" content=\"https:\/\/lacasadelbordador.cl\/en\/product\/maquina-de-bordar-brother-semi-industrial-pr-1055-x\/\" \/>\n<meta property=\"og:site_name\" content=\"La Casa del Bordador\" \/>\n<meta property=\"article:publisher\" content=\"https:\/\/www.facebook.com\/lacasadelbordador1\/\" \/>\n<meta property=\"article:modified_time\" content=\"2026-04-24T20:44:49+00:00\" \/>\n<meta property=\"og:image\" content=\"https:\/\/lacasadelbordador.cl\/wp-content\/uploads\/2024\/06\/brother-pr-1060-w.webp\" \/>\n\t<meta property=\"og:image:width\" content=\"1000\" \/>\n\t<meta property=\"og:image:height\" content=\"1000\" \/>\n\t<meta property=\"og:image:type\" content=\"image\/webp\" \/>\n<meta name=\"twitter:card\" content=\"summary_large_image\" \/>\n<meta name=\"twitter:label1\" content=\"Est. reading time\" \/>\n\t<meta name=\"twitter:data1\" content=\"2 minutes\" \/>\n<script type=\"application\/ld+json\" class=\"yoast-schema-graph\">{\"@context\":\"https:\/\/schema.org\",\"@graph\":[{\"@type\":\"WebPage\",\"@id\":\"https:\/\/lacasadelbordador.cl\/product\/maquina-de-bordar-brother-semi-industrial-pr-1055-x\/\",\"url\":\"https:\/\/lacasadelbordador.cl\/product\/maquina-de-bordar-brother-semi-industrial-pr-1055-x\/\",\"name\":\"MAQUINA DE BORDAR BROTHER SEMI INDUSTRIAL PR 1060 W &#8211; La Casa del Bordador\",\"isPartOf\":{\"@id\":\"https:\/\/lacasadelbordador.cl\/#website\"},\"primaryImageOfPage\":{\"@id\":\"https:\/\/lacasadelbordador.cl\/product\/maquina-de-bordar-brother-semi-industrial-pr-1055-x\/#primaryimage\"},\"image\":{\"@id\":\"https:\/\/lacasadelbordador.cl\/product\/maquina-de-bordar-brother-semi-industrial-pr-1055-x\/#primaryimage\"},\"thumbnailUrl\":\"https:\/\/lacasadelbordador.cl\/wp-content\/uploads\/2024\/06\/brother-pr-1060-w.webp\",\"datePublished\":\"2024-06-07T18:27:20+00:00\",\"dateModified\":\"2026-04-24T20:44:49+00:00\",\"description\":\"Maquina de Bordar Semi Industrial Brother PR1060W DISPONIBLE PARA ENTREGA INMEDIATA &nbsp; \u00c1rea de bordado 36 x 20 cm. \u00c1rea de bordado con bastidor jumbo\",\"breadcrumb\":{\"@id\":\"https:\/\/lacasadelbordador.cl\/product\/maquina-de-bordar-brother-semi-industrial-pr-1055-x\/#breadcrumb\"},\"inLanguage\":\"en-US\",\"potentialAction\":[{\"@type\":\"ReadAction\",\"target\":[\"https:\/\/lacasadelbordador.cl\/product\/maquina-de-bordar-brother-semi-industrial-pr-1055-x\/\"]}]},{\"@type\":\"ImageObject\",\"inLanguage\":\"en-US\",\"@id\":\"https:\/\/lacasadelbordador.cl\/product\/maquina-de-bordar-brother-semi-industrial-pr-1055-x\/#primaryimage\",\"url\":\"https:\/\/lacasadelbordador.cl\/wp-content\/uploads\/2024\/06\/brother-pr-1060-w.webp\",\"contentUrl\":\"https:\/\/lacasadelbordador.cl\/wp-content\/uploads\/2024\/06\/brother-pr-1060-w.webp\",\"width\":1000,\"height\":1000},{\"@type\":\"BreadcrumbList\",\"@id\":\"https:\/\/lacasadelbordador.cl\/product\/maquina-de-bordar-brother-semi-industrial-pr-1055-x\/#breadcrumb\",\"itemListElement\":[{\"@type\":\"ListItem\",\"position\":1,\"name\":\"Portada\",\"item\":\"https:\/\/lacasadelbordador.cl\/\"},{\"@type\":\"ListItem\",\"position\":2,\"name\":\"Tienda\",\"item\":\"https:\/\/lacasadelbordador.cl\/tienda\/\"},{\"@type\":\"ListItem\",\"position\":3,\"name\":\"MAQUINA DE BORDAR BROTHER SEMI INDUSTRIAL PR 1060 W\"}]},{\"@type\":\"WebSite\",\"@id\":\"https:\/\/lacasadelbordador.cl\/#website\",\"url\":\"https:\/\/lacasadelbordador.cl\/\",\"name\":\"La Casa del Bordador\",\"description\":\"En La Casa del Bordador podr\u00e1s encontrar repuestos, servicio tenico y bordadoras industriales. \u00a1Todo lo que necesitas para tus proyectos y dise\u00f1ar moda!\",\"publisher\":{\"@id\":\"https:\/\/lacasadelbordador.cl\/#organization\"},\"alternateName\":\"CDB\",\"potentialAction\":[{\"@type\":\"SearchAction\",\"target\":{\"@type\":\"EntryPoint\",\"urlTemplate\":\"https:\/\/lacasadelbordador.cl\/?s={search_term_string}\"},\"query-input\":{\"@type\":\"PropertyValueSpecification\",\"valueRequired\":true,\"valueName\":\"search_term_string\"}}],\"inLanguage\":\"en-US\"},{\"@type\":\"Organization\",\"@id\":\"https:\/\/lacasadelbordador.cl\/#organization\",\"name\":\"La Casa del Bordador\",\"alternateName\":\"CDB\",\"url\":\"https:\/\/lacasadelbordador.cl\/\",\"logo\":{\"@type\":\"ImageObject\",\"inLanguage\":\"en-US\",\"@id\":\"https:\/\/lacasadelbordador.cl\/#\/schema\/logo\/image\/\",\"url\":\"https:\/\/lacasadelbordador.cl\/wp-content\/uploads\/2024\/08\/logo-lcdb-v.3.jpg\",\"contentUrl\":\"https:\/\/lacasadelbordador.cl\/wp-content\/uploads\/2024\/08\/logo-lcdb-v.3.jpg\",\"width\":1200,\"height\":915,\"caption\":\"La Casa del Bordador\"},\"image\":{\"@id\":\"https:\/\/lacasadelbordador.cl\/#\/schema\/logo\/image\/\"},\"sameAs\":[\"https:\/\/www.facebook.com\/lacasadelbordador1\/\"]}]}<\/script>\n<!-- \/ Yoast SEO plugin. -->","yoast_head_json":{"title":"MAQUINA DE BORDAR BROTHER SEMI INDUSTRIAL PR 1060 W &#8211; La Casa del Bordador","description":"Maquina de Bordar Semi Industrial Brother PR1060W DISPONIBLE PARA ENTREGA INMEDIATA &nbsp; \u00c1rea de bordado 36 x 20 cm. \u00c1rea de bordado con bastidor jumbo","robots":{"index":"index","follow":"follow","max-snippet":"max-snippet:-1","max-image-preview":"max-image-preview:large","max-video-preview":"max-video-preview:-1"},"canonical":"https:\/\/lacasadelbordador.cl\/en\/product\/maquina-de-bordar-brother-semi-industrial-pr-1055-x\/","og_locale":"en_US","og_type":"article","og_title":"MAQUINA DE BORDAR BROTHER SEMI INDUSTRIAL PR 1060 W &#8211; La Casa del Bordador","og_description":"Maquina de Bordar Semi Industrial Brother PR1060W DISPONIBLE PARA ENTREGA INMEDIATA &nbsp; \u00c1rea de bordado 36 x 20 cm. \u00c1rea de bordado con bastidor jumbo","og_url":"https:\/\/lacasadelbordador.cl\/en\/product\/maquina-de-bordar-brother-semi-industrial-pr-1055-x\/","og_site_name":"La Casa del Bordador","article_publisher":"https:\/\/www.facebook.com\/lacasadelbordador1\/","article_modified_time":"2026-04-24T20:44:49+00:00","og_image":[{"width":1000,"height":1000,"url":"https:\/\/lacasadelbordador.cl\/en\/wp-content\/uploads\/2024\/06\/brother-pr-1060-w.webp\/","type":"image\/webp"}],"twitter_card":"summary_large_image","twitter_misc":{"Est. reading time":"2 minutes"},"schema":{"@context":"https:\/\/schema.org","@graph":[{"@type":"WebPage","@id":"https:\/\/lacasadelbordador.cl\/product\/maquina-de-bordar-brother-semi-industrial-pr-1055-x\/","url":"https:\/\/lacasadelbordador.cl\/en\/product\/maquina-de-bordar-brother-semi-industrial-pr-1055-x\/","name":"MAQUINA DE BORDAR BROTHER SEMI INDUSTRIAL PR 1060 W &#8211; La Casa del Bordador","isPartOf":{"@id":"https:\/\/lacasadelbordador.cl\/#website"},"primaryImageOfPage":{"@id":"https:\/\/lacasadelbordador.cl\/product\/maquina-de-bordar-brother-semi-industrial-pr-1055-x\/#primaryimage"},"image":{"@id":"https:\/\/lacasadelbordador.cl\/product\/maquina-de-bordar-brother-semi-industrial-pr-1055-x\/#primaryimage"},"thumbnailUrl":"https:\/\/lacasadelbordador.cl\/wp-content\/uploads\/2024\/06\/brother-pr-1060-w.webp","datePublished":"2024-06-07T18:27:20+00:00","dateModified":"2026-04-24T20:44:49+00:00","description":"Maquina de Bordar Semi Industrial Brother PR1060W DISPONIBLE PARA ENTREGA INMEDIATA &nbsp; \u00c1rea de bordado 36 x 20 cm. \u00c1rea de bordado con bastidor jumbo","breadcrumb":{"@id":"https:\/\/lacasadelbordador.cl\/product\/maquina-de-bordar-brother-semi-industrial-pr-1055-x\/#breadcrumb"},"inLanguage":"en-US","potentialAction":[{"@type":"ReadAction","target":["https:\/\/lacasadelbordador.cl\/product\/maquina-de-bordar-brother-semi-industrial-pr-1055-x\/"]}]},{"@type":"ImageObject","inLanguage":"en-US","@id":"https:\/\/lacasadelbordador.cl\/product\/maquina-de-bordar-brother-semi-industrial-pr-1055-x\/#primaryimage","url":"https:\/\/lacasadelbordador.cl\/en\/wp-content\/uploads\/2024\/06\/brother-pr-1060-w.webp\/","contentUrl":"https:\/\/lacasadelbordador.cl\/wp-content\/uploads\/2024\/06\/brother-pr-1060-w.webp","width":1000,"height":1000},{"@type":"BreadcrumbList","@id":"https:\/\/lacasadelbordador.cl\/product\/maquina-de-bordar-brother-semi-industrial-pr-1055-x\/#breadcrumb","itemListElement":[{"@type":"ListItem","position":1,"name":"Portada","item":"https:\/\/lacasadelbordador.cl\/"},{"@type":"ListItem","position":2,"name":"Tienda","item":"https:\/\/lacasadelbordador.cl\/tienda\/"},{"@type":"ListItem","position":3,"name":"MAQUINA DE BORDAR BROTHER SEMI INDUSTRIAL PR 1060 W"}]},{"@type":"WebSite","@id":"https:\/\/lacasadelbordador.cl\/#website","url":"https:\/\/lacasadelbordador.cl\/en\/","name":"La Casa del Bordador","description":"En La Casa del Bordador podr\u00e1s encontrar repuestos, servicio tenico y bordadoras industriales. \u00a1Todo lo que necesitas para tus proyectos y dise\u00f1ar moda!","publisher":{"@id":"https:\/\/lacasadelbordador.cl\/#organization"},"alternateName":"CDB","potentialAction":[{"@type":"SearchAction","target":{"@type":"EntryPoint","urlTemplate":"https:\/\/lacasadelbordador.cl\/?s={search_term_string}"},"query-input":{"@type":"PropertyValueSpecification","valueRequired":true,"valueName":"search_term_string"}}],"inLanguage":"en-US"},{"@type":"Organization","@id":"https:\/\/lacasadelbordador.cl\/#organization","name":"La Casa del Bordador","alternateName":"CDB","url":"https:\/\/lacasadelbordador.cl\/en\/","logo":{"@type":"ImageObject","inLanguage":"en-US","@id":"https:\/\/lacasadelbordador.cl\/#\/schema\/logo\/image\/","url":"https:\/\/lacasadelbordador.cl\/wp-content\/uploads\/2024\/08\/logo-lcdb-v.3.jpg","contentUrl":"https:\/\/lacasadelbordador.cl\/wp-content\/uploads\/2024\/08\/logo-lcdb-v.3.jpg","width":1200,"height":915,"caption":"La Casa del Bordador"},"image":{"@id":"https:\/\/lacasadelbordador.cl\/#\/schema\/logo\/image\/"},"sameAs":["https:\/\/www.facebook.com\/lacasadelbordador1\/"]}]}},"_links":{"self":[{"href":"https:\/\/lacasadelbordador.cl\/en\/wp-json\/wp\/v2\/product\/4554","targetHints":{"allow":["GET"]}}],"collection":[{"href":"https:\/\/lacasadelbordador.cl\/en\/wp-json\/wp\/v2\/product"}],"about":[{"href":"https:\/\/lacasadelbordador.cl\/en\/wp-json\/wp\/v2\/types\/product"}],"replies":[{"embeddable":true,"href":"https:\/\/lacasadelbordador.cl\/en\/wp-json\/wp\/v2\/comments?post=4554"}],"wp:featuredmedia":[{"embeddable":true,"href":"https:\/\/lacasadelbordador.cl\/en\/wp-json\/wp\/v2\/media\/7194"}],"wp:attachment":[{"href":"https:\/\/lacasadelbordador.cl\/en\/wp-json\/wp\/v2\/media?parent=4554"}],"wp:term":[{"taxonomy":"product_brand","embeddable":true,"href":"https:\/\/lacasadelbordador.cl\/en\/wp-json\/wp\/v2\/product_brand?post=4554"},{"taxonomy":"product_cat","embeddable":true,"href":"https:\/\/lacasadelbordador.cl\/en\/wp-json\/wp\/v2\/product_cat?post=4554"},{"taxonomy":"product_tag","embeddable":true,"href":"https:\/\/lacasadelbordador.cl\/en\/wp-json\/wp\/v2\/product_tag?post=4554"}],"curies":[{"name":"wp","href":"https:\/\/api.w.org\/{rel}","templated":true}]}}