{"id":4545,"date":"2024-06-07T18:27:17","date_gmt":"2024-06-07T18:27:17","guid":{"rendered":"https:\/\/lacasadelbordador.cl\/?post_type=product&#038;p=4545"},"modified":"2026-03-30T10:15:53","modified_gmt":"2026-03-30T14:15:53","slug":"nv970l-bordadora-y-maquina-de-coser-con-conexion-wifi","status":"publish","type":"product","link":"https:\/\/lacasadelbordador.cl\/en\/product\/nv970l-bordadora-y-maquina-de-coser-con-conexion-wifi\/","title":{"rendered":"NV970L BORDADORA Y M\u00c1QUINA DE COSER CON CONEXI\u00d3N WIFI"},"content":{"rendered":"<h2>DESCRIPCI\u00d3N<\/h2>\n<p><strong>Maquina de Bordar y Coser Brother NV970\u00a0<\/strong><\/p>\n<p class=\"m-b-10\"><strong>Caracter\u00edsticas Principales<\/strong><\/p>\n<ul>\n<li><b><\/b>\u00c1rea de bordado 10 x 10 cm.<\/li>\n<li><b><\/b>Incluye WIFI para transferir y crear dise\u00f1os desde nueva App \u00abArtspira\u00bb<\/li>\n<li><b><\/b>Puerto USB para cargar nuevos dise\u00f1os de bordado<\/li>\n<li><b><\/b>135 dise\u00f1os de bordado incorporado<\/li>\n<li><b><\/b>181 puntadas de costura incorporada y cada una de ellas con m\u00faltiples funciones<\/li>\n<li><b><\/b>10 estilos de ojal autom\u00e1tico de 1 paso<\/li>\n<li><b><\/b>Cortador de hilo (superior e inferior)<\/li>\n<li><b><\/b>Enhebrador autom\u00e1tico<\/li>\n<li><b><\/b>Amplia iluminaci\u00f3n LED para la zona de trabajo<\/li>\n<li><b><\/b>Lector de formato de matrices PES<\/li>\n<li><b><\/b>Pantalla a color LCD Sistema Touch Screen con selecci\u00f3n computarizada de puntadas (82 x 45 mm)<\/li>\n<li><b><\/b>Velocidad m\u00e1xima de costura 850 puntadas por minuto<\/li>\n<li><b><\/b>Velocidad m\u00e1xima de bordado 400 puntadas por minuto<\/li>\n<li><b><\/b>Incluye bastidor 10 x 10 cm<\/li>\n<\/ul>","protected":false},"excerpt":{"rendered":"<p>DESCRIPCI\u00d3N Maquina de Bordar y Coser Brother NV970\u00a0 Caracter\u00edsticas Principales \u00c1rea de bordado 10 x 10 cm. Incluye WIFI para transferir y crear dise\u00f1os desde nueva App \u00abArtspira\u00bb Puerto USB para cargar nuevos dise\u00f1os de bordado 135 dise\u00f1os de bordado incorporado 181 puntadas de costura incorporada y cada una de ellas con m\u00faltiples funciones 10 [&hellip;]<\/p>\n","protected":false},"featured_media":3892,"comment_status":"closed","ping_status":"closed","template":"","meta":[],"product_brand":[],"product_cat":[214,215],"product_tag":[],"class_list":{"0":"post-4545","1":"product","2":"type-product","3":"status-publish","4":"has-post-thumbnail","6":"product_cat-bordadoras-brother","7":"product_cat-maquinas-de-bordar","9":"first","10":"outofstock","11":"shipping-taxable","12":"purchasable","13":"product-type-simple"},"yoast_head":"\n<title>NV970L BORDADORA Y M\u00c1QUINA DE COSER CON CONEXI\u00d3N WIFI &#8211; La Casa del Bordador<\/title>\n<meta name=\"description\" content=\"DESCRIPCI\u00d3N Maquina de Bordar y Coser Brother NV970\u00a0 Caracter\u00edsticas Principales \u00c1rea de bordado 10 x 10 cm. Incluye WIFI para transferir y crear dise\u00f1os\" \/>\n<meta name=\"robots\" content=\"index, follow, max-snippet:-1, max-image-preview:large, max-video-preview:-1\" \/>\n<link rel=\"canonical\" href=\"https:\/\/lacasadelbordador.cl\/en\/product\/nv970l-bordadora-y-maquina-de-coser-con-conexion-wifi\/\" \/>\n<meta property=\"og:locale\" content=\"en\" \/>\n<meta property=\"og:type\" content=\"article\" \/>\n<meta property=\"og:title\" content=\"NV970L BORDADORA Y M\u00c1QUINA DE COSER CON CONEXI\u00d3N WIFI &amp;#8211; La Casa del Bordador\" \/>\n<meta property=\"og:description\" content=\"DESCRIPCI\u00d3N Maquina de Bordar y Coser Brother NV970\u00a0 Caracter\u00edsticas Principales \u00c1rea de bordado 10 x 10 cm. Incluye WIFI para transferir y crear dise\u00f1os\" \/>\n<meta property=\"og:url\" content=\"https:\/\/lacasadelbordador.cl\/en\/product\/nv970l-bordadora-y-maquina-de-coser-con-conexion-wifi\/\" \/>\n<meta property=\"og:site_name\" content=\"La Casa del Bordador\" \/>\n<meta property=\"article:publisher\" content=\"https:\/\/www.facebook.com\/lacasadelbordador1\/\" \/>\n<meta property=\"article:modified_time\" content=\"2026-03-30T14:15:53+00:00\" \/>\n<meta property=\"og:image\" content=\"https:\/\/lacasadelbordador.cl\/wp-content\/uploads\/2024\/05\/maquina-coser-brother-NV960DL-lado-casa-beltran.jpg\" \/>\n\t<meta property=\"og:image:width\" content=\"1001\" \/>\n\t<meta property=\"og:image:height\" content=\"1001\" \/>\n\t<meta property=\"og:image:type\" content=\"image\/jpeg\" \/>\n<meta name=\"twitter:card\" content=\"summary_large_image\" \/>\n<meta name=\"twitter:label1\" content=\"Est. reading time\" \/>\n\t<meta name=\"twitter:data1\" content=\"1 minute\" \/>\n<script type=\"application\/ld+json\" class=\"yoast-schema-graph\">{\"@context\":\"https:\/\/schema.org\",\"@graph\":[{\"@type\":\"WebPage\",\"@id\":\"https:\/\/lacasadelbordador.cl\/product\/nv970l-bordadora-y-maquina-de-coser-con-conexion-wifi\/\",\"url\":\"https:\/\/lacasadelbordador.cl\/product\/nv970l-bordadora-y-maquina-de-coser-con-conexion-wifi\/\",\"name\":\"NV970L BORDADORA Y M\u00c1QUINA DE COSER CON CONEXI\u00d3N WIFI &#8211; La Casa del Bordador\",\"isPartOf\":{\"@id\":\"https:\/\/lacasadelbordador.cl\/#website\"},\"primaryImageOfPage\":{\"@id\":\"https:\/\/lacasadelbordador.cl\/product\/nv970l-bordadora-y-maquina-de-coser-con-conexion-wifi\/#primaryimage\"},\"image\":{\"@id\":\"https:\/\/lacasadelbordador.cl\/product\/nv970l-bordadora-y-maquina-de-coser-con-conexion-wifi\/#primaryimage\"},\"thumbnailUrl\":\"https:\/\/lacasadelbordador.cl\/wp-content\/uploads\/2024\/05\/maquina-coser-brother-NV960DL-lado-casa-beltran.jpg\",\"datePublished\":\"2024-06-07T18:27:17+00:00\",\"dateModified\":\"2026-03-30T14:15:53+00:00\",\"description\":\"DESCRIPCI\u00d3N Maquina de Bordar y Coser Brother NV970\u00a0 Caracter\u00edsticas Principales \u00c1rea de bordado 10 x 10 cm. Incluye WIFI para transferir y crear dise\u00f1os\",\"breadcrumb\":{\"@id\":\"https:\/\/lacasadelbordador.cl\/product\/nv970l-bordadora-y-maquina-de-coser-con-conexion-wifi\/#breadcrumb\"},\"inLanguage\":\"en-US\",\"potentialAction\":[{\"@type\":\"ReadAction\",\"target\":[\"https:\/\/lacasadelbordador.cl\/product\/nv970l-bordadora-y-maquina-de-coser-con-conexion-wifi\/\"]}]},{\"@type\":\"ImageObject\",\"inLanguage\":\"en-US\",\"@id\":\"https:\/\/lacasadelbordador.cl\/product\/nv970l-bordadora-y-maquina-de-coser-con-conexion-wifi\/#primaryimage\",\"url\":\"https:\/\/lacasadelbordador.cl\/wp-content\/uploads\/2024\/05\/maquina-coser-brother-NV960DL-lado-casa-beltran.jpg\",\"contentUrl\":\"https:\/\/lacasadelbordador.cl\/wp-content\/uploads\/2024\/05\/maquina-coser-brother-NV960DL-lado-casa-beltran.jpg\",\"width\":1001,\"height\":1001},{\"@type\":\"BreadcrumbList\",\"@id\":\"https:\/\/lacasadelbordador.cl\/product\/nv970l-bordadora-y-maquina-de-coser-con-conexion-wifi\/#breadcrumb\",\"itemListElement\":[{\"@type\":\"ListItem\",\"position\":1,\"name\":\"Portada\",\"item\":\"https:\/\/lacasadelbordador.cl\/\"},{\"@type\":\"ListItem\",\"position\":2,\"name\":\"Tienda\",\"item\":\"https:\/\/lacasadelbordador.cl\/tienda\/\"},{\"@type\":\"ListItem\",\"position\":3,\"name\":\"NV970L BORDADORA Y M\u00c1QUINA DE COSER CON CONEXI\u00d3N WIFI\"}]},{\"@type\":\"WebSite\",\"@id\":\"https:\/\/lacasadelbordador.cl\/#website\",\"url\":\"https:\/\/lacasadelbordador.cl\/\",\"name\":\"La Casa del Bordador\",\"description\":\"En La Casa del Bordador podr\u00e1s encontrar repuestos, servicio tenico y bordadoras industriales. \u00a1Todo lo que necesitas para tus proyectos y dise\u00f1ar moda!\",\"publisher\":{\"@id\":\"https:\/\/lacasadelbordador.cl\/#organization\"},\"alternateName\":\"CDB\",\"potentialAction\":[{\"@type\":\"SearchAction\",\"target\":{\"@type\":\"EntryPoint\",\"urlTemplate\":\"https:\/\/lacasadelbordador.cl\/?s={search_term_string}\"},\"query-input\":{\"@type\":\"PropertyValueSpecification\",\"valueRequired\":true,\"valueName\":\"search_term_string\"}}],\"inLanguage\":\"en-US\"},{\"@type\":\"Organization\",\"@id\":\"https:\/\/lacasadelbordador.cl\/#organization\",\"name\":\"La Casa del Bordador\",\"alternateName\":\"CDB\",\"url\":\"https:\/\/lacasadelbordador.cl\/\",\"logo\":{\"@type\":\"ImageObject\",\"inLanguage\":\"en-US\",\"@id\":\"https:\/\/lacasadelbordador.cl\/#\/schema\/logo\/image\/\",\"url\":\"https:\/\/lacasadelbordador.cl\/wp-content\/uploads\/2024\/08\/logo-lcdb-v.3.jpg\",\"contentUrl\":\"https:\/\/lacasadelbordador.cl\/wp-content\/uploads\/2024\/08\/logo-lcdb-v.3.jpg\",\"width\":1200,\"height\":915,\"caption\":\"La Casa del Bordador\"},\"image\":{\"@id\":\"https:\/\/lacasadelbordador.cl\/#\/schema\/logo\/image\/\"},\"sameAs\":[\"https:\/\/www.facebook.com\/lacasadelbordador1\/\"]}]}<\/script>\n<!-- \/ Yoast SEO plugin. -->","yoast_head_json":{"title":"NV970L BORDADORA Y M\u00c1QUINA DE COSER CON CONEXI\u00d3N WIFI &#8211; La Casa del Bordador","description":"DESCRIPCI\u00d3N Maquina de Bordar y Coser Brother NV970\u00a0 Caracter\u00edsticas Principales \u00c1rea de bordado 10 x 10 cm. Incluye WIFI para transferir y crear dise\u00f1os","robots":{"index":"index","follow":"follow","max-snippet":"max-snippet:-1","max-image-preview":"max-image-preview:large","max-video-preview":"max-video-preview:-1"},"canonical":"https:\/\/lacasadelbordador.cl\/en\/product\/nv970l-bordadora-y-maquina-de-coser-con-conexion-wifi\/","og_locale":"en_US","og_type":"article","og_title":"NV970L BORDADORA Y M\u00c1QUINA DE COSER CON CONEXI\u00d3N WIFI &#8211; La Casa del Bordador","og_description":"DESCRIPCI\u00d3N Maquina de Bordar y Coser Brother NV970\u00a0 Caracter\u00edsticas Principales \u00c1rea de bordado 10 x 10 cm. Incluye WIFI para transferir y crear dise\u00f1os","og_url":"https:\/\/lacasadelbordador.cl\/en\/product\/nv970l-bordadora-y-maquina-de-coser-con-conexion-wifi\/","og_site_name":"La Casa del Bordador","article_publisher":"https:\/\/www.facebook.com\/lacasadelbordador1\/","article_modified_time":"2026-03-30T14:15:53+00:00","og_image":[{"width":1001,"height":1001,"url":"https:\/\/lacasadelbordador.cl\/wp-content\/uploads\/2024\/05\/maquina-coser-brother-NV960DL-lado-casa-beltran.jpg","type":"image\/jpeg"}],"twitter_card":"summary_large_image","twitter_misc":{"Est. reading time":"1 minute"},"schema":{"@context":"https:\/\/schema.org","@graph":[{"@type":"WebPage","@id":"https:\/\/lacasadelbordador.cl\/product\/nv970l-bordadora-y-maquina-de-coser-con-conexion-wifi\/","url":"https:\/\/lacasadelbordador.cl\/en\/product\/nv970l-bordadora-y-maquina-de-coser-con-conexion-wifi\/","name":"NV970L BORDADORA Y M\u00c1QUINA DE COSER CON CONEXI\u00d3N WIFI &#8211; La Casa del Bordador","isPartOf":{"@id":"https:\/\/lacasadelbordador.cl\/#website"},"primaryImageOfPage":{"@id":"https:\/\/lacasadelbordador.cl\/product\/nv970l-bordadora-y-maquina-de-coser-con-conexion-wifi\/#primaryimage"},"image":{"@id":"https:\/\/lacasadelbordador.cl\/product\/nv970l-bordadora-y-maquina-de-coser-con-conexion-wifi\/#primaryimage"},"thumbnailUrl":"https:\/\/lacasadelbordador.cl\/wp-content\/uploads\/2024\/05\/maquina-coser-brother-NV960DL-lado-casa-beltran.jpg","datePublished":"2024-06-07T18:27:17+00:00","dateModified":"2026-03-30T14:15:53+00:00","description":"DESCRIPCI\u00d3N Maquina de Bordar y Coser Brother NV970\u00a0 Caracter\u00edsticas Principales \u00c1rea de bordado 10 x 10 cm. Incluye WIFI para transferir y crear dise\u00f1os","breadcrumb":{"@id":"https:\/\/lacasadelbordador.cl\/product\/nv970l-bordadora-y-maquina-de-coser-con-conexion-wifi\/#breadcrumb"},"inLanguage":"en-US","potentialAction":[{"@type":"ReadAction","target":["https:\/\/lacasadelbordador.cl\/product\/nv970l-bordadora-y-maquina-de-coser-con-conexion-wifi\/"]}]},{"@type":"ImageObject","inLanguage":"en-US","@id":"https:\/\/lacasadelbordador.cl\/product\/nv970l-bordadora-y-maquina-de-coser-con-conexion-wifi\/#primaryimage","url":"https:\/\/lacasadelbordador.cl\/wp-content\/uploads\/2024\/05\/maquina-coser-brother-NV960DL-lado-casa-beltran.jpg","contentUrl":"https:\/\/lacasadelbordador.cl\/wp-content\/uploads\/2024\/05\/maquina-coser-brother-NV960DL-lado-casa-beltran.jpg","width":1001,"height":1001},{"@type":"BreadcrumbList","@id":"https:\/\/lacasadelbordador.cl\/product\/nv970l-bordadora-y-maquina-de-coser-con-conexion-wifi\/#breadcrumb","itemListElement":[{"@type":"ListItem","position":1,"name":"Portada","item":"https:\/\/lacasadelbordador.cl\/"},{"@type":"ListItem","position":2,"name":"Tienda","item":"https:\/\/lacasadelbordador.cl\/tienda\/"},{"@type":"ListItem","position":3,"name":"NV970L BORDADORA Y M\u00c1QUINA DE COSER CON CONEXI\u00d3N WIFI"}]},{"@type":"WebSite","@id":"https:\/\/lacasadelbordador.cl\/#website","url":"https:\/\/lacasadelbordador.cl\/en\/","name":"La Casa del Bordador","description":"En La Casa del Bordador podr\u00e1s encontrar repuestos, servicio tenico y bordadoras industriales. \u00a1Todo lo que necesitas para tus proyectos y dise\u00f1ar moda!","publisher":{"@id":"https:\/\/lacasadelbordador.cl\/#organization"},"alternateName":"CDB","potentialAction":[{"@type":"SearchAction","target":{"@type":"EntryPoint","urlTemplate":"https:\/\/lacasadelbordador.cl\/?s={search_term_string}"},"query-input":{"@type":"PropertyValueSpecification","valueRequired":true,"valueName":"search_term_string"}}],"inLanguage":"en-US"},{"@type":"Organization","@id":"https:\/\/lacasadelbordador.cl\/#organization","name":"La Casa del Bordador","alternateName":"CDB","url":"https:\/\/lacasadelbordador.cl\/en\/","logo":{"@type":"ImageObject","inLanguage":"en-US","@id":"https:\/\/lacasadelbordador.cl\/#\/schema\/logo\/image\/","url":"https:\/\/lacasadelbordador.cl\/wp-content\/uploads\/2024\/08\/logo-lcdb-v.3.jpg","contentUrl":"https:\/\/lacasadelbordador.cl\/wp-content\/uploads\/2024\/08\/logo-lcdb-v.3.jpg","width":1200,"height":915,"caption":"La Casa del Bordador"},"image":{"@id":"https:\/\/lacasadelbordador.cl\/#\/schema\/logo\/image\/"},"sameAs":["https:\/\/www.facebook.com\/lacasadelbordador1\/"]}]}},"_links":{"self":[{"href":"https:\/\/lacasadelbordador.cl\/en\/wp-json\/wp\/v2\/product\/4545","targetHints":{"allow":["GET"]}}],"collection":[{"href":"https:\/\/lacasadelbordador.cl\/en\/wp-json\/wp\/v2\/product"}],"about":[{"href":"https:\/\/lacasadelbordador.cl\/en\/wp-json\/wp\/v2\/types\/product"}],"replies":[{"embeddable":true,"href":"https:\/\/lacasadelbordador.cl\/en\/wp-json\/wp\/v2\/comments?post=4545"}],"wp:featuredmedia":[{"embeddable":true,"href":"https:\/\/lacasadelbordador.cl\/en\/wp-json\/wp\/v2\/media\/3892"}],"wp:attachment":[{"href":"https:\/\/lacasadelbordador.cl\/en\/wp-json\/wp\/v2\/media?parent=4545"}],"wp:term":[{"taxonomy":"product_brand","embeddable":true,"href":"https:\/\/lacasadelbordador.cl\/en\/wp-json\/wp\/v2\/product_brand?post=4545"},{"taxonomy":"product_cat","embeddable":true,"href":"https:\/\/lacasadelbordador.cl\/en\/wp-json\/wp\/v2\/product_cat?post=4545"},{"taxonomy":"product_tag","embeddable":true,"href":"https:\/\/lacasadelbordador.cl\/en\/wp-json\/wp\/v2\/product_tag?post=4545"}],"curies":[{"name":"wp","href":"https:\/\/api.w.org\/{rel}","templated":true}]}}