{"id":6095,"date":"2024-08-20T22:11:54","date_gmt":"2024-08-20T22:11:54","guid":{"rendered":"https:\/\/lacasadelbordador.cl\/?page_id=6095"},"modified":"2025-10-20T14:53:00","modified_gmt":"2025-10-20T18:53:00","slug":"manuales","status":"publish","type":"page","link":"https:\/\/lacasadelbordador.cl\/en\/manuales\/","title":{"rendered":"Manuales"},"content":{"rendered":"<div data-content_placement=\"top\" class=\"section-element vc_custom_1730136034945\"><div class=\"row\"><div class=\"large-12 nasa-col columns\"><div class=\"nasa-title clearfix hr-type-none text-center nasa-custom-color\"><div class=\"nasa-wrap\"><h2 class=\"nasa-heading-title\"><span class=\"nasa-title-wrap\"><span style=\"background: #FFFFFF00; color: #FFFFFF;\">Manuales<\/span><span class=\"nasa-title-hr\" style=\"border-color: #FFFFFF;\"><\/span><\/span><\/h2><div class=\"nasa-title-desc\" style=\"color: #FFFFFF;\">Puedes descargar aqu\u00ed<\/div><\/div><\/div><\/div><\/div><\/div><div data-content_placement=\"top\" class=\"section-element hidden-tag\"><div class=\"row\"><div class=\"large-12 nasa-col columns\"><div class=\"nasa-accordions-content\"><div class=\"nasa-accordion-title\"><a class=\"nasa-accordion hidden-tag active first\" data-id=\"1486873649008-58c11127-9cd9\" href=\"javascript:void(0);\">Fortever<\/a><\/div><div class=\"vc_tta-panel nasa-panel hidden-tag active first\" id=\"nasa-secion-1486873649008-58c11127-9cd9\">\n\t<div class=\"wpb_text_column wpb_content_element\" >\n\t\t<div class=\"wpb_wrapper\">\n\t\t\t<p><a href=\"https:\/\/lacasadelbordador.cl\/wp-content\/uploads\/2024\/08\/FORTEVER-HALO-100.pdf\">FORTEVER &#8211; HALO 100<\/a><\/p>\n<p><a href=\"https:\/\/lacasadelbordador.cl\/wp-content\/uploads\/2024\/08\/FORTEVER-FT-1503HC-1504HC.pdf\">FORTEVER &#8211; FT-1503HC 1504HC<\/a><\/p>\n<p><a href=\"https:\/\/lacasadelbordador.cl\/wp-content\/uploads\/2024\/08\/FORTEVER-FT-1501HC-1502HC.pdf\">FORTEVER &#8211; FT-1501HC 1502HC<\/a><\/p>\n<p><a href=\"https:\/\/lacasadelbordador.cl\/wp-content\/uploads\/2024\/08\/FORTEVER-FT-1208H.pdf\">FORTEVER &#8211; FT-1208H<\/a><\/p>\n<p><a href=\"https:\/\/lacasadelbordador.cl\/wp-content\/uploads\/2024\/08\/FORTEVER-FT-1201-1501.pdf\">FORTEVER &#8211; FT-1201 1501<\/a><\/p>\n\n\t\t<\/div>\n\t<\/div>\n<\/div><div class=\"nasa-accordion-title\"><a class=\"nasa-accordion hidden-tag\" data-id=\"1486873649043-afd7f89f-f686\" href=\"javascript:void(0);\">Brother<\/a><\/div><div class=\"vc_tta-panel nasa-panel hidden-tag\" id=\"nasa-secion-1486873649043-afd7f89f-f686\">\n\t<div class=\"wpb_text_column wpb_content_element\" >\n\t\t<div class=\"wpb_wrapper\">\n\t\t\t<p><a href=\"https:\/\/lacasadelbordador.cl\/wp-content\/uploads\/2024\/08\/BROTHER-PRS-100.pdf\">BROTHER-PRS-100<\/a><\/p>\n<p><a href=\"https:\/\/lacasadelbordador.cl\/wp-content\/uploads\/2024\/08\/BROTHER-PR-600.pdf\">BROTHER-PR-600<\/a><\/p>\n<p><a href=\"https:\/\/lacasadelbordador.cl\/wp-content\/uploads\/2024\/08\/BROTHER-PR-620.pdf\">BROTHER-PR-620<\/a><\/p>\n<p><a href=\"https:\/\/lacasadelbordador.cl\/wp-content\/uploads\/2024\/08\/BROTHER-PR-620-ll.pdf\">BROTHER-PR-620-ll<\/a><\/p>\n<p><a href=\"https:\/\/lacasadelbordador.cl\/wp-content\/uploads\/2024\/08\/BROTHER-PR-650.pdf\">BROTHER-PR-650<\/a><\/p>\n<p><a href=\"https:\/\/lacasadelbordador.cl\/wp-content\/uploads\/2024\/08\/BROTHER-PR-655.pdf\">BROTHER-PR-655<\/a><\/p>\n<p><a href=\"https:\/\/lacasadelbordador.cl\/wp-content\/uploads\/2024\/08\/BROTHER-PR-670.pdf\">BROTHER-PR-670<\/a><\/p>\n<p><a href=\"https:\/\/lacasadelbordador.cl\/wp-content\/uploads\/2024\/08\/BROTHER-PR-680.pdf\">BROTHER-PR-680<\/a><\/p>\n<p><a href=\"https:\/\/lacasadelbordador.cl\/wp-content\/uploads\/2024\/08\/BROTHER-PR-1000-E.pdf\">BROTHER-PR-1000-E<\/a><\/p>\n<p><a href=\"https:\/\/lacasadelbordador.cl\/wp-content\/uploads\/2024\/08\/BROTHER-PR-1050.pdf\">BROTHER-PR-1050<\/a><\/p>\n<p><a href=\"https:\/\/lacasadelbordador.cl\/wp-content\/uploads\/2024\/08\/BROTHER-PR-1055-X.pdf\">BROTHER-PR-1055-X<\/a><\/p>\n\n\t\t<\/div>\n\t<\/div>\n<\/div><\/div><\/div><\/div><\/div><div data-content_placement=\"top\" class=\"section-element\"><div class=\"row\"><div class=\"large-6 nasa-col columns\">\n\t<div  class=\"wpb_single_image wpb_content_element vc_align_left wpb_content_element\">\n\t\t\n\t\t<figure class=\"wpb_wrapper vc_figure\">\n\t\t\t<div class=\"vc_single_image-wrapper   vc_box_border_grey\"><img loading=\"lazy\" decoding=\"async\" width=\"1080\" height=\"1080\" src=\"https:\/\/lacasadelbordador.cl\/wp-content\/uploads\/2024\/08\/brother1.webp\" class=\"vc_single_image-img attachment-full\" alt=\"\" title=\"brother1\" srcset=\"https:\/\/lacasadelbordador.cl\/wp-content\/uploads\/2024\/08\/brother1.webp 1080w, https:\/\/lacasadelbordador.cl\/wp-content\/uploads\/2024\/08\/brother1-300x300.webp 300w, https:\/\/lacasadelbordador.cl\/wp-content\/uploads\/2024\/08\/brother1-600x600.webp 600w, https:\/\/lacasadelbordador.cl\/wp-content\/uploads\/2024\/08\/brother1-150x150.webp 150w, https:\/\/lacasadelbordador.cl\/wp-content\/uploads\/2024\/08\/brother1-768x768.webp 768w, https:\/\/lacasadelbordador.cl\/wp-content\/uploads\/2024\/08\/brother1-380x380.webp 380w, https:\/\/lacasadelbordador.cl\/wp-content\/uploads\/2024\/08\/brother1-450x450.webp 450w, https:\/\/lacasadelbordador.cl\/wp-content\/uploads\/2024\/08\/brother1-595x595.webp 595w, https:\/\/lacasadelbordador.cl\/wp-content\/uploads\/2024\/08\/brother1-100x100.webp 100w\" sizes=\"auto, (max-width: 1080px) 100vw, 1080px\" \/><\/div>\n\t\t<\/figure>\n\t<\/div>\n<\/div><div class=\"large-6 nasa-col columns\"><div class=\"nasa-accordions-content\"><div class=\"nasa-accordion-title\"><a class=\"nasa-accordion hidden-tag active first\" data-id=\"1724277136918-ef264ad2-25ee\" href=\"javascript:void(0);\">Brother<\/a><\/div><div class=\"vc_tta-panel nasa-panel hidden-tag active first\" id=\"nasa-secion-1724277136918-ef264ad2-25ee\">\n\t<div class=\"wpb_text_column wpb_content_element\" >\n\t\t<div class=\"wpb_wrapper\">\n\t\t\t<p><a href=\"https:\/\/lacasadelbordador.cl\/wp-content\/uploads\/2024\/08\/BROTHER-PRS-100.pdf\">BROTHER-PRS-100<\/a><\/p>\n<p><a href=\"https:\/\/lacasadelbordador.cl\/wp-content\/uploads\/2024\/08\/BROTHER-PR-600.pdf\">BROTHER-PR-600<\/a><\/p>\n<p><a href=\"https:\/\/lacasadelbordador.cl\/wp-content\/uploads\/2024\/08\/BROTHER-PR-620.pdf\">BROTHER-PR-620<\/a><\/p>\n<p><a href=\"https:\/\/lacasadelbordador.cl\/wp-content\/uploads\/2024\/08\/BROTHER-PR-620-ll.pdf\">BROTHER-PR-620-ll<\/a><\/p>\n<p><a href=\"https:\/\/lacasadelbordador.cl\/wp-content\/uploads\/2024\/08\/BROTHER-PR-650.pdf\">BROTHER-PR-650<\/a><\/p>\n<p><a href=\"https:\/\/lacasadelbordador.cl\/wp-content\/uploads\/2024\/08\/BROTHER-PR-655.pdf\">BROTHER-PR-655<\/a><\/p>\n<p><a href=\"https:\/\/lacasadelbordador.cl\/wp-content\/uploads\/2024\/08\/BROTHER-PR-670.pdf\">BROTHER-PR-670<\/a><\/p>\n<p><a href=\"https:\/\/lacasadelbordador.cl\/wp-content\/uploads\/2024\/08\/BROTHER-PR-680.pdf\">BROTHER-PR-680<\/a><\/p>\n<p><a href=\"https:\/\/lacasadelbordador.cl\/wp-content\/uploads\/2024\/08\/BROTHER-PR-1000-E.pdf\">BROTHER-PR-1000-E<\/a><\/p>\n<p><a href=\"https:\/\/lacasadelbordador.cl\/wp-content\/uploads\/2024\/08\/BROTHER-PR-1050.pdf\">BROTHER-PR-1050<\/a><\/p>\n<p><a href=\"https:\/\/lacasadelbordador.cl\/wp-content\/uploads\/2024\/08\/BROTHER-PR-1055-X.pdf\">BROTHER-PR-1055-X<\/a><\/p>\n\n\t\t<\/div>\n\t<\/div>\n<\/div><\/div><\/div><\/div><\/div><div data-content_placement=\"top\" class=\"section-element\"><div class=\"row\"><div class=\"large-12 nasa-col columns\"><div class=\"vc_empty_space\"   style=\"height: 52px\"><span class=\"vc_empty_space_inner\"><\/span><\/div><\/div><\/div><\/div><div data-content_placement=\"top\" class=\"section-element\"><div class=\"row\"><div class=\"large-6 nasa-col columns\"><div class=\"nasa-accordions-content\"><div class=\"nasa-accordion-title\"><a class=\"nasa-accordion hidden-tag active first\" data-id=\"1724276838880-8407c140-ab6f\" href=\"javascript:void(0);\">Fortever<\/a><\/div><div class=\"vc_tta-panel nasa-panel hidden-tag active first\" id=\"nasa-secion-1724276838880-8407c140-ab6f\">\n\t<div class=\"wpb_text_column wpb_content_element\" >\n\t\t<div class=\"wpb_wrapper\">\n\t\t\t<p><a href=\"https:\/\/lacasadelbordador.cl\/wp-content\/uploads\/2024\/08\/FORTEVER-HALO-100.pdf\">FORTEVER &#8211; HALO 100<\/a><\/p>\n<p><a href=\"https:\/\/lacasadelbordador.cl\/wp-content\/uploads\/2024\/08\/FORTEVER-FT-1503HC-1504HC.pdf\">FORTEVER &#8211; FT-1503HC 1504HC<\/a><\/p>\n<p><a href=\"https:\/\/lacasadelbordador.cl\/wp-content\/uploads\/2024\/08\/FORTEVER-FT-1501HC-1502HC.pdf\">FORTEVER &#8211; FT-1501HC 1502HC<\/a><\/p>\n<p><a href=\"https:\/\/lacasadelbordador.cl\/wp-content\/uploads\/2024\/08\/FORTEVER-FT-1208H.pdf\">FORTEVER &#8211; FT-1208H<\/a><\/p>\n<p><a href=\"https:\/\/lacasadelbordador.cl\/wp-content\/uploads\/2024\/08\/FORTEVER-FT-1201-1501.pdf\">FORTEVER &#8211; FT-1201 1501<\/a><\/p>\n\n\t\t<\/div>\n\t<\/div>\n<\/div><\/div><\/div><div class=\"large-6 nasa-col columns\">\n\t<div  class=\"wpb_single_image wpb_content_element vc_align_left wpb_content_element\">\n\t\t\n\t\t<figure class=\"wpb_wrapper vc_figure\">\n\t\t\t<div class=\"vc_single_image-wrapper   vc_box_border_grey\"><img loading=\"lazy\" decoding=\"async\" width=\"1080\" height=\"1080\" src=\"https:\/\/lacasadelbordador.cl\/wp-content\/uploads\/2024\/08\/fortever-1.webp\" class=\"vc_single_image-img attachment-full\" alt=\"\" title=\"fortever\" srcset=\"https:\/\/lacasadelbordador.cl\/wp-content\/uploads\/2024\/08\/fortever-1.webp 1080w, https:\/\/lacasadelbordador.cl\/wp-content\/uploads\/2024\/08\/fortever-1-300x300.webp 300w, https:\/\/lacasadelbordador.cl\/wp-content\/uploads\/2024\/08\/fortever-1-600x600.webp 600w, https:\/\/lacasadelbordador.cl\/wp-content\/uploads\/2024\/08\/fortever-1-150x150.webp 150w, https:\/\/lacasadelbordador.cl\/wp-content\/uploads\/2024\/08\/fortever-1-768x768.webp 768w, https:\/\/lacasadelbordador.cl\/wp-content\/uploads\/2024\/08\/fortever-1-380x380.webp 380w, https:\/\/lacasadelbordador.cl\/wp-content\/uploads\/2024\/08\/fortever-1-450x450.webp 450w, https:\/\/lacasadelbordador.cl\/wp-content\/uploads\/2024\/08\/fortever-1-595x595.webp 595w, https:\/\/lacasadelbordador.cl\/wp-content\/uploads\/2024\/08\/fortever-1-100x100.webp 100w\" sizes=\"auto, (max-width: 1080px) 100vw, 1080px\" \/><\/div>\n\t\t<\/figure>\n\t<\/div>\n<\/div><\/div><\/div><div data-content_placement=\"top\" class=\"section-element\"><div class=\"row\"><div class=\"large-12 nasa-col columns\"><div class=\"vc_empty_space\"   style=\"height: 52px\"><span class=\"vc_empty_space_inner\"><\/span><\/div><\/div><\/div><\/div><div data-content_placement=\"top\" class=\"section-element hidden-tag\"><div class=\"row\"><div class=\"large-12 nasa-col columns\">\n\t<div class=\"wpb_text_column wpb_content_element vc_custom_1506532255850\" >\n\t\t<div class=\"wpb_wrapper\">\n\t\t\t<p>STILL HAVE QUESTIONS? CONTACT US<\/p>\n<p>CONTACT US<\/p>\n\n\t\t<\/div>\n\t<\/div>\n<\/div><\/div><\/div>","protected":false},"excerpt":{"rendered":"ManualesPuedes descargar aqu\u00edFortever FORTEVER - HALO 100 FORTEVER - FT-1503HC 1504HC FORTEVER - FT-1501HC 1502HC FORTEVER - FT-1208H FORTEVER - FT-1201 1501 Brother BROTHER-PRS-100 BROTHER-PR-600 BROTHER-PR-620 BROTHER-PR-620-ll BROTHER-PR-650 BROTHER-PR-655 BROTHER-PR-670 BROTHER-PR-680 BROTHER-PR-1000-E BROTHER-PR-1050 BROTHER-PR-1055-X Brother BROTHER-PRS-100 BROTHER-PR-600 BROTHER-PR-620 BROTHER-PR-620-ll BROTHER-PR-650 BROTHER-PR-655 BROTHER-PR-670 BROTHER-PR-680 BROTHER-PR-1000-E BROTHER-PR-1050 BROTHER-PR-1055-X Fortever FORTEVER - HALO 100 FORTEVER - FT-1503HC 1504HC [...]","protected":false},"author":5,"featured_media":0,"parent":0,"menu_order":0,"comment_status":"closed","ping_status":"closed","template":"page-visual-composer.php","meta":{"footnotes":""},"class_list":["post-6095","page","type-page","status-publish","hentry"],"yoast_head":"\n<title>Manuales &#8211; La Casa del Bordador<\/title>\n<meta name=\"description\" content=\"Accede a una amplia colecci\u00f3n de manuales y gu\u00edas de bordado en La Casa del Bordador. Aprende nuevas t\u00e9cnicas y perfecciona tu arte con nuestros recursos detallados.\" \/>\n<meta name=\"robots\" content=\"index, follow, max-snippet:-1, max-image-preview:large, max-video-preview:-1\" \/>\n<link rel=\"canonical\" href=\"https:\/\/lacasadelbordador.cl\/en\/manuales\/\" \/>\n<meta property=\"og:locale\" content=\"en\" \/>\n<meta property=\"og:type\" content=\"article\" \/>\n<meta property=\"og:title\" content=\"Manuales &amp;#8211; La Casa del Bordador\" \/>\n<meta property=\"og:description\" content=\"Accede a una amplia colecci\u00f3n de manuales y gu\u00edas de bordado en La Casa del Bordador. Aprende nuevas t\u00e9cnicas y perfecciona tu arte con nuestros recursos detallados.\" \/>\n<meta property=\"og:url\" content=\"https:\/\/lacasadelbordador.cl\/en\/manuales\/\" \/>\n<meta property=\"og:site_name\" content=\"La Casa del Bordador\" \/>\n<meta property=\"article:publisher\" content=\"https:\/\/www.facebook.com\/lacasadelbordador1\/\" \/>\n<meta property=\"article:modified_time\" content=\"2025-10-20T18:53:00+00:00\" \/>\n<meta property=\"og:image\" content=\"https:\/\/lacasadelbordador.cl\/wp-content\/uploads\/2024\/08\/logo-lcdb-v.3.jpg\" \/>\n\t<meta property=\"og:image:width\" content=\"1200\" \/>\n\t<meta property=\"og:image:height\" content=\"915\" \/>\n\t<meta property=\"og:image:type\" content=\"image\/jpeg\" \/>\n<meta name=\"twitter:card\" content=\"summary_large_image\" \/>\n<meta name=\"twitter:label1\" content=\"Est. reading time\" \/>\n\t<meta name=\"twitter:data1\" content=\"1 minute\" \/>\n<script type=\"application\/ld+json\" class=\"yoast-schema-graph\">{\"@context\":\"https:\/\/schema.org\",\"@graph\":[{\"@type\":\"WebPage\",\"@id\":\"https:\/\/lacasadelbordador.cl\/manuales\/\",\"url\":\"https:\/\/lacasadelbordador.cl\/manuales\/\",\"name\":\"Manuales &#8211; La Casa del Bordador\",\"isPartOf\":{\"@id\":\"https:\/\/lacasadelbordador.cl\/#website\"},\"datePublished\":\"2024-08-20T22:11:54+00:00\",\"dateModified\":\"2025-10-20T18:53:00+00:00\",\"description\":\"Accede a una amplia colecci\u00f3n de manuales y gu\u00edas de bordado en La Casa del Bordador. Aprende nuevas t\u00e9cnicas y perfecciona tu arte con nuestros recursos detallados.\",\"breadcrumb\":{\"@id\":\"https:\/\/lacasadelbordador.cl\/manuales\/#breadcrumb\"},\"inLanguage\":\"en-US\",\"potentialAction\":[{\"@type\":\"ReadAction\",\"target\":[\"https:\/\/lacasadelbordador.cl\/manuales\/\"]}]},{\"@type\":\"BreadcrumbList\",\"@id\":\"https:\/\/lacasadelbordador.cl\/manuales\/#breadcrumb\",\"itemListElement\":[{\"@type\":\"ListItem\",\"position\":1,\"name\":\"Portada\",\"item\":\"https:\/\/lacasadelbordador.cl\/\"},{\"@type\":\"ListItem\",\"position\":2,\"name\":\"Manuales\"}]},{\"@type\":\"WebSite\",\"@id\":\"https:\/\/lacasadelbordador.cl\/#website\",\"url\":\"https:\/\/lacasadelbordador.cl\/\",\"name\":\"La Casa del Bordador\",\"description\":\"En La Casa del Bordador podr\u00e1s encontrar repuestos, servicio tenico y bordadoras industriales. \u00a1Todo lo que necesitas para tus proyectos y dise\u00f1ar moda!\",\"publisher\":{\"@id\":\"https:\/\/lacasadelbordador.cl\/#organization\"},\"alternateName\":\"CDB\",\"potentialAction\":[{\"@type\":\"SearchAction\",\"target\":{\"@type\":\"EntryPoint\",\"urlTemplate\":\"https:\/\/lacasadelbordador.cl\/?s={search_term_string}\"},\"query-input\":{\"@type\":\"PropertyValueSpecification\",\"valueRequired\":true,\"valueName\":\"search_term_string\"}}],\"inLanguage\":\"en-US\"},{\"@type\":\"Organization\",\"@id\":\"https:\/\/lacasadelbordador.cl\/#organization\",\"name\":\"La Casa del Bordador\",\"alternateName\":\"CDB\",\"url\":\"https:\/\/lacasadelbordador.cl\/\",\"logo\":{\"@type\":\"ImageObject\",\"inLanguage\":\"en-US\",\"@id\":\"https:\/\/lacasadelbordador.cl\/#\/schema\/logo\/image\/\",\"url\":\"https:\/\/lacasadelbordador.cl\/wp-content\/uploads\/2024\/08\/logo-lcdb-v.3.jpg\",\"contentUrl\":\"https:\/\/lacasadelbordador.cl\/wp-content\/uploads\/2024\/08\/logo-lcdb-v.3.jpg\",\"width\":1200,\"height\":915,\"caption\":\"La Casa del Bordador\"},\"image\":{\"@id\":\"https:\/\/lacasadelbordador.cl\/#\/schema\/logo\/image\/\"},\"sameAs\":[\"https:\/\/www.facebook.com\/lacasadelbordador1\/\"]}]}<\/script>\n<!-- \/ Yoast SEO plugin. -->","yoast_head_json":{"title":"Manuales &#8211; La Casa del Bordador","description":"Accede a una amplia colecci\u00f3n de manuales y gu\u00edas de bordado en La Casa del Bordador. Aprende nuevas t\u00e9cnicas y perfecciona tu arte con nuestros recursos detallados.","robots":{"index":"index","follow":"follow","max-snippet":"max-snippet:-1","max-image-preview":"max-image-preview:large","max-video-preview":"max-video-preview:-1"},"canonical":"https:\/\/lacasadelbordador.cl\/en\/manuales\/","og_locale":"en_US","og_type":"article","og_title":"Manuales &#8211; La Casa del Bordador","og_description":"Accede a una amplia colecci\u00f3n de manuales y gu\u00edas de bordado en La Casa del Bordador. Aprende nuevas t\u00e9cnicas y perfecciona tu arte con nuestros recursos detallados.","og_url":"https:\/\/lacasadelbordador.cl\/en\/manuales\/","og_site_name":"La Casa del Bordador","article_publisher":"https:\/\/www.facebook.com\/lacasadelbordador1\/","article_modified_time":"2025-10-20T18:53:00+00:00","og_image":[{"width":1200,"height":915,"url":"https:\/\/lacasadelbordador.cl\/wp-content\/uploads\/2024\/08\/logo-lcdb-v.3.jpg","type":"image\/jpeg"}],"twitter_card":"summary_large_image","twitter_misc":{"Est. reading time":"1 minute"},"schema":{"@context":"https:\/\/schema.org","@graph":[{"@type":"WebPage","@id":"https:\/\/lacasadelbordador.cl\/manuales\/","url":"https:\/\/lacasadelbordador.cl\/en\/manuales\/","name":"Manuales &#8211; La Casa del Bordador","isPartOf":{"@id":"https:\/\/lacasadelbordador.cl\/#website"},"datePublished":"2024-08-20T22:11:54+00:00","dateModified":"2025-10-20T18:53:00+00:00","description":"Accede a una amplia colecci\u00f3n de manuales y gu\u00edas de bordado en La Casa del Bordador. Aprende nuevas t\u00e9cnicas y perfecciona tu arte con nuestros recursos detallados.","breadcrumb":{"@id":"https:\/\/lacasadelbordador.cl\/manuales\/#breadcrumb"},"inLanguage":"en-US","potentialAction":[{"@type":"ReadAction","target":["https:\/\/lacasadelbordador.cl\/manuales\/"]}]},{"@type":"BreadcrumbList","@id":"https:\/\/lacasadelbordador.cl\/manuales\/#breadcrumb","itemListElement":[{"@type":"ListItem","position":1,"name":"Portada","item":"https:\/\/lacasadelbordador.cl\/"},{"@type":"ListItem","position":2,"name":"Manuales"}]},{"@type":"WebSite","@id":"https:\/\/lacasadelbordador.cl\/#website","url":"https:\/\/lacasadelbordador.cl\/en\/","name":"La Casa del Bordador","description":"En La Casa del Bordador podr\u00e1s encontrar repuestos, servicio tenico y bordadoras industriales. \u00a1Todo lo que necesitas para tus proyectos y dise\u00f1ar moda!","publisher":{"@id":"https:\/\/lacasadelbordador.cl\/#organization"},"alternateName":"CDB","potentialAction":[{"@type":"SearchAction","target":{"@type":"EntryPoint","urlTemplate":"https:\/\/lacasadelbordador.cl\/?s={search_term_string}"},"query-input":{"@type":"PropertyValueSpecification","valueRequired":true,"valueName":"search_term_string"}}],"inLanguage":"en-US"},{"@type":"Organization","@id":"https:\/\/lacasadelbordador.cl\/#organization","name":"La Casa del Bordador","alternateName":"CDB","url":"https:\/\/lacasadelbordador.cl\/en\/","logo":{"@type":"ImageObject","inLanguage":"en-US","@id":"https:\/\/lacasadelbordador.cl\/#\/schema\/logo\/image\/","url":"https:\/\/lacasadelbordador.cl\/wp-content\/uploads\/2024\/08\/logo-lcdb-v.3.jpg","contentUrl":"https:\/\/lacasadelbordador.cl\/wp-content\/uploads\/2024\/08\/logo-lcdb-v.3.jpg","width":1200,"height":915,"caption":"La Casa del Bordador"},"image":{"@id":"https:\/\/lacasadelbordador.cl\/#\/schema\/logo\/image\/"},"sameAs":["https:\/\/www.facebook.com\/lacasadelbordador1\/"]}]}},"_links":{"self":[{"href":"https:\/\/lacasadelbordador.cl\/en\/wp-json\/wp\/v2\/pages\/6095","targetHints":{"allow":["GET"]}}],"collection":[{"href":"https:\/\/lacasadelbordador.cl\/en\/wp-json\/wp\/v2\/pages"}],"about":[{"href":"https:\/\/lacasadelbordador.cl\/en\/wp-json\/wp\/v2\/types\/page"}],"author":[{"embeddable":true,"href":"https:\/\/lacasadelbordador.cl\/en\/wp-json\/wp\/v2\/users\/5"}],"replies":[{"embeddable":true,"href":"https:\/\/lacasadelbordador.cl\/en\/wp-json\/wp\/v2\/comments?post=6095"}],"version-history":[{"count":28,"href":"https:\/\/lacasadelbordador.cl\/en\/wp-json\/wp\/v2\/pages\/6095\/revisions"}],"predecessor-version":[{"id":6350,"href":"https:\/\/lacasadelbordador.cl\/en\/wp-json\/wp\/v2\/pages\/6095\/revisions\/6350"}],"wp:attachment":[{"href":"https:\/\/lacasadelbordador.cl\/en\/wp-json\/wp\/v2\/media?parent=6095"}],"curies":[{"name":"wp","href":"https:\/\/api.w.org\/{rel}","templated":true}]}}