{"id":5844,"date":"2024-08-08T17:50:57","date_gmt":"2024-08-08T17:50:57","guid":{"rendered":"https:\/\/lacasadelbordador.cl\/?page_id=5844"},"modified":"2024-08-20T01:52:48","modified_gmt":"2024-08-20T01:52:48","slug":"garantias","status":"publish","type":"page","link":"https:\/\/lacasadelbordador.cl\/en\/garantias\/","title":{"rendered":"Garant\u00edas"},"content":{"rendered":"<h2 class=\"wp-block-heading\">Garant\u00edas<\/h2>\n\n\n\n<p>La Casa del Bordador,&nbsp;ofrece garant\u00eda&nbsp;limitada&nbsp;en todos sus productos y servicios, por defectos de fabricaci\u00f3n o mano de obra, para lo cual deber\u00e1 presentar cuando aplique el producto adquirido y la&nbsp;factura\/Boleta de la compra que avale su adquisici\u00f3n.<\/p>\n\n\n\n<p><strong>REPUESTOS MEC\u00c1NICOS<br><\/strong>Debido a la naturaleza de los componentes mec\u00e1nicos, al desgaste que llevan y la importancia de su correcta instalaci\u00f3n y mantenimiento, se otorgar\u00e1 una garant\u00eda limitada por defecto de fabricaci\u00f3n de 10&nbsp;d\u00edas naturales para el cambio o reparaci\u00f3n a partir de la fecha de la adquisici\u00f3n de la pieza.<\/p>\n\n\n\n<p><strong>REPUESTOS ELECTR\u00d3NICOS<br><\/strong>Debido a la naturaleza de los componentes electr\u00f3nicos, los cuales son muy sensibles y por lo tanto susceptibles de da\u00f1o, por variaciones el\u00e9ctricas de cualquier tipo, instalaciones defectuosas y mal uso entre otras, este tipo de componentes no cuentan con ning\u00fan tipo de garant\u00eda.<\/p>\n\n\n\n<p><strong>SERVICIO T\u00c9CNICO<br><\/strong>Todo servicio mec\u00e1nico ser\u00e1 garantizado por un total de 30 d\u00edas naturales a partir de la finalizaci\u00f3n del mismo, en el cual si se requiere de alguna garant\u00eda, solo se cubrir\u00e1 por los componentes, partes y mano de obra a las que se les aplic\u00f3 el servicio, cubriendo el cliente exclusivamente los vi\u00e1ticos compuestos de transporte, hospedaje y alimentos del personal.<\/p>\n\n\n\n<p><strong>SERVICIO ELECTR\u00d3NICO<br><\/strong>Todo servicio electr\u00f3nico ser\u00e1 garantizado por un total de 10 d\u00edas naturales a partir de la finalizaci\u00f3n del mismo, en el cual si se requiere de alguna garant\u00eda, solo se cubrir\u00e1 por los componentes, partes y mano de obra a las que se les aplic\u00f3 servicio, cubriendo exclusivamente los vi\u00e1ticos compuestos de transporte, hospedaje y alimentos del personal.<\/p>\n\n\n\n<p><strong>LA GARANT\u00cdA NO SER\u00c1 V\u00c1LIDA CUANDO:<\/strong><\/p>\n\n\n\n<ol class=\"wp-block-list\">\n<li>Si el art\u00edculo\u00a0presenta manipulaci\u00f3n de cualquier tipo, mala instalaci\u00f3n, se\u00f1ales de uso y\/o componentes quemados.<\/li>\n\n\n\n<li>Si no se presenta la factura\/Boleta correspondiente.<\/li>\n\n\n\n<li>Si no corresponde el n\u00famero\u00a0de serie con el art\u00edculo vendido.<\/li>\n\n\n\n<li>Si no se presenta con los empaques originales del mismo.<\/li>\n\n\n\n<li>Si no se presenta o\u00a0env\u00eda el componente a la direcci\u00f3n designada<\/li>\n<\/ol>\n\n\n\n<p><strong>NO EXISTEN<\/strong>&nbsp;DEVOLUCIONES DE PRODUCTOS ELECTR\u00d3NICOS<br><strong>NO EXISTE<\/strong>&nbsp;GARANT\u00cdA DE SATISFACCI\u00d3N<br><strong>NO EXISTE<\/strong>&nbsp;NING\u00daN TIPO DE COMPENSACI\u00d3N POR LOS TRASLADOS, GASTOS&nbsp;O&nbsp;TIEMPOS&nbsp;QUE SE TOME EL TR\u00c1MITE DE UNA GARANT\u00cdA.<\/p>\n\n\n\n<p><strong>INSTALACIONES Y SOPORTE T\u00c9CNICO<br><\/strong>La adquisici\u00f3n de las piezas, al ser destinadas para su instalaci\u00f3n por profesionales t\u00e9cnicos, no incluye ning\u00fan tipo de soporte o servicio t\u00e9cnico incluido, si al adquirir cualquier tipo de producto requiere de orientaci\u00f3n, servicio o la propia instalaci\u00f3n, est\u00e1 tendr\u00e1 un costo dependiendo del trabajo u orientaci\u00f3n a realizar, siendo variable para cada caso particular.<\/p>\n\n\n\n<p><strong>VARIACI\u00d3N DE PRODUCTO<br><\/strong>El producto final&nbsp;puede variar a las&nbsp;imagenes de los productos pubicados,&nbsp;en cuestiones est\u00e9ticas, como color, detalle, entre otros, pero no cambian en su funcionalidad u operaci\u00f3n, por lo que esto no representa ninguna falla o problema en su instalaci\u00f3n.<\/p>","protected":false},"excerpt":{"rendered":"<p>Garant\u00edas La Casa del Bordador,&nbsp;ofrece garant\u00eda&nbsp;limitada&nbsp;en todos sus productos y servicios, por defectos de fabricaci\u00f3n o mano de obra, para lo cual deber\u00e1 presentar cuando aplique el producto adquirido y la&nbsp;factura\/Boleta de la compra que avale su adquisici\u00f3n. REPUESTOS MEC\u00c1NICOSDebido a la naturaleza de los componentes mec\u00e1nicos, al desgaste que llevan y la importancia de [&hellip;]<\/p>\n","protected":false},"author":1,"featured_media":0,"parent":0,"menu_order":0,"comment_status":"closed","ping_status":"closed","template":"","meta":{"footnotes":""},"class_list":["post-5844","page","type-page","status-publish","hentry"],"yoast_head":"\n<title>Garant\u00edas &#8211; La Casa del Bordador<\/title>\n<meta name=\"description\" content=\"La Casa del Bordador ofrece garant\u00eda limitada en todos sus productos y servicios por defectos de fabricaci\u00f3n o mano de obra. Presenta tu factura o boleta para hacerla efectiva\" \/>\n<meta name=\"robots\" content=\"index, follow, max-snippet:-1, max-image-preview:large, max-video-preview:-1\" \/>\n<link rel=\"canonical\" href=\"https:\/\/lacasadelbordador.cl\/en\/garantias\/\" \/>\n<meta property=\"og:locale\" content=\"en\" \/>\n<meta property=\"og:type\" content=\"article\" \/>\n<meta property=\"og:title\" content=\"Garant\u00edas &amp;#8211; La Casa del Bordador\" \/>\n<meta property=\"og:description\" content=\"La Casa del Bordador ofrece garant\u00eda limitada en todos sus productos y servicios por defectos de fabricaci\u00f3n o mano de obra. Presenta tu factura o boleta para hacerla efectiva\" \/>\n<meta property=\"og:url\" content=\"https:\/\/lacasadelbordador.cl\/en\/garantias\/\" \/>\n<meta property=\"og:site_name\" content=\"La Casa del Bordador\" \/>\n<meta property=\"article:publisher\" content=\"https:\/\/www.facebook.com\/lacasadelbordador1\/\" \/>\n<meta property=\"article:modified_time\" content=\"2024-08-20T01:52:48+00:00\" \/>\n<meta property=\"og:image\" content=\"https:\/\/lacasadelbordador.cl\/wp-content\/uploads\/2024\/08\/logo-lcdb-v.3.jpg\" \/>\n\t<meta property=\"og:image:width\" content=\"1200\" \/>\n\t<meta property=\"og:image:height\" content=\"915\" \/>\n\t<meta property=\"og:image:type\" content=\"image\/jpeg\" \/>\n<meta name=\"twitter:card\" content=\"summary_large_image\" \/>\n<meta name=\"twitter:label1\" content=\"Est. reading time\" \/>\n\t<meta name=\"twitter:data1\" content=\"3 minutes\" \/>\n<script type=\"application\/ld+json\" class=\"yoast-schema-graph\">{\"@context\":\"https:\/\/schema.org\",\"@graph\":[{\"@type\":\"WebPage\",\"@id\":\"https:\/\/lacasadelbordador.cl\/garantias\/\",\"url\":\"https:\/\/lacasadelbordador.cl\/garantias\/\",\"name\":\"Garant\u00edas &#8211; La Casa del Bordador\",\"isPartOf\":{\"@id\":\"https:\/\/lacasadelbordador.cl\/#website\"},\"datePublished\":\"2024-08-08T17:50:57+00:00\",\"dateModified\":\"2024-08-20T01:52:48+00:00\",\"description\":\"La Casa del Bordador ofrece garant\u00eda limitada en todos sus productos y servicios por defectos de fabricaci\u00f3n o mano de obra. Presenta tu factura o boleta para hacerla efectiva\",\"breadcrumb\":{\"@id\":\"https:\/\/lacasadelbordador.cl\/garantias\/#breadcrumb\"},\"inLanguage\":\"en-US\",\"potentialAction\":[{\"@type\":\"ReadAction\",\"target\":[\"https:\/\/lacasadelbordador.cl\/garantias\/\"]}]},{\"@type\":\"BreadcrumbList\",\"@id\":\"https:\/\/lacasadelbordador.cl\/garantias\/#breadcrumb\",\"itemListElement\":[{\"@type\":\"ListItem\",\"position\":1,\"name\":\"Portada\",\"item\":\"https:\/\/lacasadelbordador.cl\/\"},{\"@type\":\"ListItem\",\"position\":2,\"name\":\"Garant\u00edas\"}]},{\"@type\":\"WebSite\",\"@id\":\"https:\/\/lacasadelbordador.cl\/#website\",\"url\":\"https:\/\/lacasadelbordador.cl\/\",\"name\":\"La Casa del Bordador\",\"description\":\"En La Casa del Bordador podr\u00e1s encontrar repuestos, servicio tenico y bordadoras industriales. \u00a1Todo lo que necesitas para tus proyectos y dise\u00f1ar moda!\",\"publisher\":{\"@id\":\"https:\/\/lacasadelbordador.cl\/#organization\"},\"alternateName\":\"CDB\",\"potentialAction\":[{\"@type\":\"SearchAction\",\"target\":{\"@type\":\"EntryPoint\",\"urlTemplate\":\"https:\/\/lacasadelbordador.cl\/?s={search_term_string}\"},\"query-input\":{\"@type\":\"PropertyValueSpecification\",\"valueRequired\":true,\"valueName\":\"search_term_string\"}}],\"inLanguage\":\"en-US\"},{\"@type\":\"Organization\",\"@id\":\"https:\/\/lacasadelbordador.cl\/#organization\",\"name\":\"La Casa del Bordador\",\"alternateName\":\"CDB\",\"url\":\"https:\/\/lacasadelbordador.cl\/\",\"logo\":{\"@type\":\"ImageObject\",\"inLanguage\":\"en-US\",\"@id\":\"https:\/\/lacasadelbordador.cl\/#\/schema\/logo\/image\/\",\"url\":\"https:\/\/lacasadelbordador.cl\/wp-content\/uploads\/2024\/08\/logo-lcdb-v.3.jpg\",\"contentUrl\":\"https:\/\/lacasadelbordador.cl\/wp-content\/uploads\/2024\/08\/logo-lcdb-v.3.jpg\",\"width\":1200,\"height\":915,\"caption\":\"La Casa del Bordador\"},\"image\":{\"@id\":\"https:\/\/lacasadelbordador.cl\/#\/schema\/logo\/image\/\"},\"sameAs\":[\"https:\/\/www.facebook.com\/lacasadelbordador1\/\"]}]}<\/script>\n<!-- \/ Yoast SEO plugin. -->","yoast_head_json":{"title":"Garant\u00edas &#8211; La Casa del Bordador","description":"La Casa del Bordador ofrece garant\u00eda limitada en todos sus productos y servicios por defectos de fabricaci\u00f3n o mano de obra. Presenta tu factura o boleta para hacerla efectiva","robots":{"index":"index","follow":"follow","max-snippet":"max-snippet:-1","max-image-preview":"max-image-preview:large","max-video-preview":"max-video-preview:-1"},"canonical":"https:\/\/lacasadelbordador.cl\/en\/garantias\/","og_locale":"en_US","og_type":"article","og_title":"Garant\u00edas &#8211; La Casa del Bordador","og_description":"La Casa del Bordador ofrece garant\u00eda limitada en todos sus productos y servicios por defectos de fabricaci\u00f3n o mano de obra. Presenta tu factura o boleta para hacerla efectiva","og_url":"https:\/\/lacasadelbordador.cl\/en\/garantias\/","og_site_name":"La Casa del Bordador","article_publisher":"https:\/\/www.facebook.com\/lacasadelbordador1\/","article_modified_time":"2024-08-20T01:52:48+00:00","og_image":[{"width":1200,"height":915,"url":"https:\/\/lacasadelbordador.cl\/wp-content\/uploads\/2024\/08\/logo-lcdb-v.3.jpg","type":"image\/jpeg"}],"twitter_card":"summary_large_image","twitter_misc":{"Est. reading time":"3 minutes"},"schema":{"@context":"https:\/\/schema.org","@graph":[{"@type":"WebPage","@id":"https:\/\/lacasadelbordador.cl\/garantias\/","url":"https:\/\/lacasadelbordador.cl\/en\/garantias\/","name":"Garant\u00edas &#8211; La Casa del Bordador","isPartOf":{"@id":"https:\/\/lacasadelbordador.cl\/#website"},"datePublished":"2024-08-08T17:50:57+00:00","dateModified":"2024-08-20T01:52:48+00:00","description":"La Casa del Bordador ofrece garant\u00eda limitada en todos sus productos y servicios por defectos de fabricaci\u00f3n o mano de obra. Presenta tu factura o boleta para hacerla efectiva","breadcrumb":{"@id":"https:\/\/lacasadelbordador.cl\/garantias\/#breadcrumb"},"inLanguage":"en-US","potentialAction":[{"@type":"ReadAction","target":["https:\/\/lacasadelbordador.cl\/garantias\/"]}]},{"@type":"BreadcrumbList","@id":"https:\/\/lacasadelbordador.cl\/garantias\/#breadcrumb","itemListElement":[{"@type":"ListItem","position":1,"name":"Portada","item":"https:\/\/lacasadelbordador.cl\/"},{"@type":"ListItem","position":2,"name":"Garant\u00edas"}]},{"@type":"WebSite","@id":"https:\/\/lacasadelbordador.cl\/#website","url":"https:\/\/lacasadelbordador.cl\/en\/","name":"La Casa del Bordador","description":"En La Casa del Bordador podr\u00e1s encontrar repuestos, servicio tenico y bordadoras industriales. \u00a1Todo lo que necesitas para tus proyectos y dise\u00f1ar moda!","publisher":{"@id":"https:\/\/lacasadelbordador.cl\/#organization"},"alternateName":"CDB","potentialAction":[{"@type":"SearchAction","target":{"@type":"EntryPoint","urlTemplate":"https:\/\/lacasadelbordador.cl\/?s={search_term_string}"},"query-input":{"@type":"PropertyValueSpecification","valueRequired":true,"valueName":"search_term_string"}}],"inLanguage":"en-US"},{"@type":"Organization","@id":"https:\/\/lacasadelbordador.cl\/#organization","name":"La Casa del Bordador","alternateName":"CDB","url":"https:\/\/lacasadelbordador.cl\/en\/","logo":{"@type":"ImageObject","inLanguage":"en-US","@id":"https:\/\/lacasadelbordador.cl\/#\/schema\/logo\/image\/","url":"https:\/\/lacasadelbordador.cl\/wp-content\/uploads\/2024\/08\/logo-lcdb-v.3.jpg","contentUrl":"https:\/\/lacasadelbordador.cl\/wp-content\/uploads\/2024\/08\/logo-lcdb-v.3.jpg","width":1200,"height":915,"caption":"La Casa del Bordador"},"image":{"@id":"https:\/\/lacasadelbordador.cl\/#\/schema\/logo\/image\/"},"sameAs":["https:\/\/www.facebook.com\/lacasadelbordador1\/"]}]}},"_links":{"self":[{"href":"https:\/\/lacasadelbordador.cl\/en\/wp-json\/wp\/v2\/pages\/5844","targetHints":{"allow":["GET"]}}],"collection":[{"href":"https:\/\/lacasadelbordador.cl\/en\/wp-json\/wp\/v2\/pages"}],"about":[{"href":"https:\/\/lacasadelbordador.cl\/en\/wp-json\/wp\/v2\/types\/page"}],"author":[{"embeddable":true,"href":"https:\/\/lacasadelbordador.cl\/en\/wp-json\/wp\/v2\/users\/1"}],"replies":[{"embeddable":true,"href":"https:\/\/lacasadelbordador.cl\/en\/wp-json\/wp\/v2\/comments?post=5844"}],"version-history":[{"count":1,"href":"https:\/\/lacasadelbordador.cl\/en\/wp-json\/wp\/v2\/pages\/5844\/revisions"}],"predecessor-version":[{"id":5845,"href":"https:\/\/lacasadelbordador.cl\/en\/wp-json\/wp\/v2\/pages\/5844\/revisions\/5845"}],"wp:attachment":[{"href":"https:\/\/lacasadelbordador.cl\/en\/wp-json\/wp\/v2\/media?parent=5844"}],"curies":[{"name":"wp","href":"https:\/\/api.w.org\/{rel}","templated":true}]}}